{"id":13312,"date":"2023-11-20T13:49:44","date_gmt":"2023-11-20T13:49:44","guid":{"rendered":"https:\/\/www.le34.dk\/ny-lovhjemmel-til-ekspropriation-til-anlaeg\/"},"modified":"2024-01-15T14:59:37","modified_gmt":"2024-01-15T14:59:37","slug":"ny-lovhjemmel-til-ekspropriation-til-anlaeg","status":"publish","type":"page","link":"https:\/\/www.le34.dk\/da\/ny-lovhjemmel-til-ekspropriation-til-anlaeg\/","title":{"rendered":"Ny lovhjemmel til ekspropriation til anl\u00e6g i forbindelse med fangst og lagring af CO-2 forventes at v\u00e6re p\u00e5 vej"},"content":{"rendered":"<p>29.11.2023<br \/>\nI det nyligt offentliggjorte lovprogram for 2023\/2024 ses, at en ny lov er p\u00e5 programmet: \u201dLov om r\u00f8rf\u00f8rt transport af CO\u00ad2\u201d. Lovforslaget er en opf\u00f8lgning p\u00e5 den politiske aftale \u201dKlimahandling \u2013 Vejen til fangst og lagring af CO\u00ad2 i 2030\u201d.<br \/>\nI undergrundsloven er der hjemmel til at ekspropriere til n\u00f8dvendig infrastruktur til lagring af CO\u00ad2 i undergrunden, men der mangler en hjemmel til ekspropriation til andre transportform\u00e5l, f.eks. CO\u00ad2-r\u00f8rledninger fra industri- og produktionsanl\u00e6g til et Power-to-x-anl\u00e6g.<\/p>\n<p>Fangst og lagring af CO-2<br \/>\nDen f\u00f8rste CO\u00ad2 er i \u00e5r blevet lagret i Nords\u00f8en i Danmark, og det er formentlig kun begyndelsen. Der er en spirende udvikling i gang p\u00e5 omr\u00e5det, og det er ikke kun muligt at lagre CO\u00ad2 i undergrunden, men ogs\u00e5 \u201dgenanvende\u201d det i gr\u00f8nne br\u00e6ndsler. Staten har derfor afsat ca. 38 milliarder kroner til fangst og lagring af CO\u00ad2 (CCS), og teknologien bliver betegnet som et potentielt gr\u00f8nt erhvervseventyr for Danmark.\u00a0\u00a0<br \/>\nLovforslaget er ikke offentliggjort endnu og en ny hjemmel til ekspropriation fremg\u00e5r ikke direkte af lovprogrammet. Det fremg\u00e5r derimod af statens publikation \u201dKlimahandling \u2013 I m\u00e5l med fangst og lagring af CO\u00ad2\u201d, at den nye lov skal sikre klare regler for ekspropriation til alle former for r\u00f8rf\u00f8rt CO\u00ad2-transport. Det m\u00e5 derfor forventes, at den nye lovhjemmel til ekspropriation medtages i det kommende lovforslag, der i publikationen omtales som en \u201dNy hovedlov om r\u00f8rf\u00f8rt transport af CO2\u201d.<br \/>\nDet vil betyde, at det vil blive muligt at ekspropriere til ledningsinfrastruktur til transport af CO\u00ad2 til f.eks. power-to-x-anl\u00e6g, hvor CO\u00ad2 og elektricitet kan omdannes til gr\u00f8nne br\u00e6ndsler til brug for de store og tunge transportformer som fly- og lastbiltrafik.<br \/>\nVi ser frem til at gennemg\u00e5 lovforslaget.<\/p>\n<p>Se publikationen \u201dKlimahandling \u2013 I m\u00e5l med fangst og lagring af CO-2<br \/>\nSe lovprogram for Folketings\u00e5ret 2023-2024<br \/>\nSe alle nyheder fra Vejjura<\/p>\n<p>Kontakt eksperterne<\/p>\n<p>Kenneth Holme Poulsen<br \/>\nVibeke St\u00e6rdahl Nielsen<br \/>\nGert M. Henningsen<br \/>\nJonathan Overgaard Markman<br \/>\nRen\u00e9 Aggersbjerg<br \/>\nS\u00f8ren Henriksen<br \/>\nThomas Normann Asmussen<br \/>\nErik Jeppesen<br \/>\nMartin Korgaard<br \/>\nDaniel Lundeman Lind<\/p>\n","protected":false},"excerpt":{"rendered":"<p>29.11.2023 I det nyligt offentliggjorte lovprogram for 2023\/2024 ses, at en ny lov er p\u00e5 programmet: \u201dLov om r\u00f8rf\u00f8rt transport af CO\u00ad2\u201d. Lovforslaget er en opf\u00f8lgning p\u00e5 den politiske aftale \u201dKlimahandling \u2013 Vejen til fangst og lagring af CO\u00ad2 i 2030\u201d. I undergrundsloven er der hjemmel til at ekspropriere til n\u00f8dvendig infrastruktur til lagring af [&hellip;]<\/p>\n","protected":false},"author":3,"featured_media":0,"parent":0,"menu_order":0,"comment_status":"closed","ping_status":"closed","template":"","meta":{"_acf_changed":false,"footnotes":""},"class_list":["post-13312","page","type-page","status-publish","hentry"],"acf":[],"yoast_head":"<!-- This site is optimized with the Yoast SEO plugin v27.5 - https:\/\/yoast.com\/product\/yoast-seo-wordpress\/ -->\n<title>Ny lovhjemmel til ekspropriation til anl\u00e6g<\/title>\n<meta name=\"robots\" content=\"index, follow, max-snippet:-1, max-image-preview:large, max-video-preview:-1\" \/>\n<link rel=\"canonical\" href=\"https:\/\/www.le34.dk\/da\/ny-lovhjemmel-til-ekspropriation-til-anlaeg\/\" \/>\n<meta property=\"og:locale\" content=\"da_DK\" \/>\n<meta property=\"og:type\" content=\"article\" \/>\n<meta property=\"og:title\" content=\"Ny lovhjemmel til ekspropriation til anl\u00e6g\" \/>\n<meta property=\"og:description\" content=\"29.11.2023 I det nyligt offentliggjorte lovprogram for 2023\/2024 ses, at en ny lov er p\u00e5 programmet: \u201dLov om r\u00f8rf\u00f8rt transport af CO\u00ad2\u201d. Lovforslaget er en opf\u00f8lgning p\u00e5 den politiske aftale \u201dKlimahandling \u2013 Vejen til fangst og lagring af CO\u00ad2 i 2030\u201d. I undergrundsloven er der hjemmel til at ekspropriere til n\u00f8dvendig infrastruktur til lagring af [&hellip;]\" \/>\n<meta property=\"og:url\" content=\"https:\/\/www.le34.dk\/da\/ny-lovhjemmel-til-ekspropriation-til-anlaeg\/\" \/>\n<meta property=\"og:site_name\" content=\"LE34\" \/>\n<meta property=\"article:modified_time\" content=\"2024-01-15T14:59:37+00:00\" \/>\n<meta name=\"twitter:card\" content=\"summary_large_image\" \/>\n<meta name=\"twitter:label1\" content=\"Estimeret l\u00e6setid\" \/>\n\t<meta name=\"twitter:data1\" content=\"2 minutter\" \/>\n<script type=\"application\/ld+json\" class=\"yoast-schema-graph\">{\"@context\":\"https:\\\/\\\/schema.org\",\"@graph\":[{\"@type\":\"WebPage\",\"@id\":\"https:\\\/\\\/www.le34.dk\\\/da\\\/ny-lovhjemmel-til-ekspropriation-til-anlaeg\\\/\",\"url\":\"https:\\\/\\\/www.le34.dk\\\/da\\\/ny-lovhjemmel-til-ekspropriation-til-anlaeg\\\/\",\"name\":\"Ny lovhjemmel til ekspropriation til anl\u00e6g\",\"isPartOf\":{\"@id\":\"https:\\\/\\\/www.le34.dk\\\/da\\\/#website\"},\"datePublished\":\"2023-11-20T13:49:44+00:00\",\"dateModified\":\"2024-01-15T14:59:37+00:00\",\"breadcrumb\":{\"@id\":\"https:\\\/\\\/www.le34.dk\\\/da\\\/ny-lovhjemmel-til-ekspropriation-til-anlaeg\\\/#breadcrumb\"},\"inLanguage\":\"da-DK\",\"potentialAction\":[{\"@type\":\"ReadAction\",\"target\":[\"https:\\\/\\\/www.le34.dk\\\/da\\\/ny-lovhjemmel-til-ekspropriation-til-anlaeg\\\/\"]}]},{\"@type\":\"BreadcrumbList\",\"@id\":\"https:\\\/\\\/www.le34.dk\\\/da\\\/ny-lovhjemmel-til-ekspropriation-til-anlaeg\\\/#breadcrumb\",\"itemListElement\":[{\"@type\":\"ListItem\",\"position\":1,\"name\":\"Home\",\"item\":\"https:\\\/\\\/www.le34.dk\\\/da\\\/\"},{\"@type\":\"ListItem\",\"position\":2,\"name\":\"Ny lovhjemmel til ekspropriation til anl\u00e6g i forbindelse med fangst og lagring af CO-2 forventes at v\u00e6re p\u00e5 vej\"}]},{\"@type\":\"WebSite\",\"@id\":\"https:\\\/\\\/www.le34.dk\\\/da\\\/#website\",\"url\":\"https:\\\/\\\/www.le34.dk\\\/da\\\/\",\"name\":\"LE34\",\"description\":\"\",\"potentialAction\":[{\"@type\":\"SearchAction\",\"target\":{\"@type\":\"EntryPoint\",\"urlTemplate\":\"https:\\\/\\\/www.le34.dk\\\/da\\\/?s={search_term_string}\"},\"query-input\":{\"@type\":\"PropertyValueSpecification\",\"valueRequired\":true,\"valueName\":\"search_term_string\"}}],\"inLanguage\":\"da-DK\"}]}<\/script>\n<!-- \/ Yoast SEO plugin. -->","yoast_head_json":{"title":"Ny lovhjemmel til ekspropriation til anl\u00e6g","robots":{"index":"index","follow":"follow","max-snippet":"max-snippet:-1","max-image-preview":"max-image-preview:large","max-video-preview":"max-video-preview:-1"},"canonical":"https:\/\/www.le34.dk\/da\/ny-lovhjemmel-til-ekspropriation-til-anlaeg\/","og_locale":"da_DK","og_type":"article","og_title":"Ny lovhjemmel til ekspropriation til anl\u00e6g","og_description":"29.11.2023 I det nyligt offentliggjorte lovprogram for 2023\/2024 ses, at en ny lov er p\u00e5 programmet: \u201dLov om r\u00f8rf\u00f8rt transport af CO\u00ad2\u201d. Lovforslaget er en opf\u00f8lgning p\u00e5 den politiske aftale \u201dKlimahandling \u2013 Vejen til fangst og lagring af CO\u00ad2 i 2030\u201d. I undergrundsloven er der hjemmel til at ekspropriere til n\u00f8dvendig infrastruktur til lagring af [&hellip;]","og_url":"https:\/\/www.le34.dk\/da\/ny-lovhjemmel-til-ekspropriation-til-anlaeg\/","og_site_name":"LE34","article_modified_time":"2024-01-15T14:59:37+00:00","twitter_card":"summary_large_image","twitter_misc":{"Estimeret l\u00e6setid":"2 minutter"},"schema":{"@context":"https:\/\/schema.org","@graph":[{"@type":"WebPage","@id":"https:\/\/www.le34.dk\/da\/ny-lovhjemmel-til-ekspropriation-til-anlaeg\/","url":"https:\/\/www.le34.dk\/da\/ny-lovhjemmel-til-ekspropriation-til-anlaeg\/","name":"Ny lovhjemmel til ekspropriation til anl\u00e6g","isPartOf":{"@id":"https:\/\/www.le34.dk\/da\/#website"},"datePublished":"2023-11-20T13:49:44+00:00","dateModified":"2024-01-15T14:59:37+00:00","breadcrumb":{"@id":"https:\/\/www.le34.dk\/da\/ny-lovhjemmel-til-ekspropriation-til-anlaeg\/#breadcrumb"},"inLanguage":"da-DK","potentialAction":[{"@type":"ReadAction","target":["https:\/\/www.le34.dk\/da\/ny-lovhjemmel-til-ekspropriation-til-anlaeg\/"]}]},{"@type":"BreadcrumbList","@id":"https:\/\/www.le34.dk\/da\/ny-lovhjemmel-til-ekspropriation-til-anlaeg\/#breadcrumb","itemListElement":[{"@type":"ListItem","position":1,"name":"Home","item":"https:\/\/www.le34.dk\/da\/"},{"@type":"ListItem","position":2,"name":"Ny lovhjemmel til ekspropriation til anl\u00e6g i forbindelse med fangst og lagring af CO-2 forventes at v\u00e6re p\u00e5 vej"}]},{"@type":"WebSite","@id":"https:\/\/www.le34.dk\/da\/#website","url":"https:\/\/www.le34.dk\/da\/","name":"LE34","description":"","potentialAction":[{"@type":"SearchAction","target":{"@type":"EntryPoint","urlTemplate":"https:\/\/www.le34.dk\/da\/?s={search_term_string}"},"query-input":{"@type":"PropertyValueSpecification","valueRequired":true,"valueName":"search_term_string"}}],"inLanguage":"da-DK"}]}},"_links":{"self":[{"href":"https:\/\/www.le34.dk\/da\/wp-json\/wp\/v2\/pages\/13312","targetHints":{"allow":["GET"]}}],"collection":[{"href":"https:\/\/www.le34.dk\/da\/wp-json\/wp\/v2\/pages"}],"about":[{"href":"https:\/\/www.le34.dk\/da\/wp-json\/wp\/v2\/types\/page"}],"author":[{"embeddable":true,"href":"https:\/\/www.le34.dk\/da\/wp-json\/wp\/v2\/users\/3"}],"replies":[{"embeddable":true,"href":"https:\/\/www.le34.dk\/da\/wp-json\/wp\/v2\/comments?post=13312"}],"version-history":[{"count":1,"href":"https:\/\/www.le34.dk\/da\/wp-json\/wp\/v2\/pages\/13312\/revisions"}],"predecessor-version":[{"id":13634,"href":"https:\/\/www.le34.dk\/da\/wp-json\/wp\/v2\/pages\/13312\/revisions\/13634"}],"wp:attachment":[{"href":"https:\/\/www.le34.dk\/da\/wp-json\/wp\/v2\/media?parent=13312"}],"curies":[{"name":"wp","href":"https:\/\/api.w.org\/{rel}","templated":true}]}}