{"id":13197,"date":"2023-11-20T11:57:32","date_gmt":"2023-11-20T11:57:32","guid":{"rendered":"https:\/\/www.le34.dk\/lov-om-private-faellesveje-igen-i-lovprogrammet\/"},"modified":"2024-01-15T14:58:40","modified_gmt":"2024-01-15T14:58:40","slug":"lov-om-private-faellesveje-igen-i-lovprogrammet","status":"publish","type":"page","link":"https:\/\/www.le34.dk\/da\/lov-om-private-faellesveje-igen-i-lovprogrammet\/","title":{"rendered":"Lov om private f\u00e6llesveje igen i lovprogrammet"},"content":{"rendered":"<p>29.11.2023<br \/>\nI private f\u00e6llesveje og udlagte private f\u00e6llesveje i byer og bym\u00e6ssige omr\u00e5der kr\u00e6ver opgravning og etablering af ledninger kommunalbestyrelsens tilladelse. Det kan grundejeren ikke mods\u00e6tte sig.<br \/>\nEn lignende bestemmelse findes ikke i reglerne for private f\u00e6llesveje p\u00e5 landet (afsnit II i privatvejsloven). Hvis der skal anbringes ledninger i private f\u00e6llesveje p\u00e5 landet, kan det derfor alene ske med baggrund i en privatretlig aftale, og det kan derfor i praksis medf\u00f8re udfordringer at etablere den n\u00f8dvendige infrastruktur til ejendomme og boliger p\u00e5 landet \u2013 det er baggrunden for lovforslaget.<\/p>\n<p>Ledninger i private f\u00e6llesveje p\u00e5 landet<br \/>\nI folketings\u00e5ret 2022\/2023 blev L 19 fremlagt \u2013 Forslag til lov om \u00e6ndring af lov om private f\u00e6llesveje. Et folketingsvalg kom i vejen, og lovforslaget bortfaldt herefter ved udskrivelsen af valget.<br \/>\nKort fortalt havde lovforslaget baggrund i en aftale af 21. december 2021 om \u201dEn markedsbaseret og teknologineutral telepolitik\u201d indg\u00e5et mellem regeringen (S) og en r\u00e6kke andre partier. Som f\u00f8lge af privatvejslovens regler kan der opst\u00e5 situationer, hvor husstande p\u00e5 landet ikke kan serviceres med bredb\u00e5nd og lignende, og dermed vanskeligg\u00f8res muligheden for at arbejde hjemmefra eller deltage i digital undervisning, som det beskrives i lovforslaget, der b\u00e6rer pr\u00e6g af at stamme fra \u201dcorona-tiden\u201d. Det er derfor \u00f8nsket, at kommunalbestyrelsen skal kunne tillade og p\u00e5tvinge \u2013 over for lodsejer \u2013 at der nedgraves kabler i private f\u00e6llesveje p\u00e5 landet. Lovforslaget omfattede alene \u201dkabler til elektroniske kommunikationsnet\u201d.<br \/>\nAf det nyligt udgivne lovprogram for folketings\u00e5ret 2023\/2024 er en lignende \u00e6ndring nu p\u00e5 dagsordenen \u2013 dog med en v\u00e6sentlig \u00e6ndring.<br \/>\nRegeringen mener nemlig nu \u2013 \u201dset i lyset af den seneste udvikling p\u00e5 forsyningsomr\u00e5det\u201d \u2013 at lov\u00e6ndringen ogs\u00e5 skal omfatte andre typer af infrastrukturledninger for at sikre en generel forsyningssikkerhed til boliger og virksomheder p\u00e5 landet. Lovforslaget, \u2019L 16 Forslag til lov om \u00e6ndring af private f\u00e6llesveje [\u2026]\u2019, blev fremsat 4. oktober 2023 og er i skrivende stund under 1. behandling af Folketinget. 2. behandling forventes d. 28. november og 3. behandling d. 30. november. Lovforslaget forventes at tr\u00e6de i kraft 1. januar 2024.<br \/>\nLov\u00e6ndringen foruds\u00e6tter en bekendtg\u00f8relse, som skal fastl\u00e6gge hvilke typer infrastruktur, der er omfattet af bestemmelserne.<\/p>\n<p>Foruds\u00e6tninger for at kommunalbestyrelsen kan tillade placering af ledninger og kabler<br \/>\nMuligheden for at kommunalbestyrelsen kan tillade placering af ledninger og kabler uden ejers accept bliver f\u00f8rst aktuel, hvis der ikke kan opn\u00e5s enighed mellem vejejer og ledningsejer, jf. forslagets \u00a7 24 a. Anl\u00e6gget vil ligge efter privatvejslovens g\u00e6steprincip i \u00a7 70. Ledningsejer kan ans\u00f8ge kommunalbestyrelsen, n\u00e5r det kan sandsynligg\u00f8res, at der ikke kan indg\u00e5s en frivillig aftale, som alts\u00e5 fortsat er udgangspunktet.<br \/>\nLovforslagets \u00a7 24 a, stk. 1 og 7 indeholder en foruds\u00e6tning om, at der vedtages en bekendtg\u00f8relse, der fastl\u00e6gger hvilke typer infrastruktur som er omfattet, f\u00f8r bestemmelsen kan anvendes.<br \/>\nDet er ogs\u00e5 en tilf\u00f8jelse i forhold til det tidligere lovforslag og er en naturlig konsekvens af, at bestemmelsen nu omfatter ledninger og kabler i bred forstand og ikke l\u00e6ngere alene elektronisk kommunikation, hvilket i \u00f8vrigt er positivt for ledningsejerne.<\/p>\n<p>Lovforslagets anden og problematiske del er droppet<br \/>\nDet oprindelige lovforslag indeholdt \u00a7 24 b, der fastlagde, at ledningsejere skal tinglyse en deklaration om anl\u00e6ggets tilstedev\u00e6relse og afholde udgifterne i den forbindelse. Deklarationen skulle kunne tinglyses uden ejerens samtykke.<br \/>\nDette er ikke l\u00e6ngere en del af lovforslaget, hvilket er positivt, da den ikke n\u00e6rmere definerede deklaration og ordlyd heraf ville kunne give anledning til store diskussioner og uenigheder.<\/p>\n<p>Se lovforslaget og Folketingets behandling<br \/>\nSe lovprogram for Folketings\u00e5ret 2023-2024<br \/>\nSe alle nyheder fra Vejjura<\/p>\n<p>Kontakt eksperterne<\/p>\n<p>Kenneth Holme Poulsen<br \/>\nVibeke St\u00e6rdahl Nielsen<br \/>\nGert M. Henningsen<br \/>\nJonathan Overgaard Markman<br \/>\nRen\u00e9 Aggersbjerg<br \/>\nS\u00f8ren Henriksen<br \/>\nThomas Normann Asmussen<br \/>\nErik Jeppesen<br \/>\nMartin Korgaard<br \/>\nDaniel Lundeman Lind<\/p>\n","protected":false},"excerpt":{"rendered":"<p>29.11.2023 I private f\u00e6llesveje og udlagte private f\u00e6llesveje i byer og bym\u00e6ssige omr\u00e5der kr\u00e6ver opgravning og etablering af ledninger kommunalbestyrelsens tilladelse. Det kan grundejeren ikke mods\u00e6tte sig. En lignende bestemmelse findes ikke i reglerne for private f\u00e6llesveje p\u00e5 landet (afsnit II i privatvejsloven). Hvis der skal anbringes ledninger i private f\u00e6llesveje p\u00e5 landet, kan det [&hellip;]<\/p>\n","protected":false},"author":3,"featured_media":0,"parent":0,"menu_order":0,"comment_status":"closed","ping_status":"closed","template":"","meta":{"_acf_changed":false,"footnotes":""},"class_list":["post-13197","page","type-page","status-publish","hentry"],"acf":[],"yoast_head":"<!-- This site is optimized with the Yoast SEO plugin v27.5 - https:\/\/yoast.com\/product\/yoast-seo-wordpress\/ -->\n<title>Lov om private f\u00e6llesveje igen i lovprogrammet<\/title>\n<meta name=\"robots\" content=\"index, follow, max-snippet:-1, max-image-preview:large, max-video-preview:-1\" \/>\n<link rel=\"canonical\" href=\"https:\/\/www.le34.dk\/da\/lov-om-private-faellesveje-igen-i-lovprogrammet\/\" \/>\n<meta property=\"og:locale\" content=\"da_DK\" \/>\n<meta property=\"og:type\" content=\"article\" \/>\n<meta property=\"og:title\" content=\"Lov om private f\u00e6llesveje igen i lovprogrammet\" \/>\n<meta property=\"og:description\" content=\"29.11.2023 I private f\u00e6llesveje og udlagte private f\u00e6llesveje i byer og bym\u00e6ssige omr\u00e5der kr\u00e6ver opgravning og etablering af ledninger kommunalbestyrelsens tilladelse. Det kan grundejeren ikke mods\u00e6tte sig. En lignende bestemmelse findes ikke i reglerne for private f\u00e6llesveje p\u00e5 landet (afsnit II i privatvejsloven). Hvis der skal anbringes ledninger i private f\u00e6llesveje p\u00e5 landet, kan det [&hellip;]\" \/>\n<meta property=\"og:url\" content=\"https:\/\/www.le34.dk\/da\/lov-om-private-faellesveje-igen-i-lovprogrammet\/\" \/>\n<meta property=\"og:site_name\" content=\"LE34\" \/>\n<meta property=\"article:modified_time\" content=\"2024-01-15T14:58:40+00:00\" \/>\n<meta name=\"twitter:card\" content=\"summary_large_image\" \/>\n<meta name=\"twitter:label1\" content=\"Estimeret l\u00e6setid\" \/>\n\t<meta name=\"twitter:data1\" content=\"3 minutter\" \/>\n<script type=\"application\/ld+json\" class=\"yoast-schema-graph\">{\"@context\":\"https:\\\/\\\/schema.org\",\"@graph\":[{\"@type\":\"WebPage\",\"@id\":\"https:\\\/\\\/www.le34.dk\\\/da\\\/lov-om-private-faellesveje-igen-i-lovprogrammet\\\/\",\"url\":\"https:\\\/\\\/www.le34.dk\\\/da\\\/lov-om-private-faellesveje-igen-i-lovprogrammet\\\/\",\"name\":\"Lov om private f\u00e6llesveje igen i lovprogrammet\",\"isPartOf\":{\"@id\":\"https:\\\/\\\/www.le34.dk\\\/da\\\/#website\"},\"datePublished\":\"2023-11-20T11:57:32+00:00\",\"dateModified\":\"2024-01-15T14:58:40+00:00\",\"breadcrumb\":{\"@id\":\"https:\\\/\\\/www.le34.dk\\\/da\\\/lov-om-private-faellesveje-igen-i-lovprogrammet\\\/#breadcrumb\"},\"inLanguage\":\"da-DK\",\"potentialAction\":[{\"@type\":\"ReadAction\",\"target\":[\"https:\\\/\\\/www.le34.dk\\\/da\\\/lov-om-private-faellesveje-igen-i-lovprogrammet\\\/\"]}]},{\"@type\":\"BreadcrumbList\",\"@id\":\"https:\\\/\\\/www.le34.dk\\\/da\\\/lov-om-private-faellesveje-igen-i-lovprogrammet\\\/#breadcrumb\",\"itemListElement\":[{\"@type\":\"ListItem\",\"position\":1,\"name\":\"Home\",\"item\":\"https:\\\/\\\/www.le34.dk\\\/da\\\/\"},{\"@type\":\"ListItem\",\"position\":2,\"name\":\"Lov om private f\u00e6llesveje igen i lovprogrammet\"}]},{\"@type\":\"WebSite\",\"@id\":\"https:\\\/\\\/www.le34.dk\\\/da\\\/#website\",\"url\":\"https:\\\/\\\/www.le34.dk\\\/da\\\/\",\"name\":\"LE34\",\"description\":\"\",\"potentialAction\":[{\"@type\":\"SearchAction\",\"target\":{\"@type\":\"EntryPoint\",\"urlTemplate\":\"https:\\\/\\\/www.le34.dk\\\/da\\\/?s={search_term_string}\"},\"query-input\":{\"@type\":\"PropertyValueSpecification\",\"valueRequired\":true,\"valueName\":\"search_term_string\"}}],\"inLanguage\":\"da-DK\"}]}<\/script>\n<!-- \/ Yoast SEO plugin. -->","yoast_head_json":{"title":"Lov om private f\u00e6llesveje igen i lovprogrammet","robots":{"index":"index","follow":"follow","max-snippet":"max-snippet:-1","max-image-preview":"max-image-preview:large","max-video-preview":"max-video-preview:-1"},"canonical":"https:\/\/www.le34.dk\/da\/lov-om-private-faellesveje-igen-i-lovprogrammet\/","og_locale":"da_DK","og_type":"article","og_title":"Lov om private f\u00e6llesveje igen i lovprogrammet","og_description":"29.11.2023 I private f\u00e6llesveje og udlagte private f\u00e6llesveje i byer og bym\u00e6ssige omr\u00e5der kr\u00e6ver opgravning og etablering af ledninger kommunalbestyrelsens tilladelse. Det kan grundejeren ikke mods\u00e6tte sig. En lignende bestemmelse findes ikke i reglerne for private f\u00e6llesveje p\u00e5 landet (afsnit II i privatvejsloven). Hvis der skal anbringes ledninger i private f\u00e6llesveje p\u00e5 landet, kan det [&hellip;]","og_url":"https:\/\/www.le34.dk\/da\/lov-om-private-faellesveje-igen-i-lovprogrammet\/","og_site_name":"LE34","article_modified_time":"2024-01-15T14:58:40+00:00","twitter_card":"summary_large_image","twitter_misc":{"Estimeret l\u00e6setid":"3 minutter"},"schema":{"@context":"https:\/\/schema.org","@graph":[{"@type":"WebPage","@id":"https:\/\/www.le34.dk\/da\/lov-om-private-faellesveje-igen-i-lovprogrammet\/","url":"https:\/\/www.le34.dk\/da\/lov-om-private-faellesveje-igen-i-lovprogrammet\/","name":"Lov om private f\u00e6llesveje igen i lovprogrammet","isPartOf":{"@id":"https:\/\/www.le34.dk\/da\/#website"},"datePublished":"2023-11-20T11:57:32+00:00","dateModified":"2024-01-15T14:58:40+00:00","breadcrumb":{"@id":"https:\/\/www.le34.dk\/da\/lov-om-private-faellesveje-igen-i-lovprogrammet\/#breadcrumb"},"inLanguage":"da-DK","potentialAction":[{"@type":"ReadAction","target":["https:\/\/www.le34.dk\/da\/lov-om-private-faellesveje-igen-i-lovprogrammet\/"]}]},{"@type":"BreadcrumbList","@id":"https:\/\/www.le34.dk\/da\/lov-om-private-faellesveje-igen-i-lovprogrammet\/#breadcrumb","itemListElement":[{"@type":"ListItem","position":1,"name":"Home","item":"https:\/\/www.le34.dk\/da\/"},{"@type":"ListItem","position":2,"name":"Lov om private f\u00e6llesveje igen i lovprogrammet"}]},{"@type":"WebSite","@id":"https:\/\/www.le34.dk\/da\/#website","url":"https:\/\/www.le34.dk\/da\/","name":"LE34","description":"","potentialAction":[{"@type":"SearchAction","target":{"@type":"EntryPoint","urlTemplate":"https:\/\/www.le34.dk\/da\/?s={search_term_string}"},"query-input":{"@type":"PropertyValueSpecification","valueRequired":true,"valueName":"search_term_string"}}],"inLanguage":"da-DK"}]}},"_links":{"self":[{"href":"https:\/\/www.le34.dk\/da\/wp-json\/wp\/v2\/pages\/13197","targetHints":{"allow":["GET"]}}],"collection":[{"href":"https:\/\/www.le34.dk\/da\/wp-json\/wp\/v2\/pages"}],"about":[{"href":"https:\/\/www.le34.dk\/da\/wp-json\/wp\/v2\/types\/page"}],"author":[{"embeddable":true,"href":"https:\/\/www.le34.dk\/da\/wp-json\/wp\/v2\/users\/3"}],"replies":[{"embeddable":true,"href":"https:\/\/www.le34.dk\/da\/wp-json\/wp\/v2\/comments?post=13197"}],"version-history":[{"count":1,"href":"https:\/\/www.le34.dk\/da\/wp-json\/wp\/v2\/pages\/13197\/revisions"}],"predecessor-version":[{"id":13631,"href":"https:\/\/www.le34.dk\/da\/wp-json\/wp\/v2\/pages\/13197\/revisions\/13631"}],"wp:attachment":[{"href":"https:\/\/www.le34.dk\/da\/wp-json\/wp\/v2\/media?parent=13197"}],"curies":[{"name":"wp","href":"https:\/\/api.w.org\/{rel}","templated":true}]}}