{"id":12549,"date":"2023-12-21T07:39:31","date_gmt":"2023-12-21T07:39:31","guid":{"rendered":"https:\/\/www.le34.dk\/?page_id=12549"},"modified":"2024-02-07T09:44:47","modified_gmt":"2024-02-07T09:44:47","slug":"sektorer-2","status":"publish","type":"page","link":"https:\/\/www.le34.dk\/da\/sektorer-2\/","title":{"rendered":"Sektorer"},"content":{"rendered":"<p>Vedvarende energi<br \/>\nSolceller, vindm\u00f8ller og biogasanl\u00e6g. Specialiseret r\u00e5dgivning fra forunders\u00f8gelser, lokalisering og milj\u00f8vurderinger til afs\u00e6tning og opm\u00e5ling.<\/p>\n<p>Kommuner og regioner<br \/>\nLokalplaner, ekspropriationer, byggeri, digitale driftsopgaver og borgertip.<\/p>\n<p>Landbrug og godser<br \/>\nDigitale dr\u00e6nkort, droneopm\u00e5ling og digital opgavestyring. Specialiseret r\u00e5dgivning til moderne bedrifter. <\/p>\n<p>Byggeri<br \/>\nN\u00e5r der skal bygges nyt, er vi med b\u00e5de f\u00f8r, under og efter.<\/p>\n<p>Havne<br \/>\nPr\u00e6cise data p\u00e5 havneanl\u00e6g, b\u00e5de under og over vandet. <\/p>\n<p>Offshore<br \/>\nVindm\u00f8lleanl\u00e6g, tekniske installationer og boreplatforme.<\/p>\n<p>Digitale l\u00f8sninger<br \/>\nVi er blevet s\u00e5 st\u00e6rke til at udvikle digitale l\u00f8sninger baseret p\u00e5 GIS og geografiske data, at vi har startet eget IT-brand. M\u00f8d vores digitale tvilling, IT34.<\/p>\n<p>Privatkunder<br \/>\nDr\u00f8mmer du om en ny carport eller en tilbygning p\u00e5 huset? Vi s\u00f8rger for, at du f\u00e5r styr p\u00e5 skellets placering og afs\u00e6tter projektet for dig.<\/p>\n<p>Ejendomsudvikling<br \/>\nByudvikling, planl\u00e6gning og ejendomsdannelse. <\/p>\n<p>Broer, Jernbaner, Veje<br \/>\nInfrastrukturprojekter fra ekspropriation til f\u00e6rdigt anl\u00e6g.<\/p>\n<p>Forsyninger<br \/>\nTeknisk og juridisk r\u00e5dgivning g\u00f8r livet lettere for forsyningsselskaber.<\/p>\n<p>Industri<br \/>\n3D-scanning, dimensionskontrol og as-built dokumentation uden nedetid. Skr\u00e6ddersyede l\u00f8sninger, som forhindrer fordyrende fejl i industrien.<\/p>\n<p>Hvor har du brug for os?<br \/>\nStort byudviklingsprojekt eller privat husk\u00f8b? Vores specialister er altid klar til at hj\u00e6lpe lige d\u00e9r, hvor du har brug for os.<\/p>\n<p>LE34 viser vejen &#8211; hele vejen<br \/>\nVores omr\u00e5der og ekspertiser er organiseret, s\u00e5 vi kan servicere vores kunder hele vejen igennem projekterne: Fra planl\u00e6gning og byudvikling til ekspropriation og tinglysning. Fra afs\u00e6tning og udstykning til monitorering og laserscanning. Og fra volumenberegninger og databehandling til augmented reality og as-built dokumentation. Vores specialister d\u00e6kker det hele. P\u00e5 landjorden, til vands og fra luften.<\/p>\n<p>LE34 &#8211; den r\u00f8de tr\u00e5d<br \/>\nVi ser det som vores vigtigste opgave at g\u00f8re livet lettere for vores kunder. Det g\u00f8r vi ved at rede tr\u00e5dene ud og f\u00e5 enderne til at m\u00f8des. G\u00e5 p\u00e5 opdagelse i den r\u00f8de tr\u00e5d, som er billedet p\u00e5 vores tilstedev\u00e6relse lige d\u00e9r, hvor du har brug for os.<\/p>\n<p>F\u00e5 mere at vide<br \/>\nKontakt os<br \/>\nKontakt Anders Nygaard M\u00f8ller, hvis du er interesseret i at h\u00f8re mere om, hvordan vi kan hj\u00e6lpe dig.<br \/>\nAnders Nygaard M\u00f8ller<br \/>\nLandinspekt\u00f8r og partner<br \/>\n+45 5131 4212<br \/>\nam@le34.dk<\/p>\n<p>Send mail til Anders Nygaard M\u00f8ller<\/p>\n","protected":false},"excerpt":{"rendered":"<p>Vedvarende energi Solceller, vindm\u00f8ller og biogasanl\u00e6g. Specialiseret r\u00e5dgivning fra forunders\u00f8gelser, lokalisering og milj\u00f8vurderinger til afs\u00e6tning og opm\u00e5ling. Kommuner og regioner Lokalplaner, ekspropriationer, byggeri, digitale driftsopgaver og borgertip. Landbrug og godser Digitale dr\u00e6nkort, droneopm\u00e5ling og digital opgavestyring. Specialiseret r\u00e5dgivning til moderne bedrifter. Byggeri N\u00e5r der skal bygges nyt, er vi med b\u00e5de f\u00f8r, under og efter. [&hellip;]<\/p>\n","protected":false},"author":28,"featured_media":0,"parent":0,"menu_order":0,"comment_status":"closed","ping_status":"closed","template":"","meta":{"_acf_changed":false,"footnotes":""},"class_list":["post-12549","page","type-page","status-publish","hentry"],"acf":[],"yoast_head":"<!-- This site is optimized with the Yoast SEO plugin v27.4 - https:\/\/yoast.com\/product\/yoast-seo-wordpress\/ -->\n<title>Landinspekt\u00f8rydelser til alle sektorer - LE34 er altid lige i n\u00e6rheden<\/title>\n<meta name=\"description\" content=\"LE34 tilbyder landinspekt\u00f8rydelser til alle sektorer. Uanset om det er store eller sm\u00e5 projekter, til private eller erhverv, s\u00e5 er LE34 klar. L\u00e6s mere her\" \/>\n<meta name=\"robots\" content=\"noindex, nofollow\" \/>\n<meta property=\"og:locale\" content=\"da_DK\" \/>\n<meta property=\"og:type\" content=\"article\" \/>\n<meta property=\"og:title\" content=\"Landinspekt\u00f8rydelser til alle sektorer - LE34 er altid lige i n\u00e6rheden\" \/>\n<meta property=\"og:description\" content=\"LE34 tilbyder landinspekt\u00f8rydelser til alle sektorer. Uanset om det er store eller sm\u00e5 projekter, til private eller erhverv, s\u00e5 er LE34 klar. L\u00e6s mere her\" \/>\n<meta property=\"og:url\" content=\"https:\/\/www.le34.dk\/da\/sektorer-2\/\" \/>\n<meta property=\"og:site_name\" content=\"LE34\" \/>\n<meta property=\"article:modified_time\" content=\"2024-02-07T09:44:47+00:00\" \/>\n<meta name=\"twitter:card\" content=\"summary_large_image\" \/>\n<meta name=\"twitter:label1\" content=\"Estimeret l\u00e6setid\" \/>\n\t<meta name=\"twitter:data1\" content=\"4 minutter\" \/>\n<script type=\"application\/ld+json\" class=\"yoast-schema-graph\">{\"@context\":\"https:\\\/\\\/schema.org\",\"@graph\":[{\"@type\":\"WebPage\",\"@id\":\"https:\\\/\\\/www.le34.dk\\\/da\\\/sektorer-2\\\/\",\"url\":\"https:\\\/\\\/www.le34.dk\\\/da\\\/sektorer-2\\\/\",\"name\":\"Landinspekt\u00f8rydelser til alle sektorer - LE34 er altid lige i n\u00e6rheden\",\"isPartOf\":{\"@id\":\"https:\\\/\\\/www.le34.dk\\\/da\\\/#website\"},\"datePublished\":\"2023-12-21T07:39:31+00:00\",\"dateModified\":\"2024-02-07T09:44:47+00:00\",\"description\":\"LE34 tilbyder landinspekt\u00f8rydelser til alle sektorer. Uanset om det er store eller sm\u00e5 projekter, til private eller erhverv, s\u00e5 er LE34 klar. L\u00e6s mere her\",\"breadcrumb\":{\"@id\":\"https:\\\/\\\/www.le34.dk\\\/da\\\/sektorer-2\\\/#breadcrumb\"},\"inLanguage\":\"da-DK\",\"potentialAction\":[{\"@type\":\"ReadAction\",\"target\":[\"https:\\\/\\\/www.le34.dk\\\/da\\\/sektorer-2\\\/\"]}]},{\"@type\":\"BreadcrumbList\",\"@id\":\"https:\\\/\\\/www.le34.dk\\\/da\\\/sektorer-2\\\/#breadcrumb\",\"itemListElement\":[{\"@type\":\"ListItem\",\"position\":1,\"name\":\"Home\",\"item\":\"https:\\\/\\\/www.le34.dk\\\/da\\\/\"},{\"@type\":\"ListItem\",\"position\":2,\"name\":\"Sektorer\"}]},{\"@type\":\"WebSite\",\"@id\":\"https:\\\/\\\/www.le34.dk\\\/da\\\/#website\",\"url\":\"https:\\\/\\\/www.le34.dk\\\/da\\\/\",\"name\":\"LE34\",\"description\":\"\",\"potentialAction\":[{\"@type\":\"SearchAction\",\"target\":{\"@type\":\"EntryPoint\",\"urlTemplate\":\"https:\\\/\\\/www.le34.dk\\\/da\\\/?s={search_term_string}\"},\"query-input\":{\"@type\":\"PropertyValueSpecification\",\"valueRequired\":true,\"valueName\":\"search_term_string\"}}],\"inLanguage\":\"da-DK\"}]}<\/script>\n<!-- \/ Yoast SEO plugin. -->","yoast_head_json":{"title":"Landinspekt\u00f8rydelser til alle sektorer - LE34 er altid lige i n\u00e6rheden","description":"LE34 tilbyder landinspekt\u00f8rydelser til alle sektorer. Uanset om det er store eller sm\u00e5 projekter, til private eller erhverv, s\u00e5 er LE34 klar. L\u00e6s mere her","robots":{"index":"noindex","follow":"nofollow"},"og_locale":"da_DK","og_type":"article","og_title":"Landinspekt\u00f8rydelser til alle sektorer - LE34 er altid lige i n\u00e6rheden","og_description":"LE34 tilbyder landinspekt\u00f8rydelser til alle sektorer. Uanset om det er store eller sm\u00e5 projekter, til private eller erhverv, s\u00e5 er LE34 klar. L\u00e6s mere her","og_url":"https:\/\/www.le34.dk\/da\/sektorer-2\/","og_site_name":"LE34","article_modified_time":"2024-02-07T09:44:47+00:00","twitter_card":"summary_large_image","twitter_misc":{"Estimeret l\u00e6setid":"4 minutter"},"schema":{"@context":"https:\/\/schema.org","@graph":[{"@type":"WebPage","@id":"https:\/\/www.le34.dk\/da\/sektorer-2\/","url":"https:\/\/www.le34.dk\/da\/sektorer-2\/","name":"Landinspekt\u00f8rydelser til alle sektorer - LE34 er altid lige i n\u00e6rheden","isPartOf":{"@id":"https:\/\/www.le34.dk\/da\/#website"},"datePublished":"2023-12-21T07:39:31+00:00","dateModified":"2024-02-07T09:44:47+00:00","description":"LE34 tilbyder landinspekt\u00f8rydelser til alle sektorer. Uanset om det er store eller sm\u00e5 projekter, til private eller erhverv, s\u00e5 er LE34 klar. L\u00e6s mere her","breadcrumb":{"@id":"https:\/\/www.le34.dk\/da\/sektorer-2\/#breadcrumb"},"inLanguage":"da-DK","potentialAction":[{"@type":"ReadAction","target":["https:\/\/www.le34.dk\/da\/sektorer-2\/"]}]},{"@type":"BreadcrumbList","@id":"https:\/\/www.le34.dk\/da\/sektorer-2\/#breadcrumb","itemListElement":[{"@type":"ListItem","position":1,"name":"Home","item":"https:\/\/www.le34.dk\/da\/"},{"@type":"ListItem","position":2,"name":"Sektorer"}]},{"@type":"WebSite","@id":"https:\/\/www.le34.dk\/da\/#website","url":"https:\/\/www.le34.dk\/da\/","name":"LE34","description":"","potentialAction":[{"@type":"SearchAction","target":{"@type":"EntryPoint","urlTemplate":"https:\/\/www.le34.dk\/da\/?s={search_term_string}"},"query-input":{"@type":"PropertyValueSpecification","valueRequired":true,"valueName":"search_term_string"}}],"inLanguage":"da-DK"}]}},"_links":{"self":[{"href":"https:\/\/www.le34.dk\/da\/wp-json\/wp\/v2\/pages\/12549","targetHints":{"allow":["GET"]}}],"collection":[{"href":"https:\/\/www.le34.dk\/da\/wp-json\/wp\/v2\/pages"}],"about":[{"href":"https:\/\/www.le34.dk\/da\/wp-json\/wp\/v2\/types\/page"}],"author":[{"embeddable":true,"href":"https:\/\/www.le34.dk\/da\/wp-json\/wp\/v2\/users\/28"}],"replies":[{"embeddable":true,"href":"https:\/\/www.le34.dk\/da\/wp-json\/wp\/v2\/comments?post=12549"}],"version-history":[{"count":3,"href":"https:\/\/www.le34.dk\/da\/wp-json\/wp\/v2\/pages\/12549\/revisions"}],"predecessor-version":[{"id":14184,"href":"https:\/\/www.le34.dk\/da\/wp-json\/wp\/v2\/pages\/12549\/revisions\/14184"}],"wp:attachment":[{"href":"https:\/\/www.le34.dk\/da\/wp-json\/wp\/v2\/media?parent=12549"}],"curies":[{"name":"wp","href":"https:\/\/api.w.org\/{rel}","templated":true}]}}