{"id":1244,"date":"2020-09-01T08:19:51","date_gmt":"2020-09-01T08:19:51","guid":{"rendered":"https:\/\/www.le34.dk\/nedlagte-vejarealer\/"},"modified":"2024-01-15T14:53:19","modified_gmt":"2024-01-15T14:53:19","slug":"nedlagte-vejarealer","status":"publish","type":"page","link":"https:\/\/www.le34.dk\/da\/nedlagte-vejarealer\/","title":{"rendered":"Hvem skal have de nedlagte vejarealer?"},"content":{"rendered":"<p>01.09.2020<br \/>\nI forbindelse med vejforl\u00e6gninger, ekspropriationer eller byudvikling kan det v\u00e6re n\u00f8dvendigt at nedl\u00e6gge eksisterende vejarealer, da de enten bliver overfl\u00f8dige som vejareal eller skal anvendes til et andet form\u00e5l, for eksempel til ny bebyggelse. Men hvem har r\u00e5deret over de nedlagte arealer?<\/p>\n<p>De nedlagte arealer fremtidige status<br \/>\nVed nedl\u00e6ggelsen af vejarealet finder reglerne i vejlovens kapitel 11 anvendelse, og det skal naturligvis vurderes, om arealerne skal opretholdes helt eller delvist,\u00a0 enten som privat vej eller som privat f\u00e6llesvej.<br \/>\nAf vejlovens \u00a7 127 fremg\u00e5r:<\/p>\n<p>Stk. 1. Kommunalbestyrelsen r\u00e5der frit over det nedlagte areal, hvis vejen ikke skal opretholdes som privat f\u00e6llesvej eller privat vej.<br \/>\nStk. 2. Kommunalbestyrelsen har ansvaret for matrikul\u00e6r berigtigelse af de \u00e6ndrede ejendomsretlige forhold i forbindelse med, at vejen nedl\u00e6gges som offentlig vej.<br \/>\nStk. 3. Ledningsejere kan ved nedl\u00e6ggelse af vejarealer kr\u00e6ve, at kommunalbestyrelsen lader en ledningsdeklaration tinglyse p\u00e5 arealet. Ledningsejeren afholder udgifterne forbundet hermed.<\/p>\n<p>Som det fremg\u00e5r af bestemmelsens stk. 1 vil kommunalbestyrelsen efter nedl\u00e6ggelsen af vejarealet kunne r\u00e5de over arealet p\u00e5 samme m\u00e5de som \u00f8vrige kommunale ejendomme. Arealet vil i s\u00e5 fald skulle matrikul\u00e6rt berigtiges og enten udstykkes til en \u201dny\u201d ejendom eller arealoverf\u00f8res\/sammenl\u00e6gges med en tilgr\u00e6nsende kommunalt ejet ejendom.<br \/>\nDet er vigtigt at v\u00e6re ekstra opm\u00e6rksom p\u00e5, at det meget eksplicit fremg\u00e5r af bestemmelsen, at \u201dkommunalbestyrelsen r\u00e5der frit over det nedlagte vejareal\u201d, hvilket i visse situationer giver anledning til udfordringer.<\/p>\n<p>Nye tider: kommunalbestyrelsen r\u00e5der frit over vejarealet<br \/>\nI den tidligere vejlovgivning var det en pligt for vejmyndigheden at tilbyde n\u00e6rmeste grundejer at overtage\/k\u00f8be arealet. Denne pligt er imidlertid, som det fremg\u00e5r, udg\u00e5et og kommunalbestyrelsen r\u00e5der nu over\/ejer, arealet jf. \u00a7 127, stk. 1.<br \/>\nDet vil i mange situationer fortsat v\u00e6re hensigtsm\u00e6ssigt at tilbyde\/s\u00e6lge arealet til de tilgr\u00e6nsende grundejer(e), da disse ofte har den st\u00f8rste og mest \u00e5benlyse interesse i disse arealer, for eksempel til inddragelse i byggefelter. Men da vejmyndighedens pligt til at tilbyde\/s\u00e6lge arealet til de(n) tilgr\u00e6nsende grundejer(e) er bortfaldet, skal salget af arealerne nu ske p\u00e5 helt almindelige vilk\u00e5r for salg af kommunale ejendomme, jf. reglerne i bekendtg\u00f8relse nr. 799 af 24. juni 2011 om offentligt udbud ved salg af kommunens henholdsvis regionens faste ejendomme.<\/p>\n<p>Situationer, hvor offentligt udbud kan undlades<br \/>\nDenne bekendtg\u00f8relse indeholder dog i \u00a7 2, stk. 2, en r\u00e6kke situationer, hvor offentligt udbud kan undlades. Af disse undtagelser er s\u00e6rligt nr. 4 og 5 relevante.<\/p>\n<p>\u00a7\u00a02. Bekendtg\u00f8relsen omfatter ikke salg af fast ejendom til gennemf\u00f8relse af offentligt st\u00f8ttet byggeri i henhold til lov om almene boliger m.v. og lov om st\u00f8ttede private ungdomsboliger.<br \/>\nStk. 2. Offentligt udbud kan endvidere undlades ved:\u00a0<br \/>\n4) salg af et ubebygget areal under 2.000 m2, som ikke selvst\u00e6ndigt kan bebygges<br \/>\n5) salg af et ubebygget areal, som ikke selvst\u00e6ndigt kan bebygges, i forbindelse med overf\u00f8relse af arealet til en tilgr\u00e6nsende ejendom, n\u00e5r arealet, der overf\u00f8res, h\u00f8jst udg\u00f8r 10 % af arealet af den ejendom, som arealet overf\u00f8res til, dog h\u00f8jst 10.000 m2<\/p>\n<p>Hvilken part har st\u00f8rst interesse i overtagelsen af de nedlagte arealer?<br \/>\nI en del situationer vil det formentligt ikke v\u00e6re et problem at benytte en af disse undtagelsesbestemmelser, men der vil ogs\u00e5 v\u00e6re tilf\u00e6lde, hvor det er helt \u00e5benlyst, at det alene er de tilgr\u00e6nsende ejendomme, der har en interesse i at overtage arealerne, hvormed det vil v\u00e6re b\u00e5de besv\u00e6rligt, omkostningsfuldt og tidskr\u00e6vende, at arealerne i disse situationer skal udbydes i offentligt udbud.<\/p>\n<p>Her er et eksempel p\u00e5, at de gamle regler i nogle situationer var mere hensigtsm\u00e6ssige:<br \/>\nEjendommene, der har r\u00f8d markering, har samme ejer og er dermed gennemsk\u00e5ret af det nu nedlagte vejareal, der er markeret med gult. Arealet er nedlagt, da der i overensstemmelse med den for ejendommene g\u00e6ldende lokalplan skal foretages en udvidelse af fabrikken, der ligger langs vejens sydlige side. I denne situation er det ganske tydeligt, at der kun er \u00e9n part\/ejer, der har en reel interesse i at erhverve de nedlagte vejarealer.\u00a0<\/p>\n<p>Salget af arealerne skal ske p\u00e5 kommunale vilk\u00e5r<br \/>\nMen idet vejarealet efter nedl\u00e6ggelsen som beskrevet tidligere skal sidestilles med en almindelig kommunalt ejet ejendom, er arealerne omfattet af udbudsreglerne, jf. herover. De nedlagte arealer overholder desv\u00e6rre ikke de i nr. 4 og 5 n\u00e6vnte kriterier for undladelse af offentlig udbud:<\/p>\n<p>Ad nr. 4: Arealet der \u00f8nskes overdraget er ca. 3.500 m2 og dermed over gr\u00e6nsen p\u00e5 2.000 m2. Derudover \u00f8nskes en del af det nedlagte vejareal bebygget i overensstemmelse med lokalplanen, hvilket ogs\u00e5 er i strid med denne undtagelse.<br \/>\nAd nr. 5: Da ejendommen, som arealet skal till\u00e6gges, alene er 23.479 m2 overholder det ikke kravet om, at det tillagte areal kun m\u00e5 udg\u00f8re 10 % af arealet p\u00e5 den ejendom, som arealet till\u00e6gges. Derudover \u00f8nskes en del af det nedlagte vejareal bebygget i overensstemmelse med lokalplanen, hvilket ogs\u00e5 er i strid med undtagelsesbestemmelsen.<\/p>\n<p>P\u00e5 baggrund af dette kan en overdragelse af arealet til den tilgr\u00e6nsende ejer ikke ske uden offentligt udbud, medmindre der indhentes samtykke fra tilsynsmyndighederne, jf. bekendtg\u00f8relsens \u00a7 2, stk. 3, hvorefter tilsynsmyndighederne kan meddele samtykke til at undlade offentligt udbud ved mageskifter\u00a0og ved salg, hvor der i \u00f8vrigt foreligger s\u00e6rlige forhold, der kan begrunde en undladelse af offentligt udbud.<br \/>\nVed nedl\u00e6ggelse af offentlige vejarealer g\u00e5r de nedlagte arealer alts\u00e5 pr. automatik til kommunen, og det er derfor vigtigt, at der er en t\u00e6t dialog med ejere af tilgr\u00e6nsende ejendomme, der m\u00e5tte have en s\u00e6rlig interesse i at overtage disse, s\u00e5 der tidligt i processen kan dr\u00f8ftes pris p\u00e5 arealet og unders\u00f8ges, hvordan de forskellige udbudsregler skal h\u00e5ndteres.<br \/>\nHvis du vil vide mere om nedl\u00e6ggelse af offentlige vejarealer og eventuel overdragelse af disse, er du velkommen til at kontakte artiklens forfatter Thomas Normann Asmussen.\u00a0<\/p>\n<p>Se alle nyheder fra Vejjura<\/p>\n<p>Kontakt ekspertene<\/p>\n<p>Gert M. Henningsen<br \/>\nJonathan Overgaard Markman<br \/>\nKenneth Holme Poulsen<br \/>\nRen\u00e9 Aggersbjerg<br \/>\nS\u00f8ren Henriksen<br \/>\nThomas Normann Asmussen<br \/>\nVibeke St\u00e6rdahl Nielsen<\/p>\n","protected":false},"excerpt":{"rendered":"<p>01.09.2020 I forbindelse med vejforl\u00e6gninger, ekspropriationer eller byudvikling kan det v\u00e6re n\u00f8dvendigt at nedl\u00e6gge eksisterende vejarealer, da de enten bliver overfl\u00f8dige som vejareal eller skal anvendes til et andet form\u00e5l, for eksempel til ny bebyggelse. Men hvem har r\u00e5deret over de nedlagte arealer? De nedlagte arealer fremtidige status Ved nedl\u00e6ggelsen af vejarealet finder reglerne i [&hellip;]<\/p>\n","protected":false},"author":3,"featured_media":0,"parent":0,"menu_order":0,"comment_status":"closed","ping_status":"closed","template":"","meta":{"_acf_changed":false,"footnotes":""},"class_list":["post-1244","page","type-page","status-publish","hentry"],"acf":[],"yoast_head":"<!-- This site is optimized with the Yoast SEO plugin v27.5 - https:\/\/yoast.com\/product\/yoast-seo-wordpress\/ -->\n<title>Nedl\u00e6ggelse af offentlige vejarealer: Hvem skal have de nedlagte arealer?<\/title>\n<meta name=\"description\" content=\"Vejjura nyhedsbrev: I forbindelse med vejforl\u00e6gninger kan det v\u00e6re n\u00f8dvendigt at nedl\u00e6gge eksisterende vejarealer - men hvem g\u00e5r arealerne til?\" \/>\n<meta name=\"robots\" content=\"index, follow, max-snippet:-1, max-image-preview:large, max-video-preview:-1\" \/>\n<link rel=\"canonical\" href=\"https:\/\/www.le34.dk\/da\/nedlagte-vejarealer\/\" \/>\n<meta property=\"og:locale\" content=\"da_DK\" \/>\n<meta property=\"og:type\" content=\"article\" \/>\n<meta property=\"og:title\" content=\"Nedl\u00e6ggelse af offentlige vejarealer: Hvem skal have de nedlagte arealer?\" \/>\n<meta property=\"og:description\" content=\"Vejjura nyhedsbrev: I forbindelse med vejforl\u00e6gninger kan det v\u00e6re n\u00f8dvendigt at nedl\u00e6gge eksisterende vejarealer - men hvem g\u00e5r arealerne til?\" \/>\n<meta property=\"og:url\" content=\"https:\/\/www.le34.dk\/da\/nedlagte-vejarealer\/\" \/>\n<meta property=\"og:site_name\" content=\"LE34\" \/>\n<meta property=\"article:modified_time\" content=\"2024-01-15T14:53:19+00:00\" \/>\n<meta name=\"twitter:card\" content=\"summary_large_image\" \/>\n<meta name=\"twitter:label1\" content=\"Estimeret l\u00e6setid\" \/>\n\t<meta name=\"twitter:data1\" content=\"5 minutter\" \/>\n<script type=\"application\/ld+json\" class=\"yoast-schema-graph\">{\"@context\":\"https:\\\/\\\/schema.org\",\"@graph\":[{\"@type\":\"WebPage\",\"@id\":\"https:\\\/\\\/www.le34.dk\\\/da\\\/nedlagte-vejarealer\\\/\",\"url\":\"https:\\\/\\\/www.le34.dk\\\/da\\\/nedlagte-vejarealer\\\/\",\"name\":\"Nedl\u00e6ggelse af offentlige vejarealer: Hvem skal have de nedlagte arealer?\",\"isPartOf\":{\"@id\":\"https:\\\/\\\/www.le34.dk\\\/da\\\/#website\"},\"datePublished\":\"2020-09-01T08:19:51+00:00\",\"dateModified\":\"2024-01-15T14:53:19+00:00\",\"description\":\"Vejjura nyhedsbrev: I forbindelse med vejforl\u00e6gninger kan det v\u00e6re n\u00f8dvendigt at nedl\u00e6gge eksisterende vejarealer - men hvem g\u00e5r arealerne til?\",\"breadcrumb\":{\"@id\":\"https:\\\/\\\/www.le34.dk\\\/da\\\/nedlagte-vejarealer\\\/#breadcrumb\"},\"inLanguage\":\"da-DK\",\"potentialAction\":[{\"@type\":\"ReadAction\",\"target\":[\"https:\\\/\\\/www.le34.dk\\\/da\\\/nedlagte-vejarealer\\\/\"]}]},{\"@type\":\"BreadcrumbList\",\"@id\":\"https:\\\/\\\/www.le34.dk\\\/da\\\/nedlagte-vejarealer\\\/#breadcrumb\",\"itemListElement\":[{\"@type\":\"ListItem\",\"position\":1,\"name\":\"Home\",\"item\":\"https:\\\/\\\/www.le34.dk\\\/da\\\/\"},{\"@type\":\"ListItem\",\"position\":2,\"name\":\"Hvem skal have de nedlagte vejarealer?\"}]},{\"@type\":\"WebSite\",\"@id\":\"https:\\\/\\\/www.le34.dk\\\/da\\\/#website\",\"url\":\"https:\\\/\\\/www.le34.dk\\\/da\\\/\",\"name\":\"LE34\",\"description\":\"\",\"potentialAction\":[{\"@type\":\"SearchAction\",\"target\":{\"@type\":\"EntryPoint\",\"urlTemplate\":\"https:\\\/\\\/www.le34.dk\\\/da\\\/?s={search_term_string}\"},\"query-input\":{\"@type\":\"PropertyValueSpecification\",\"valueRequired\":true,\"valueName\":\"search_term_string\"}}],\"inLanguage\":\"da-DK\"}]}<\/script>\n<!-- \/ Yoast SEO plugin. -->","yoast_head_json":{"title":"Nedl\u00e6ggelse af offentlige vejarealer: Hvem skal have de nedlagte arealer?","description":"Vejjura nyhedsbrev: I forbindelse med vejforl\u00e6gninger kan det v\u00e6re n\u00f8dvendigt at nedl\u00e6gge eksisterende vejarealer - men hvem g\u00e5r arealerne til?","robots":{"index":"index","follow":"follow","max-snippet":"max-snippet:-1","max-image-preview":"max-image-preview:large","max-video-preview":"max-video-preview:-1"},"canonical":"https:\/\/www.le34.dk\/da\/nedlagte-vejarealer\/","og_locale":"da_DK","og_type":"article","og_title":"Nedl\u00e6ggelse af offentlige vejarealer: Hvem skal have de nedlagte arealer?","og_description":"Vejjura nyhedsbrev: I forbindelse med vejforl\u00e6gninger kan det v\u00e6re n\u00f8dvendigt at nedl\u00e6gge eksisterende vejarealer - men hvem g\u00e5r arealerne til?","og_url":"https:\/\/www.le34.dk\/da\/nedlagte-vejarealer\/","og_site_name":"LE34","article_modified_time":"2024-01-15T14:53:19+00:00","twitter_card":"summary_large_image","twitter_misc":{"Estimeret l\u00e6setid":"5 minutter"},"schema":{"@context":"https:\/\/schema.org","@graph":[{"@type":"WebPage","@id":"https:\/\/www.le34.dk\/da\/nedlagte-vejarealer\/","url":"https:\/\/www.le34.dk\/da\/nedlagte-vejarealer\/","name":"Nedl\u00e6ggelse af offentlige vejarealer: Hvem skal have de nedlagte arealer?","isPartOf":{"@id":"https:\/\/www.le34.dk\/da\/#website"},"datePublished":"2020-09-01T08:19:51+00:00","dateModified":"2024-01-15T14:53:19+00:00","description":"Vejjura nyhedsbrev: I forbindelse med vejforl\u00e6gninger kan det v\u00e6re n\u00f8dvendigt at nedl\u00e6gge eksisterende vejarealer - men hvem g\u00e5r arealerne til?","breadcrumb":{"@id":"https:\/\/www.le34.dk\/da\/nedlagte-vejarealer\/#breadcrumb"},"inLanguage":"da-DK","potentialAction":[{"@type":"ReadAction","target":["https:\/\/www.le34.dk\/da\/nedlagte-vejarealer\/"]}]},{"@type":"BreadcrumbList","@id":"https:\/\/www.le34.dk\/da\/nedlagte-vejarealer\/#breadcrumb","itemListElement":[{"@type":"ListItem","position":1,"name":"Home","item":"https:\/\/www.le34.dk\/da\/"},{"@type":"ListItem","position":2,"name":"Hvem skal have de nedlagte vejarealer?"}]},{"@type":"WebSite","@id":"https:\/\/www.le34.dk\/da\/#website","url":"https:\/\/www.le34.dk\/da\/","name":"LE34","description":"","potentialAction":[{"@type":"SearchAction","target":{"@type":"EntryPoint","urlTemplate":"https:\/\/www.le34.dk\/da\/?s={search_term_string}"},"query-input":{"@type":"PropertyValueSpecification","valueRequired":true,"valueName":"search_term_string"}}],"inLanguage":"da-DK"}]}},"_links":{"self":[{"href":"https:\/\/www.le34.dk\/da\/wp-json\/wp\/v2\/pages\/1244","targetHints":{"allow":["GET"]}}],"collection":[{"href":"https:\/\/www.le34.dk\/da\/wp-json\/wp\/v2\/pages"}],"about":[{"href":"https:\/\/www.le34.dk\/da\/wp-json\/wp\/v2\/types\/page"}],"author":[{"embeddable":true,"href":"https:\/\/www.le34.dk\/da\/wp-json\/wp\/v2\/users\/3"}],"replies":[{"embeddable":true,"href":"https:\/\/www.le34.dk\/da\/wp-json\/wp\/v2\/comments?post=1244"}],"version-history":[{"count":1,"href":"https:\/\/www.le34.dk\/da\/wp-json\/wp\/v2\/pages\/1244\/revisions"}],"predecessor-version":[{"id":12900,"href":"https:\/\/www.le34.dk\/da\/wp-json\/wp\/v2\/pages\/1244\/revisions\/12900"}],"wp:attachment":[{"href":"https:\/\/www.le34.dk\/da\/wp-json\/wp\/v2\/media?parent=1244"}],"curies":[{"name":"wp","href":"https:\/\/api.w.org\/{rel}","templated":true}]}}