{"id":1242,"date":"2023-03-31T10:01:26","date_gmt":"2023-03-31T10:01:26","guid":{"rendered":"https:\/\/www.le34.dk\/hvad-sker-der-med-ledninger\/"},"modified":"2024-01-15T14:53:18","modified_gmt":"2024-01-15T14:53:18","slug":"hvad-sker-der-med-ledninger","status":"publish","type":"page","link":"https:\/\/www.le34.dk\/da\/hvad-sker-der-med-ledninger\/","title":{"rendered":"Hvad sker der med ledningerne, n\u00e5r veje nedl\u00e6gges?"},"content":{"rendered":"<p>19.04.2023<br \/>\nEn ny udtalelse fra Vejdirektoratet belyser, hvorvidt ledningsejere b\u00f8r betragtes som parter i en sag om nedl\u00e6ggelse eller nedklassificering af en offentlig vej og dermed er omfattet af vejlovens regler om 8 ugers h\u00f8ring.\u00a0\u00a0\u00a0<br \/>\nEn kommune skulle nedl\u00e6gge en tidligere offentlig vej med hjemmel i vejlovens \u00a7\u00a7 15 og 124. Kommunen p\u00e5t\u00e6nkte at h\u00f8re de tilgr\u00e6nsende ejendomme med en frist p\u00e5 8 uger efter \u00a7 124, stk. 7 og overvejede i den forbindelse, om den ogs\u00e5 var forpligtet til at give ledningsejere samme frist \u2013 kommunen havde nemlig ved et LER-udtr\u00e6k konstateret, at der var flere krydsende ledninger under vejen.<\/p>\n<p>Den s\u00e6rlige hensynspligt til ledningsejeren<br \/>\nDet fremg\u00e5r af udtalelsen, at det er Vejdirektoratets vurdering, at ledningsejere ikke er parter i sager om nedl\u00e6ggelse eller nedklassificering af offentlige veje. Der er dermed ikke et lovf\u00e6stet krav om en 8-ugers h\u00f8ring af ledningsejerne.<br \/>\nVejdirektoratet henviser derimod til den s\u00e6rlige hensynspligt til ledningsejeren, som medf\u00f8rer, at kommunen b\u00f8r orientere eventuelle ejere af ledninger om kommunens p\u00e5t\u00e6nkte nedl\u00e6ggelse af et offentligt vejareal. P\u00e5 den m\u00e5de f\u00e5r ledningsejeren mulighed for inden for en efter vejmyndighedens sk\u00f8n rimelig frist at beskytte ledningen ved tinglysning.<br \/>\nP\u00e5 baggrund af udtalelsen m\u00e5 vejmyndighedens fremgangsm\u00e5de ved nedl\u00e6ggelse eller nedklassificering af offentlig vej v\u00e6re, at vejmyndigheden ved LER-udtr\u00e6k unders\u00f8ger, om der er ledninger i vejarealet, og giver eventuelle ledningsejere en passende frist med henblik p\u00e5 at stille krav om tinglysning efter vejlovens \u00a7 127, stk. 3.<\/p>\n<p>Ledningsejer kan kr\u00e6ve ledninger tinglyst \u2013 men kun i nedlagte offentlige veje<br \/>\nDet fremg\u00e5r af vejlovens \u00a7 127, stk. 3, at ledningsejere kan kr\u00e6ve ledninger tinglyst i det nedlagte vejareal. Tinglysningen foretages af kommunen, mens udgifterne afholdes af ledningsejeren.<br \/>\nDer findes ikke en tilsvarende bestemmelse i privatvejsloven ved nedl\u00e6ggelse af private f\u00e6llesveje, hvorfor ledningsejere alts\u00e5 ikke kan stille krav om tinglysning af ledningerne, n\u00e5r private f\u00e6llesveje nedl\u00e6gges.<br \/>\nMed henvisning til Vejdirektoratets udtalelse m\u00e5 det dog formodes, at der g\u00e6lder den samme s\u00e6rlige hensynspligt til ledningsejeren ved nedl\u00e6ggelse af private f\u00e6llesveje. Det fremg\u00e5r af privatvejsloven, at private f\u00e6llesveje ikke m\u00e5 nedl\u00e6gges uden kommunalbestyrelsens godkendelse, jf. \u00a7 71 (i byen) og \u00a7 12 (p\u00e5 landet).<br \/>\nLedninger i private f\u00e6llesveje i byer er omfattet af privatvejslovens g\u00e6steprincip, jf. lovens \u00a7 70, mens ledningers tilstedev\u00e6relse i private f\u00e6llesveje p\u00e5 landet alene er aftalebaseret.<br \/>\nDet efterlader sp\u00f8rgsm\u00e5let: Hvad er vejmyndighedens forpligtelser i forbindelse med nedl\u00e6ggelse af private f\u00e6llesveje i byen og p\u00e5 landet? Modsat de offentlige veje er vejmyndigheden ikke (n\u00f8dvendigvis) \u201dejer\u201d af de private f\u00e6llesveje.<br \/>\nDet m\u00e5 som n\u00e6vnt formodes, at den s\u00e6rlige hensynspligt til ledningsejeren ogs\u00e5 g\u00e6lder, n\u00e5r private f\u00e6llesveje nedl\u00e6gges. Det kan diskuteres, om den s\u00e6rlige hensynspligt er opfyldt, ved at vejmyndigheden i en tilladelse til nedl\u00e6ggelse af en privat f\u00e6llesvej stiller vilk\u00e5r om, at grundejer skal unders\u00f8ge, om der er eventuelle tinglyste ledninger i vejen og i givet fald skal orientere eventuelle ledningsejere.<br \/>\nDet er dog tvivlsomt, om dette i tilstr\u00e6kkelig grad vil bidrage til sikring af ledningerne. Det kan derfor anbefales, at kommunen selv unders\u00f8ger, om der er (utinglyste) ledninger i det vejareal, der \u00f8nskes nedlagt, og i bekr\u00e6ftende fald betinger tilladelsen til nedl\u00e6ggelse af, at ledningerne tinglyses, hvis ledningsejer \u00f8nsker det. Kommunen b\u00f8r i den forbindelse formentlig ogs\u00e5 orientere eventuelle ledningsejere om den p\u00e5t\u00e6nkte nedl\u00e6ggelse.<br \/>\nVejdirektoratets udtalelse: 9. december 2022 \u2013 22\/18566.<br \/>\nResponsumudvalget for Den Danske Landinspekt\u00f8rforening har desuden udtalt sig om god landinspekt\u00f8rskik og landinspekt\u00f8ransvar ved udtalelse af 16. november 2020 \/ Nr. 43.396 bragt i fagbladet Landinspekt\u00f8ren 1-2021.<br \/>\nHvis du har sp\u00f8rgsm\u00e5l til artiklen kan du kontakte Jonathan Overgaard Markman.<\/p>\n<p>Se alle nyheder fra Vejjura<\/p>\n<p>Kontakt eksperterne<\/p>\n<p>Gert M. Henningsen<br \/>\nJonathan Overgaard Markman<br \/>\nKenneth Holme Poulsen<br \/>\nRen\u00e9 Aggersbjerg<br \/>\nS\u00f8ren Henriksen<br \/>\nThomas Normann Asmussen<br \/>\nVibeke St\u00e6rdahl Nielsen<br \/>\nErik Jeppesen<br \/>\nMartin Korgaard<br \/>\nDaniel Lundeman Lind<\/p>\n","protected":false},"excerpt":{"rendered":"<p>19.04.2023 En ny udtalelse fra Vejdirektoratet belyser, hvorvidt ledningsejere b\u00f8r betragtes som parter i en sag om nedl\u00e6ggelse eller nedklassificering af en offentlig vej og dermed er omfattet af vejlovens regler om 8 ugers h\u00f8ring.\u00a0\u00a0\u00a0 En kommune skulle nedl\u00e6gge en tidligere offentlig vej med hjemmel i vejlovens \u00a7\u00a7 15 og 124. Kommunen p\u00e5t\u00e6nkte at h\u00f8re [&hellip;]<\/p>\n","protected":false},"author":3,"featured_media":0,"parent":0,"menu_order":0,"comment_status":"closed","ping_status":"closed","template":"","meta":{"_acf_changed":false,"footnotes":""},"class_list":["post-1242","page","type-page","status-publish","hentry"],"acf":[],"yoast_head":"<!-- This site is optimized with the Yoast SEO plugin v27.5 - https:\/\/yoast.com\/product\/yoast-seo-wordpress\/ -->\n<title>Hvad sker der med ledningerne, n\u00e5r veje nedl\u00e6gges?<\/title>\n<meta name=\"description\" content=\"Hvad er vejmyndighedens forpligtelse, hvis der er ledninger i de nedlagte vejarealer, og er ledningsejerne parter i sagen?\" \/>\n<meta name=\"robots\" content=\"index, follow, max-snippet:-1, max-image-preview:large, max-video-preview:-1\" \/>\n<link rel=\"canonical\" href=\"https:\/\/www.le34.dk\/da\/hvad-sker-der-med-ledninger\/\" \/>\n<meta property=\"og:locale\" content=\"da_DK\" \/>\n<meta property=\"og:type\" content=\"article\" \/>\n<meta property=\"og:title\" content=\"Hvad sker der med ledningerne, n\u00e5r veje nedl\u00e6gges?\" \/>\n<meta property=\"og:description\" content=\"Hvad er vejmyndighedens forpligtelse, hvis der er ledninger i de nedlagte vejarealer, og er ledningsejerne parter i sagen?\" \/>\n<meta property=\"og:url\" content=\"https:\/\/www.le34.dk\/da\/hvad-sker-der-med-ledninger\/\" \/>\n<meta property=\"og:site_name\" content=\"LE34\" \/>\n<meta property=\"article:modified_time\" content=\"2024-01-15T14:53:18+00:00\" \/>\n<meta name=\"twitter:card\" content=\"summary_large_image\" \/>\n<meta name=\"twitter:label1\" content=\"Estimeret l\u00e6setid\" \/>\n\t<meta name=\"twitter:data1\" content=\"3 minutter\" \/>\n<script type=\"application\/ld+json\" class=\"yoast-schema-graph\">{\"@context\":\"https:\\\/\\\/schema.org\",\"@graph\":[{\"@type\":\"WebPage\",\"@id\":\"https:\\\/\\\/www.le34.dk\\\/da\\\/hvad-sker-der-med-ledninger\\\/\",\"url\":\"https:\\\/\\\/www.le34.dk\\\/da\\\/hvad-sker-der-med-ledninger\\\/\",\"name\":\"Hvad sker der med ledningerne, n\u00e5r veje nedl\u00e6gges?\",\"isPartOf\":{\"@id\":\"https:\\\/\\\/www.le34.dk\\\/da\\\/#website\"},\"datePublished\":\"2023-03-31T10:01:26+00:00\",\"dateModified\":\"2024-01-15T14:53:18+00:00\",\"description\":\"Hvad er vejmyndighedens forpligtelse, hvis der er ledninger i de nedlagte vejarealer, og er ledningsejerne parter i sagen?\",\"breadcrumb\":{\"@id\":\"https:\\\/\\\/www.le34.dk\\\/da\\\/hvad-sker-der-med-ledninger\\\/#breadcrumb\"},\"inLanguage\":\"da-DK\",\"potentialAction\":[{\"@type\":\"ReadAction\",\"target\":[\"https:\\\/\\\/www.le34.dk\\\/da\\\/hvad-sker-der-med-ledninger\\\/\"]}]},{\"@type\":\"BreadcrumbList\",\"@id\":\"https:\\\/\\\/www.le34.dk\\\/da\\\/hvad-sker-der-med-ledninger\\\/#breadcrumb\",\"itemListElement\":[{\"@type\":\"ListItem\",\"position\":1,\"name\":\"Home\",\"item\":\"https:\\\/\\\/www.le34.dk\\\/da\\\/\"},{\"@type\":\"ListItem\",\"position\":2,\"name\":\"Hvad sker der med ledningerne, n\u00e5r veje nedl\u00e6gges?\"}]},{\"@type\":\"WebSite\",\"@id\":\"https:\\\/\\\/www.le34.dk\\\/da\\\/#website\",\"url\":\"https:\\\/\\\/www.le34.dk\\\/da\\\/\",\"name\":\"LE34\",\"description\":\"\",\"potentialAction\":[{\"@type\":\"SearchAction\",\"target\":{\"@type\":\"EntryPoint\",\"urlTemplate\":\"https:\\\/\\\/www.le34.dk\\\/da\\\/?s={search_term_string}\"},\"query-input\":{\"@type\":\"PropertyValueSpecification\",\"valueRequired\":true,\"valueName\":\"search_term_string\"}}],\"inLanguage\":\"da-DK\"}]}<\/script>\n<!-- \/ Yoast SEO plugin. -->","yoast_head_json":{"title":"Hvad sker der med ledningerne, n\u00e5r veje nedl\u00e6gges?","description":"Hvad er vejmyndighedens forpligtelse, hvis der er ledninger i de nedlagte vejarealer, og er ledningsejerne parter i sagen?","robots":{"index":"index","follow":"follow","max-snippet":"max-snippet:-1","max-image-preview":"max-image-preview:large","max-video-preview":"max-video-preview:-1"},"canonical":"https:\/\/www.le34.dk\/da\/hvad-sker-der-med-ledninger\/","og_locale":"da_DK","og_type":"article","og_title":"Hvad sker der med ledningerne, n\u00e5r veje nedl\u00e6gges?","og_description":"Hvad er vejmyndighedens forpligtelse, hvis der er ledninger i de nedlagte vejarealer, og er ledningsejerne parter i sagen?","og_url":"https:\/\/www.le34.dk\/da\/hvad-sker-der-med-ledninger\/","og_site_name":"LE34","article_modified_time":"2024-01-15T14:53:18+00:00","twitter_card":"summary_large_image","twitter_misc":{"Estimeret l\u00e6setid":"3 minutter"},"schema":{"@context":"https:\/\/schema.org","@graph":[{"@type":"WebPage","@id":"https:\/\/www.le34.dk\/da\/hvad-sker-der-med-ledninger\/","url":"https:\/\/www.le34.dk\/da\/hvad-sker-der-med-ledninger\/","name":"Hvad sker der med ledningerne, n\u00e5r veje nedl\u00e6gges?","isPartOf":{"@id":"https:\/\/www.le34.dk\/da\/#website"},"datePublished":"2023-03-31T10:01:26+00:00","dateModified":"2024-01-15T14:53:18+00:00","description":"Hvad er vejmyndighedens forpligtelse, hvis der er ledninger i de nedlagte vejarealer, og er ledningsejerne parter i sagen?","breadcrumb":{"@id":"https:\/\/www.le34.dk\/da\/hvad-sker-der-med-ledninger\/#breadcrumb"},"inLanguage":"da-DK","potentialAction":[{"@type":"ReadAction","target":["https:\/\/www.le34.dk\/da\/hvad-sker-der-med-ledninger\/"]}]},{"@type":"BreadcrumbList","@id":"https:\/\/www.le34.dk\/da\/hvad-sker-der-med-ledninger\/#breadcrumb","itemListElement":[{"@type":"ListItem","position":1,"name":"Home","item":"https:\/\/www.le34.dk\/da\/"},{"@type":"ListItem","position":2,"name":"Hvad sker der med ledningerne, n\u00e5r veje nedl\u00e6gges?"}]},{"@type":"WebSite","@id":"https:\/\/www.le34.dk\/da\/#website","url":"https:\/\/www.le34.dk\/da\/","name":"LE34","description":"","potentialAction":[{"@type":"SearchAction","target":{"@type":"EntryPoint","urlTemplate":"https:\/\/www.le34.dk\/da\/?s={search_term_string}"},"query-input":{"@type":"PropertyValueSpecification","valueRequired":true,"valueName":"search_term_string"}}],"inLanguage":"da-DK"}]}},"_links":{"self":[{"href":"https:\/\/www.le34.dk\/da\/wp-json\/wp\/v2\/pages\/1242","targetHints":{"allow":["GET"]}}],"collection":[{"href":"https:\/\/www.le34.dk\/da\/wp-json\/wp\/v2\/pages"}],"about":[{"href":"https:\/\/www.le34.dk\/da\/wp-json\/wp\/v2\/types\/page"}],"author":[{"embeddable":true,"href":"https:\/\/www.le34.dk\/da\/wp-json\/wp\/v2\/users\/3"}],"replies":[{"embeddable":true,"href":"https:\/\/www.le34.dk\/da\/wp-json\/wp\/v2\/comments?post=1242"}],"version-history":[{"count":1,"href":"https:\/\/www.le34.dk\/da\/wp-json\/wp\/v2\/pages\/1242\/revisions"}],"predecessor-version":[{"id":12898,"href":"https:\/\/www.le34.dk\/da\/wp-json\/wp\/v2\/pages\/1242\/revisions\/12898"}],"wp:attachment":[{"href":"https:\/\/www.le34.dk\/da\/wp-json\/wp\/v2\/media?parent=1242"}],"curies":[{"name":"wp","href":"https:\/\/api.w.org\/{rel}","templated":true}]}}