{"id":1233,"date":"2022-03-30T11:07:00","date_gmt":"2022-03-30T11:07:00","guid":{"rendered":"https:\/\/www.le34.dk\/hojesteretsdom-om-kriegers-flak\/"},"modified":"2024-01-15T14:53:12","modified_gmt":"2024-01-15T14:53:12","slug":"hojesteretsdom-om-kriegers-flak","status":"publish","type":"page","link":"https:\/\/www.le34.dk\/da\/hojesteretsdom-om-kriegers-flak\/","title":{"rendered":"H\u00f8jesteretsdom om Kriegers Flak"},"content":{"rendered":"<p>05.04.2022<br \/>\nEnerginet etablerede i 2017-2018 et kabelanl\u00e6g, der skal transportere str\u00f8m fra havvindm\u00f8lleparken Kriegers Flak i \u00d8sters\u00f8en til h\u00f8jsp\u00e6ndingsnettet p\u00e5 land.. Kabelanl\u00e6gget ligger b\u00e5de i havet og p\u00e5 land.<\/p>\n<p>Hvad handler sagen om?<br \/>\nI forbindelse med realisering af projektet p\u00e5 land indgik Energinet frivillige aftaler med en del af de ber\u00f8rte lodsejere om etablering af kabelanl\u00e6gget og tilh\u00f8rende tinglysning af en ledningsdeklaration. For de resterende lodsejere, hvor det ikke havde v\u00e6ret muligt at indg\u00e5 frivillige aftaler, blev der eksproprieret til selvsamme rettigheder.<br \/>\nSagen udsprang af en r\u00e6kke ekspropriationer til p\u00e5l\u00e6g af ledningsdeklarationen, som udover de s\u00e6dvanlige beskyttelsesbestemmelser (at der ikke m\u00e5 opf\u00f8res bebyggelse, terr\u00e6nreguleres, etableres beplantning mm. uden tilladelse fra Energinet) indeholder en bestemmelse om, at g\u00e6steprincippet er fraveget, og at der stiftes en ubetinget tilstedev\u00e6relsesret for kabelanl\u00e6gget. Flere ber\u00f8rte lodsejere anlagde retssager mod Energinet med p\u00e5stand om blandt andet, at fravigelse af g\u00e6steprincippet i deklarationsteksten var ulovlig. De ber\u00f8rte lodsejere havde nedlagt enslydende p\u00e5stande, og derfor blev de behandlet i \u00e9n og samme sag af b\u00e5de Vestre Landsret og nu ogs\u00e5 H\u00f8jesteret.<\/p>\n<p>Synspunkter (fra landsretsdommen):<br \/>\nI f\u00f8lge lodsejerne ang\u00e5r fravigelse af g\u00e6steprincippet alene sp\u00f8rgsm\u00e5let om, hvem der skal b\u00e6re den \u00f8konomiske risiko for fremtidige flytninger af ledninger. Netop derfor kan en fravigelse af g\u00e6steprincippet kun v\u00e6re motiveret af ledningsejers egne \u00f8konomiske interesser, hvilket er et usagligt hensyn i forbindelse med ekspropriation.<br \/>\nSp\u00f8rgsm\u00e5let om, hvorvidt lodsejerne har modtaget fuldst\u00e6ndig erstatning ved Ekspropriationskommissionens og Taksationskommissionens kendelser var hverken til pr\u00f8velse under landsrettens sag eller H\u00f8jesterets sag.<\/p>\n<p>H\u00f8jesterets begrundelse og resultat:<br \/>\nH\u00f8jesteret finder, at der i elsikkerhedslovens \u00a7 27 er hjemmel til \u2013 som sket \u2013 at fasts\u00e6tte, at den enkelte lodsejer selv skal betale udgifterne til en oml\u00e6gning af jordkabelanl\u00e6gget efter lodsejerens \u00f8nske om \u00e6ndret benyttelse af deklarationsarealet. Alts\u00e5, at der sker sikring af ledningsanl\u00e6gget ved fravigelse af g\u00e6steprincippet, dvs. fuld tilstedev\u00e6relsesret. En pligt for lodsejerne til selv at betale udgifterne kan medvirke til at begr\u00e6nse omfanget af eventuelle fremtidige ledningsoml\u00e6gninger, hvilket sikrer, at havm\u00f8lleparken Kriegers Flak er tilsluttet det danske elnet. Et vilk\u00e5r om fravigelse af g\u00e6steprincippet varetager dermed forsyningsm\u00e6ssige og samfunds\u00f8konomiske hensyn og g\u00e5r ikke videre end, hvad disse hensyn kan begrunde.<br \/>\nH\u00f8jesteret finder s\u00e5ledes, at vilk\u00e5ret om, at g\u00e6steprincippet ikke finder anvendelse er gyldigt og lovligt og stadf\u00e6ster i \u00f8vrigt landsretsdommen.<\/p>\n<p>Har dommen betydning?<br \/>\nJa, dommen har betydning, og det er en sejr for ledningsejere, at der nu er en H\u00f8jesteretsdom, som sl\u00e5r fast, at der kan opn\u00e5s permanent tilstedev\u00e6relsesret for ledningsanl\u00e6g erhvervet ved ekspropriation.<br \/>\nHvis du \u00f8nsker en snak om g\u00e6steprincip og ekspropriation til ledningsanl\u00e6g, er du velkommen til at kontakte artiklens forfatter Vibeke St\u00e6rdahl Nielsen.<\/p>\n<p>H\u00f8jesteretsdommen findes her<br \/>\nSe alle nyheder fra Vejjura<\/p>\n<p>Kontakt eksperterne<\/p>\n<p>Gert M. Henningsen<br \/>\nJonathan Overgaard Markman<br \/>\nKenneth Holme Poulsen<br \/>\nRen\u00e9 Aggersbjerg<br \/>\nS\u00f8ren Henriksen<br \/>\nThomas Normann Asmussen<br \/>\nVibeke St\u00e6rdahl Nielsen<br \/>\nErik Jeppesen<\/p>\n","protected":false},"excerpt":{"rendered":"<p>05.04.2022 Energinet etablerede i 2017-2018 et kabelanl\u00e6g, der skal transportere str\u00f8m fra havvindm\u00f8lleparken Kriegers Flak i \u00d8sters\u00f8en til h\u00f8jsp\u00e6ndingsnettet p\u00e5 land.. Kabelanl\u00e6gget ligger b\u00e5de i havet og p\u00e5 land. Hvad handler sagen om? I forbindelse med realisering af projektet p\u00e5 land indgik Energinet frivillige aftaler med en del af de ber\u00f8rte lodsejere om etablering af [&hellip;]<\/p>\n","protected":false},"author":3,"featured_media":0,"parent":0,"menu_order":0,"comment_status":"closed","ping_status":"closed","template":"","meta":{"_acf_changed":false,"footnotes":""},"class_list":["post-1233","page","type-page","status-publish","hentry"],"acf":[],"yoast_head":"<!-- This site is optimized with the Yoast SEO plugin v27.5 - https:\/\/yoast.com\/product\/yoast-seo-wordpress\/ -->\n<title>H\u00f8jesteretsdom om Kriegers Flak<\/title>\n<meta name=\"robots\" content=\"index, follow, max-snippet:-1, max-image-preview:large, max-video-preview:-1\" \/>\n<link rel=\"canonical\" href=\"https:\/\/www.le34.dk\/da\/hojesteretsdom-om-kriegers-flak\/\" \/>\n<meta property=\"og:locale\" content=\"da_DK\" \/>\n<meta property=\"og:type\" content=\"article\" \/>\n<meta property=\"og:title\" content=\"H\u00f8jesteretsdom om Kriegers Flak\" \/>\n<meta property=\"og:description\" content=\"05.04.2022 Energinet etablerede i 2017-2018 et kabelanl\u00e6g, der skal transportere str\u00f8m fra havvindm\u00f8lleparken Kriegers Flak i \u00d8sters\u00f8en til h\u00f8jsp\u00e6ndingsnettet p\u00e5 land.. Kabelanl\u00e6gget ligger b\u00e5de i havet og p\u00e5 land. Hvad handler sagen om? I forbindelse med realisering af projektet p\u00e5 land indgik Energinet frivillige aftaler med en del af de ber\u00f8rte lodsejere om etablering af [&hellip;]\" \/>\n<meta property=\"og:url\" content=\"https:\/\/www.le34.dk\/da\/hojesteretsdom-om-kriegers-flak\/\" \/>\n<meta property=\"og:site_name\" content=\"LE34\" \/>\n<meta property=\"article:modified_time\" content=\"2024-01-15T14:53:12+00:00\" \/>\n<meta name=\"twitter:card\" content=\"summary_large_image\" \/>\n<meta name=\"twitter:label1\" content=\"Estimeret l\u00e6setid\" \/>\n\t<meta name=\"twitter:data1\" content=\"3 minutter\" \/>\n<script type=\"application\/ld+json\" class=\"yoast-schema-graph\">{\"@context\":\"https:\\\/\\\/schema.org\",\"@graph\":[{\"@type\":\"WebPage\",\"@id\":\"https:\\\/\\\/www.le34.dk\\\/da\\\/hojesteretsdom-om-kriegers-flak\\\/\",\"url\":\"https:\\\/\\\/www.le34.dk\\\/da\\\/hojesteretsdom-om-kriegers-flak\\\/\",\"name\":\"H\u00f8jesteretsdom om Kriegers Flak\",\"isPartOf\":{\"@id\":\"https:\\\/\\\/www.le34.dk\\\/da\\\/#website\"},\"datePublished\":\"2022-03-30T11:07:00+00:00\",\"dateModified\":\"2024-01-15T14:53:12+00:00\",\"breadcrumb\":{\"@id\":\"https:\\\/\\\/www.le34.dk\\\/da\\\/hojesteretsdom-om-kriegers-flak\\\/#breadcrumb\"},\"inLanguage\":\"da-DK\",\"potentialAction\":[{\"@type\":\"ReadAction\",\"target\":[\"https:\\\/\\\/www.le34.dk\\\/da\\\/hojesteretsdom-om-kriegers-flak\\\/\"]}]},{\"@type\":\"BreadcrumbList\",\"@id\":\"https:\\\/\\\/www.le34.dk\\\/da\\\/hojesteretsdom-om-kriegers-flak\\\/#breadcrumb\",\"itemListElement\":[{\"@type\":\"ListItem\",\"position\":1,\"name\":\"Home\",\"item\":\"https:\\\/\\\/www.le34.dk\\\/da\\\/\"},{\"@type\":\"ListItem\",\"position\":2,\"name\":\"H\u00f8jesteretsdom om Kriegers Flak\"}]},{\"@type\":\"WebSite\",\"@id\":\"https:\\\/\\\/www.le34.dk\\\/da\\\/#website\",\"url\":\"https:\\\/\\\/www.le34.dk\\\/da\\\/\",\"name\":\"LE34\",\"description\":\"\",\"potentialAction\":[{\"@type\":\"SearchAction\",\"target\":{\"@type\":\"EntryPoint\",\"urlTemplate\":\"https:\\\/\\\/www.le34.dk\\\/da\\\/?s={search_term_string}\"},\"query-input\":{\"@type\":\"PropertyValueSpecification\",\"valueRequired\":true,\"valueName\":\"search_term_string\"}}],\"inLanguage\":\"da-DK\"}]}<\/script>\n<!-- \/ Yoast SEO plugin. -->","yoast_head_json":{"title":"H\u00f8jesteretsdom om Kriegers Flak","robots":{"index":"index","follow":"follow","max-snippet":"max-snippet:-1","max-image-preview":"max-image-preview:large","max-video-preview":"max-video-preview:-1"},"canonical":"https:\/\/www.le34.dk\/da\/hojesteretsdom-om-kriegers-flak\/","og_locale":"da_DK","og_type":"article","og_title":"H\u00f8jesteretsdom om Kriegers Flak","og_description":"05.04.2022 Energinet etablerede i 2017-2018 et kabelanl\u00e6g, der skal transportere str\u00f8m fra havvindm\u00f8lleparken Kriegers Flak i \u00d8sters\u00f8en til h\u00f8jsp\u00e6ndingsnettet p\u00e5 land.. Kabelanl\u00e6gget ligger b\u00e5de i havet og p\u00e5 land. Hvad handler sagen om? I forbindelse med realisering af projektet p\u00e5 land indgik Energinet frivillige aftaler med en del af de ber\u00f8rte lodsejere om etablering af [&hellip;]","og_url":"https:\/\/www.le34.dk\/da\/hojesteretsdom-om-kriegers-flak\/","og_site_name":"LE34","article_modified_time":"2024-01-15T14:53:12+00:00","twitter_card":"summary_large_image","twitter_misc":{"Estimeret l\u00e6setid":"3 minutter"},"schema":{"@context":"https:\/\/schema.org","@graph":[{"@type":"WebPage","@id":"https:\/\/www.le34.dk\/da\/hojesteretsdom-om-kriegers-flak\/","url":"https:\/\/www.le34.dk\/da\/hojesteretsdom-om-kriegers-flak\/","name":"H\u00f8jesteretsdom om Kriegers Flak","isPartOf":{"@id":"https:\/\/www.le34.dk\/da\/#website"},"datePublished":"2022-03-30T11:07:00+00:00","dateModified":"2024-01-15T14:53:12+00:00","breadcrumb":{"@id":"https:\/\/www.le34.dk\/da\/hojesteretsdom-om-kriegers-flak\/#breadcrumb"},"inLanguage":"da-DK","potentialAction":[{"@type":"ReadAction","target":["https:\/\/www.le34.dk\/da\/hojesteretsdom-om-kriegers-flak\/"]}]},{"@type":"BreadcrumbList","@id":"https:\/\/www.le34.dk\/da\/hojesteretsdom-om-kriegers-flak\/#breadcrumb","itemListElement":[{"@type":"ListItem","position":1,"name":"Home","item":"https:\/\/www.le34.dk\/da\/"},{"@type":"ListItem","position":2,"name":"H\u00f8jesteretsdom om Kriegers Flak"}]},{"@type":"WebSite","@id":"https:\/\/www.le34.dk\/da\/#website","url":"https:\/\/www.le34.dk\/da\/","name":"LE34","description":"","potentialAction":[{"@type":"SearchAction","target":{"@type":"EntryPoint","urlTemplate":"https:\/\/www.le34.dk\/da\/?s={search_term_string}"},"query-input":{"@type":"PropertyValueSpecification","valueRequired":true,"valueName":"search_term_string"}}],"inLanguage":"da-DK"}]}},"_links":{"self":[{"href":"https:\/\/www.le34.dk\/da\/wp-json\/wp\/v2\/pages\/1233","targetHints":{"allow":["GET"]}}],"collection":[{"href":"https:\/\/www.le34.dk\/da\/wp-json\/wp\/v2\/pages"}],"about":[{"href":"https:\/\/www.le34.dk\/da\/wp-json\/wp\/v2\/types\/page"}],"author":[{"embeddable":true,"href":"https:\/\/www.le34.dk\/da\/wp-json\/wp\/v2\/users\/3"}],"replies":[{"embeddable":true,"href":"https:\/\/www.le34.dk\/da\/wp-json\/wp\/v2\/comments?post=1233"}],"version-history":[{"count":1,"href":"https:\/\/www.le34.dk\/da\/wp-json\/wp\/v2\/pages\/1233\/revisions"}],"predecessor-version":[{"id":12890,"href":"https:\/\/www.le34.dk\/da\/wp-json\/wp\/v2\/pages\/1233\/revisions\/12890"}],"wp:attachment":[{"href":"https:\/\/www.le34.dk\/da\/wp-json\/wp\/v2\/media?parent=1233"}],"curies":[{"name":"wp","href":"https:\/\/api.w.org\/{rel}","templated":true}]}}