{"id":1232,"date":"2022-03-30T10:37:41","date_gmt":"2022-03-30T10:37:41","guid":{"rendered":"https:\/\/www.le34.dk\/hojesteretsdom-om-gaesteprincippet-og-landvaesenskommissionskendelser-aalborg-kloak\/"},"modified":"2024-01-15T14:53:11","modified_gmt":"2024-01-15T14:53:11","slug":"hojesteretsdom-om-gaesteprincippet-og-landvaesenskommissionskendelser-aalborg-kloak","status":"publish","type":"page","link":"https:\/\/www.le34.dk\/da\/hojesteretsdom-om-gaesteprincippet-og-landvaesenskommissionskendelser-aalborg-kloak\/","title":{"rendered":"H\u00f8jesteretsdom om g\u00e6steprincippet og landv\u00e6senskommissionskendelser (Aalborg Kloak)"},"content":{"rendered":"<p>05.04.2022<br \/>\nAalborg Kloak-sagen handler om, at en privat grundejer \u00f8nsker at bygge p\u00e5 sin ejendom, som vedkommende har erhvervet i 2017. P\u00e5 ejendommen ligger en spildevandsledning tilh\u00f8rende Aalborg Kloak A\/S, som det er n\u00f8dvendigt at flytte pga. byggeriet.<\/p>\n<p>Sagens baggrund<br \/>\nSpildevandsledningen er omfattet af en landv\u00e6senskommissionskendelse fra 1975, og dele af kendelsen er tinglyst som servitut p\u00e5 ejendommen. Det fremg\u00e5r ikke eksplicit af servitutten, om g\u00e6steprincippet er fraveget eller, om der er udbetalt erstatning i forbindelse med etablering af ledningen. Tvisten drejer sig om, hvorvidt spildevandsledningen er omfattet af g\u00e6steprincippet eller ej, og dermed om det er grundejeren eller Aalborg Kloak A\/S, der skal betale for flytningen af ledningen.<br \/>\nLE34 har fulgt Aalborg Kloak-sagen t\u00e6t og har tidligere bragt to nyhedsbreve om denne sag, som kan l\u00e6ses her:<\/p>\n<p>Artikel fra 01.09.2020<br \/>\nArtikel fra 01.12.2020<\/p>\n<p>Thi kendes for ret<br \/>\nH\u00f8jesteret bem\u00e6rker i sin dom, at<\/p>\n<p>Anbringelsen af Aalborg Kloaks ledninger p\u00e5 matr.nr. \u2026 Aalborg K\u00f8bstads Jorder, beror ikke p\u00e5 en aftale, men p\u00e5 en landv\u00e6senskommissionens kendelse af 21. november 1975. Der er tale om en offentligretlig afg\u00f8relse truffet med hjemmel i lov, og de hensyn, der ved aftaler mellem ledningsejer og arealejer kan begrunde anvendelse af det ulovbestemte g\u00e6steprincip \u2013 herunder det n\u00e6vnte gavemoment \u2013 kan ikke i almindelighed overf\u00f8res p\u00e5 s\u00e5danne tilf\u00e6lde.<\/p>\n<p>H\u00f8jesteret finder derfor, at der i disse tilf\u00e6lde er en formodning for, at arealejeren selv \u2013 p\u00e5 samme m\u00e5de som ved andre arbejder p\u00e5 arealet \u2013 skal betale for ledningsoml\u00e6gninger, der sker p\u00e5 arealejerens foranledning, og at det s\u00e5ledes m\u00e5 kr\u00e6ve s\u00e6rlige holdepunkter i den offentligretlige afg\u00f8relse, hvis dette udgangspunkt skal fraviges.<\/p>\n<p>Af de tinglyste servitutbestemmelser fremg\u00e5r bl.a., at det skal t\u00e5les, at ledningssystemet etableres som vist p\u00e5 en vedh\u00e6ftet tegning, at ledningerne skal henligge uforstyrret, og at det uden tilladelse fra byr\u00e5det er forbudt at udf\u00f8re n\u00e6rmere bestemte arbejder i n\u00e6rheden af ledningerne.<br \/>\nH\u00f8jesteret finder herefter, at kendelsen i mangel af s\u00e6rlige holdepunkter for andet \u2013 og i overensstemmelse med den oven for n\u00e6vnte formodning \u2013 indeb\u00e6rer, at arealejeren selv skal afholde udgifterne til en oml\u00e6gning, der sker p\u00e5 arealejerens foranledning. Det er uden betydning, om der i sin tid blev udbetalt erstatning i anledning af landv\u00e6senskommissionens kendelse.<\/p>\n<p>H\u00f8jesteret sl\u00e5r s\u00e5ledes fast, at n\u00e5r der er tale om offentligretlige afg\u00f8relser \u2013 som en landv\u00e6senskommissionskendelse \u2013 s\u00e5 er udgangspunktet, at g\u00e6steprincippet er fraveget for de af kendelsen omfattede ledningsanl\u00e6g. Der m\u00e5 kr\u00e6ves s\u00e6rlige holdepunkter i den offentligretlige afg\u00f8relse, hvis dette udgangspunkt skal fraviges. H\u00f8jesteret g\u00e5r et skridt videre og anf\u00f8rer, at det er uden betydning, om der i sin tid blev udbetalt erstatning i anledning af landv\u00e6senskommissionens kendelse.<\/p>\n<p>LE34\u2019s vurdering<br \/>\nVi ser meget positivt p\u00e5 dommen og dens resultat. For fortsat at sikre en korrekt r\u00e5dgivning af vores kunder, har vi i sp\u00e6nding, jf. tidligere nyhedsbrev, afventet H\u00f8jesteretsdommen. Vi har, jf. tidligere nyhedsbrev, s\u00e6rligt afventet, om H\u00f8jesteret ville forholde sig til betydningen af, at en ledning er etableret p\u00e5 offentligretlig grundlag og ikke p\u00e5 et privatretligt grundlag som eksempelvis ledningsanl\u00e6gget i Vintapperrampe-sagen.<br \/>\nLE34 har tidligere r\u00e5dgivet efter antagelsen om, at g\u00e6steprincippet er fraveget, n\u00e5r et ledningsanl\u00e6g er omfattet af en landv\u00e6senskommissionskendelse. Det er gl\u00e6deligt, at denne antagelse holder stik og nu er cementeret i H\u00f8jesterets dom. Overraskende \u2013 men s\u00e6rdeles gl\u00e6deligt er det, at H\u00f8jesteret tilmed har anf\u00f8rt, at det er uden betydning, om der i sin tid blev udbetalt erstatning i anledning af landv\u00e6senskommissionens kendelse. Det er LE34\u2019s erfaring, at det kan v\u00e6re sv\u00e6rt at finde dokumentation for, hvor meget, der er udbetalt i erstatning. Med H\u00f8jesterets dom er der nu ikke l\u00e6ngere anledning til at s\u00f8ge efter denne dokumentation.<\/p>\n<p>Dommens betydning<br \/>\nDommen er en sejr for ledningsejerne \u2013 s\u00e6rligt spildevandsselskaber. Det kunne have medf\u00f8rt store konsekvenser for spildevandsselskaberne, hvis H\u00f8jesteret havde stadf\u00e6stet landsrettens dom.<br \/>\nI alle de landv\u00e6senskommissionskendelser (eller kendelser afsagt af Statens vandl\u00f8bsudvalg), som LE34 har kendskab til, er g\u00e6steprincippet ikke eksplicit omtalt hverken i kendelserne (eller servitutterne), ligesom det ikke er dokumenteret (i disse dokumenter), at der er udbetalt erstatning til arealejere. Hvis landsrettens dom var blevet stadf\u00e6stet af H\u00f8jesteret, ville en s\u00e5dan retspraksis have f\u00f8rt til, at enhver grundejer kunne bygge eller foretage andre foranstaltninger uforeneligt med beliggenheden af en spildevandsledning\/regnvandsledning m.m. og i den anledning bede spildevandsselskabet flytte ledningen og betale omkostningerne herfor. Hertil kommer, at denne type ledninger ikke kan placeres \u201dalle andre steder\u201d, men kan v\u00e6re afh\u00e6ngig af terr\u00e6nm\u00e6ssige forhold. Det kunne s\u00e5ledes n\u00e6rmest v\u00e6re umuligt for et spildevandsselskab at finde (og erhverve) en ny placering til en ledning og dermed at opfylde forsyningspligten.<\/p>\n<p>H\u00f8jesteretsdommen findes her.<br \/>\nHvis du \u00f8nsker en snak om g\u00e6steprincippet, deklarationer og erstatning, er du velkommen til at kontakte artiklens forfatter Vibeke St\u00e6rdahl Nielsen.<\/p>\n<p>Se alle nyheder fra Vejjura<\/p>\n<p>Kontakt eksperterne<\/p>\n<p>Gert M. Henningsen<br \/>\nJonathan Overgaard Markman<br \/>\nKenneth Holme Poulsen<br \/>\nRen\u00e9 Aggersbjerg<br \/>\nS\u00f8ren Henriksen<br \/>\nThomas Normann Asmussen<br \/>\nVibeke St\u00e6rdahl Nielsen<br \/>\nErik Jeppesen<\/p>\n","protected":false},"excerpt":{"rendered":"<p>05.04.2022 Aalborg Kloak-sagen handler om, at en privat grundejer \u00f8nsker at bygge p\u00e5 sin ejendom, som vedkommende har erhvervet i 2017. P\u00e5 ejendommen ligger en spildevandsledning tilh\u00f8rende Aalborg Kloak A\/S, som det er n\u00f8dvendigt at flytte pga. byggeriet. Sagens baggrund Spildevandsledningen er omfattet af en landv\u00e6senskommissionskendelse fra 1975, og dele af kendelsen er tinglyst som [&hellip;]<\/p>\n","protected":false},"author":3,"featured_media":0,"parent":0,"menu_order":0,"comment_status":"closed","ping_status":"closed","template":"","meta":{"_acf_changed":false,"footnotes":""},"class_list":["post-1232","page","type-page","status-publish","hentry"],"acf":[],"yoast_head":"<!-- This site is optimized with the Yoast SEO plugin v27.5 - https:\/\/yoast.com\/product\/yoast-seo-wordpress\/ -->\n<title>H\u00f8jesteretsdom om g\u00e6steprincippet og landv\u00e6senskommissionskendelser<\/title>\n<meta name=\"robots\" content=\"index, follow, max-snippet:-1, max-image-preview:large, max-video-preview:-1\" \/>\n<link rel=\"canonical\" href=\"https:\/\/www.le34.dk\/da\/hojesteretsdom-om-gaesteprincippet-og-landvaesenskommissionskendelser-aalborg-kloak\/\" \/>\n<meta property=\"og:locale\" content=\"da_DK\" \/>\n<meta property=\"og:type\" content=\"article\" \/>\n<meta property=\"og:title\" content=\"H\u00f8jesteretsdom om g\u00e6steprincippet og landv\u00e6senskommissionskendelser\" \/>\n<meta property=\"og:description\" content=\"05.04.2022 Aalborg Kloak-sagen handler om, at en privat grundejer \u00f8nsker at bygge p\u00e5 sin ejendom, som vedkommende har erhvervet i 2017. P\u00e5 ejendommen ligger en spildevandsledning tilh\u00f8rende Aalborg Kloak A\/S, som det er n\u00f8dvendigt at flytte pga. byggeriet. Sagens baggrund Spildevandsledningen er omfattet af en landv\u00e6senskommissionskendelse fra 1975, og dele af kendelsen er tinglyst som [&hellip;]\" \/>\n<meta property=\"og:url\" content=\"https:\/\/www.le34.dk\/da\/hojesteretsdom-om-gaesteprincippet-og-landvaesenskommissionskendelser-aalborg-kloak\/\" \/>\n<meta property=\"og:site_name\" content=\"LE34\" \/>\n<meta property=\"article:modified_time\" content=\"2024-01-15T14:53:11+00:00\" \/>\n<meta name=\"twitter:card\" content=\"summary_large_image\" \/>\n<meta name=\"twitter:label1\" content=\"Estimeret l\u00e6setid\" \/>\n\t<meta name=\"twitter:data1\" content=\"4 minutter\" \/>\n<script type=\"application\/ld+json\" class=\"yoast-schema-graph\">{\"@context\":\"https:\\\/\\\/schema.org\",\"@graph\":[{\"@type\":\"WebPage\",\"@id\":\"https:\\\/\\\/www.le34.dk\\\/da\\\/hojesteretsdom-om-gaesteprincippet-og-landvaesenskommissionskendelser-aalborg-kloak\\\/\",\"url\":\"https:\\\/\\\/www.le34.dk\\\/da\\\/hojesteretsdom-om-gaesteprincippet-og-landvaesenskommissionskendelser-aalborg-kloak\\\/\",\"name\":\"H\u00f8jesteretsdom om g\u00e6steprincippet og landv\u00e6senskommissionskendelser\",\"isPartOf\":{\"@id\":\"https:\\\/\\\/www.le34.dk\\\/da\\\/#website\"},\"datePublished\":\"2022-03-30T10:37:41+00:00\",\"dateModified\":\"2024-01-15T14:53:11+00:00\",\"breadcrumb\":{\"@id\":\"https:\\\/\\\/www.le34.dk\\\/da\\\/hojesteretsdom-om-gaesteprincippet-og-landvaesenskommissionskendelser-aalborg-kloak\\\/#breadcrumb\"},\"inLanguage\":\"da-DK\",\"potentialAction\":[{\"@type\":\"ReadAction\",\"target\":[\"https:\\\/\\\/www.le34.dk\\\/da\\\/hojesteretsdom-om-gaesteprincippet-og-landvaesenskommissionskendelser-aalborg-kloak\\\/\"]}]},{\"@type\":\"BreadcrumbList\",\"@id\":\"https:\\\/\\\/www.le34.dk\\\/da\\\/hojesteretsdom-om-gaesteprincippet-og-landvaesenskommissionskendelser-aalborg-kloak\\\/#breadcrumb\",\"itemListElement\":[{\"@type\":\"ListItem\",\"position\":1,\"name\":\"Home\",\"item\":\"https:\\\/\\\/www.le34.dk\\\/da\\\/\"},{\"@type\":\"ListItem\",\"position\":2,\"name\":\"H\u00f8jesteretsdom om g\u00e6steprincippet og landv\u00e6senskommissionskendelser (Aalborg Kloak)\"}]},{\"@type\":\"WebSite\",\"@id\":\"https:\\\/\\\/www.le34.dk\\\/da\\\/#website\",\"url\":\"https:\\\/\\\/www.le34.dk\\\/da\\\/\",\"name\":\"LE34\",\"description\":\"\",\"potentialAction\":[{\"@type\":\"SearchAction\",\"target\":{\"@type\":\"EntryPoint\",\"urlTemplate\":\"https:\\\/\\\/www.le34.dk\\\/da\\\/?s={search_term_string}\"},\"query-input\":{\"@type\":\"PropertyValueSpecification\",\"valueRequired\":true,\"valueName\":\"search_term_string\"}}],\"inLanguage\":\"da-DK\"}]}<\/script>\n<!-- \/ Yoast SEO plugin. -->","yoast_head_json":{"title":"H\u00f8jesteretsdom om g\u00e6steprincippet og landv\u00e6senskommissionskendelser","robots":{"index":"index","follow":"follow","max-snippet":"max-snippet:-1","max-image-preview":"max-image-preview:large","max-video-preview":"max-video-preview:-1"},"canonical":"https:\/\/www.le34.dk\/da\/hojesteretsdom-om-gaesteprincippet-og-landvaesenskommissionskendelser-aalborg-kloak\/","og_locale":"da_DK","og_type":"article","og_title":"H\u00f8jesteretsdom om g\u00e6steprincippet og landv\u00e6senskommissionskendelser","og_description":"05.04.2022 Aalborg Kloak-sagen handler om, at en privat grundejer \u00f8nsker at bygge p\u00e5 sin ejendom, som vedkommende har erhvervet i 2017. P\u00e5 ejendommen ligger en spildevandsledning tilh\u00f8rende Aalborg Kloak A\/S, som det er n\u00f8dvendigt at flytte pga. byggeriet. Sagens baggrund Spildevandsledningen er omfattet af en landv\u00e6senskommissionskendelse fra 1975, og dele af kendelsen er tinglyst som [&hellip;]","og_url":"https:\/\/www.le34.dk\/da\/hojesteretsdom-om-gaesteprincippet-og-landvaesenskommissionskendelser-aalborg-kloak\/","og_site_name":"LE34","article_modified_time":"2024-01-15T14:53:11+00:00","twitter_card":"summary_large_image","twitter_misc":{"Estimeret l\u00e6setid":"4 minutter"},"schema":{"@context":"https:\/\/schema.org","@graph":[{"@type":"WebPage","@id":"https:\/\/www.le34.dk\/da\/hojesteretsdom-om-gaesteprincippet-og-landvaesenskommissionskendelser-aalborg-kloak\/","url":"https:\/\/www.le34.dk\/da\/hojesteretsdom-om-gaesteprincippet-og-landvaesenskommissionskendelser-aalborg-kloak\/","name":"H\u00f8jesteretsdom om g\u00e6steprincippet og landv\u00e6senskommissionskendelser","isPartOf":{"@id":"https:\/\/www.le34.dk\/da\/#website"},"datePublished":"2022-03-30T10:37:41+00:00","dateModified":"2024-01-15T14:53:11+00:00","breadcrumb":{"@id":"https:\/\/www.le34.dk\/da\/hojesteretsdom-om-gaesteprincippet-og-landvaesenskommissionskendelser-aalborg-kloak\/#breadcrumb"},"inLanguage":"da-DK","potentialAction":[{"@type":"ReadAction","target":["https:\/\/www.le34.dk\/da\/hojesteretsdom-om-gaesteprincippet-og-landvaesenskommissionskendelser-aalborg-kloak\/"]}]},{"@type":"BreadcrumbList","@id":"https:\/\/www.le34.dk\/da\/hojesteretsdom-om-gaesteprincippet-og-landvaesenskommissionskendelser-aalborg-kloak\/#breadcrumb","itemListElement":[{"@type":"ListItem","position":1,"name":"Home","item":"https:\/\/www.le34.dk\/da\/"},{"@type":"ListItem","position":2,"name":"H\u00f8jesteretsdom om g\u00e6steprincippet og landv\u00e6senskommissionskendelser (Aalborg Kloak)"}]},{"@type":"WebSite","@id":"https:\/\/www.le34.dk\/da\/#website","url":"https:\/\/www.le34.dk\/da\/","name":"LE34","description":"","potentialAction":[{"@type":"SearchAction","target":{"@type":"EntryPoint","urlTemplate":"https:\/\/www.le34.dk\/da\/?s={search_term_string}"},"query-input":{"@type":"PropertyValueSpecification","valueRequired":true,"valueName":"search_term_string"}}],"inLanguage":"da-DK"}]}},"_links":{"self":[{"href":"https:\/\/www.le34.dk\/da\/wp-json\/wp\/v2\/pages\/1232","targetHints":{"allow":["GET"]}}],"collection":[{"href":"https:\/\/www.le34.dk\/da\/wp-json\/wp\/v2\/pages"}],"about":[{"href":"https:\/\/www.le34.dk\/da\/wp-json\/wp\/v2\/types\/page"}],"author":[{"embeddable":true,"href":"https:\/\/www.le34.dk\/da\/wp-json\/wp\/v2\/users\/3"}],"replies":[{"embeddable":true,"href":"https:\/\/www.le34.dk\/da\/wp-json\/wp\/v2\/comments?post=1232"}],"version-history":[{"count":1,"href":"https:\/\/www.le34.dk\/da\/wp-json\/wp\/v2\/pages\/1232\/revisions"}],"predecessor-version":[{"id":12889,"href":"https:\/\/www.le34.dk\/da\/wp-json\/wp\/v2\/pages\/1232\/revisions\/12889"}],"wp:attachment":[{"href":"https:\/\/www.le34.dk\/da\/wp-json\/wp\/v2\/media?parent=1232"}],"curies":[{"name":"wp","href":"https:\/\/api.w.org\/{rel}","templated":true}]}}