{"id":1195,"date":"2021-01-28T11:29:21","date_gmt":"2021-01-28T11:29:21","guid":{"rendered":"https:\/\/www.le34.dk\/geonote\/"},"modified":"2024-02-26T11:22:28","modified_gmt":"2024-02-26T11:22:28","slug":"geonote","status":"publish","type":"page","link":"https:\/\/www.le34.dk\/da\/geonote\/","title":{"rendered":"GeoNote\u2122"},"content":{"rendered":"<p>Digital opgavestyring og enkel borgerinddragelse til kommuner<br \/>\nVores GeoNote&#8482;-suite til kommuner er udviklet p\u00e5 baggrund af de erfaringer, vi har gjort i samarbejde med vores kunder, s\u00e5 v\u00e6rkt\u00f8jerne er klar til brug, og s\u00e5 det er enkelt at tilpasse ops\u00e6tningen til jeres behov.<\/p>\n<p>Be\u00adhovs\u00adbaserede drift\u00adsop\u00adgaver via IoT-sensorer<br \/>\nFrekvensbaserede driftssystemer kan med fordel suppleres af behovsdrevne systemer, hvor opgaver igangs\u00e6ttes via sensorer, der opfanger og videresender et behov for aktion hos driftsoperat\u00f8ren. IoT, eller Internet of Things, er den brede betegnelse for, at alverdens apparater er forbundne og kan sende information imellem hinanden. Fremtiden byder p\u00e5 mange nye muligheder for at optimere driftssystemer med integration af IoT-sensorer af vidt forskellig art. Det kan v\u00e6re sensorer, der m\u00e5ler behovet for t\u00f8mning af containere, eller sensorer, der m\u00e5ler vandstande i br\u00f8ndsystemer.<br \/>\nGeoNote\u2122 bygger p\u00e5 en smidig bagvedliggende systemarkitektur, der ligesom vores andre platforme kan integrere alle former ekstern data og sensordata sikkert ind i vores systemer. Ogs\u00e5 tredjeparts data fra jeres \u00f8vrige operationelle og administrative systemer kan udstilles og integreres i GeoNote\u2122 og samles \u00e9t sted. LE34 har stor erfaring med opstille og monitorere IoT-sensor systemer, eksempelvis p\u00e5 K\u00f8benhavns Metro, hvor vi hj\u00e6lper vores kunde med at monitorere st\u00f8jniveauer og andre forhold igennem over 3.000 online sensorer, der arbejder i realtid med m\u00e5lingsopgaver. Mulighederne er mange og vi st\u00e5r altid til r\u00e5dighed for en snak om l\u00f8sninger p\u00e5 netop jeres udfordringer.<\/p>\n<p>GeoNote\u2122 i brug<\/p>\n<p>Snerydning &#8211; planl\u00e6gning, n\u00e5r det er allermest uforsigeligt<br \/>\nGeoNote Snerydning\u2122 er endnu et eksempel p\u00e5, hvordan GeoNote\u2122 er et alsidigt redskab, der kan skr\u00e6ddersys til den specifikke driftopgave, kommunen har brug for at f\u00e5 l\u00f8st p\u00e5 en bedre m\u00e5de end hidtil. Med GeoNote Snerydning\u2122 kan koordinatoren l\u00e6gge en optimal rute, dokumentere hvor sneen er ryddet og give borgere et meget pr\u00e6cist svar p\u00e5, hvorn\u00e5r sneen p\u00e5 deres vej vil blive ryddet.<\/p>\n<p>T\u00f8mning af vejbr\u00f8nde<br \/>\nN\u00e5r entrepren\u00f8ren DanSweep skal t\u00f8mme afl\u00f8b og br\u00f8nde i Ikast-Brande Kommune, foreg\u00e5r rekvirering, rapportering og registrering ved hj\u00e6lp af GeoNote Tilsyn\u2122. Kommunen f\u00e5r en enkel oversigt p\u00e5 kort med rapportering via mobil eller tablet. Kortet er intuitivt og farver visualiserer status p\u00e5 vejopgaver (r\u00f8d\/gul\/gr\u00f8n). P\u00e5 denne m\u00e5de kan andre kommuner ligesom Ikast-Brande f\u00e5 let adgang til at f\u00f8re tilsyn med  de opgaver, som bliver l\u00f8st af eksterne leverand\u00f8rer.<\/p>\n<p>Gadelys &#8211; GeoNote\u2122 kaster lys over, hvor godt arbejdet er lavet<br \/>\nMange kommuner har udliciteret tilsynet og udskiftning af p\u00e6rer i gadelamper til eksterne leverand\u00f8rer. Med GeoNote Gadelys\u2122 kan I organisere og effektivisere samarbejdet til gavn for begge parter &#8211; kortet i GeoNote\u2122 er intuitivt og visualiserer tydeligt status p\u00e5 gadelysopgaver (r\u00f8d\/gul\/gr\u00f8n), s\u00e5 I f\u00e5r overblik over fremdriften.<\/p>\n<p>Klima-alarm<br \/>\nPriorit\u00e9r ressourcerne p\u00e5 at rense de br\u00f8nde og riste, som I af erfaring ved, er krumtappen for at mindske risikoen for oversv\u00f8mmelser under et skybrud. I GeoNote\u2122 kan kommunen ops\u00e6tte en klimaalarm, s\u00e5 I f\u00e5r overblik over alle de  steder, der skal v\u00e6re helt ny-rensede, n\u00e5r der er varslet skybrud.<\/p>\n<p>Tryghed &#8211; borgertips giver praj om potentielle problemer<br \/>\nGeoNote Tryghed\u2122 er en videreudvikling af den popul\u00e6re GeoNote Borgertip\u2122. LE34 udvikler den nye funktion i samarbejde med Fures\u00f8 Kommune. Borgerne kan give kommunen et praj, hvis de ser en gruppering af personer, der opf\u00f8rer sig atypisk eller observerer anden aktivitet, der er uvant. Borgernes indberetninger via GeoNote Tryghed\u2122 bliver l\u00e6st af kommunens SSP-medarbejdere, der vurderer, hvordan situationen bedst kan l\u00f8ses, og hvor akut den er.<\/p>\n<p>Borgertip<br \/>\nForestil dig, hvor nemt det er at kommunikere med borgerne, n\u00e5r du har den intelligent app GeoNote Borgertip\u2122 til r\u00e5dighed.  Med appen kan borgerne selv indrapportere en observation (for eksempel et hul i vejen eller et \u00f8delagt r\u00e6kv\u00e6rk), som derefter vises direkte p\u00e5 sk\u00e6rmen hos kommunen. Borgertip finder den pr\u00e6cise lokalitet for observationen vha. GPS og sender behovet for reparation til kommunens leverand\u00f8rer. Endelig holder GeoNote Borgertip\u2122 b\u00e5de kommunen og borgeren opdateret p\u00e5, hvor langt reparationen er n\u00e5et.<br \/>\nFlere funktioner i Borgertip<\/p>\n<p>Risiko-tr\u00e6er<br \/>\nKommunerne f\u00e5r nemmere ved at l\u00f8fte deres ansvar for, at tr\u00e6er ud til offentlig vej er i sikkerhedsm\u00e6ssig forsvarlig stand, n\u00e5r de bruger GeoNote Risikotr\u00e6er\u2122. Brug v\u00e6rkt\u00f8jet til at registrere den n\u00f8jagtige lokalitet af de tr\u00e6er, der vurderes at have risiko for at v\u00e6lte i storm eller af alderdom. Derefter generer GeoNote Tilsynsopgaver\u2122 p\u00e5 de identificerede risikotr\u00e6er og samler dokumentation for kommunens tilsyn af de enkelte tr\u00e6er.<\/p>\n<p>Oprydning af cykler<br \/>\nHvis der er noget danskerne elsker mere end deres cykel, m\u00e5 det v\u00e6re en ledig parkeringsplads til cyklen. Med GeoNote\u2122 fra LE34 kan kommunen erstatte mavefornemmelsen for, hvilke cykelstativer der skal tyndes ud i, med viden. Planl\u00e6g den optimale rute ud fra den g\u00e6ldende koncentrationen af efterladte cykler. Det g\u00f8r oprydningen effektiv og sparer penge: I rydder op, hvor det gavner mest og minimerer behovet for at anl\u00e6gge nye cykelstativer.<\/p>\n<p>Valgplakater &#8211; det beh\u00f8ver ikke v\u00e6re sv\u00e6rt<br \/>\nDokumentation, registrering og opf\u00f8lgning p\u00e5 ulovligt placerede valgplakater er en tung og tidskr\u00e6vende opgave for kommuner. Men s\u00e5dan beh\u00f8ver det ikke at v\u00e6re. GeoNote Valgplakater\u2122 automatiserer hele processen fra registrering og kontakt til dokumentation og tidsfrister.<\/p>\n<p>Dr\u00e6n<br \/>\nGeoNote Dr\u00e6n\u2122 registrer ved hj\u00e6lp af GPS nye dr\u00e6nr\u00f8r og dr\u00e6nbr\u00f8nde.  Det er en stor fordel for b\u00e5de landm\u00e6nd og entrepren\u00f8rer, at dr\u00e6n kan blive digitaliseret &#8211; s\u00e5 er de nemlig til at finde igen, n\u00e5r de skal vedligeholdes, eller hvis de skal flyttes. Det sparer tid og frustrationer.<br \/>\nL\u00e6s, hvordan GeoNote Dr\u00e6n\u2122 har forandret hverdagen p\u00e5 Klitgaard Agro<\/p>\n<p>Vejtilsyn med styr p\u00e5 dokumentationen<br \/>\nGeoNote Vejsyn\u2122 har allerede sparet flere kommuner mange penge i erstatningssager, fordi GeoNote\u2122 samler al dokumentation for tilsynet \u00e9t sted. Kommunen kan dermed dokumentere hvor, hvorn\u00e5r og hvordan tilsynet med den p\u00e5g\u00e6ldende vej er blevet gennemf\u00f8rt. Desuden kan GeoNote Vejsyn\u2122 noget, som ingen af de \u00f8vrige l\u00f8sninger p\u00e5 markedet kan:  N\u00e5r I udbedrer skader p\u00e5 vejen, kan I opdatere hele ruten ad \u00e9n omgang, i stedet for at hvert sted skal opdateres manuelt.<\/p>\n<p>Vandl\u00f8b &#8211; f\u00e5 det forkromede overblik over rensning og dybde<br \/>\nSom en del af de lovpligtige kommunale klimatilpasningsplaner er det uundv\u00e6rligt at have styr p\u00e5, hvordan det st\u00e5r til i de mange sm\u00e5 og store vandl\u00f8b, der l\u00f8ber p\u00e5 kryds og tv\u00e6rs igennem kommunen. Det er vandl\u00f8bene, der skal opsamle regnvand og ikke mindst opsuge det i et tilstr\u00e6kkeligt h\u00f8jt tempo under skybruds- og ekstremregnssituationer, der if\u00f8lge DMI forventes flere af i fremtiden. Med GeoNote Vandl\u00f8b\u2122 kan I samle data om vandl\u00f8bene \u00e9t sted, s\u00e5 I kan bevare overblikket og planl\u00e6gge og tilpasse hyppigheden af tilsyn og oprensning.<\/p>\n<p>Ukrudtsbr\u00e6nding, gr\u00e6ssl\u00e5ning og h\u00e6kkeklip<br \/>\nDet lyse halv\u00e5r er ekstra travlt, n\u00e5r det handler om den l\u00f8bende vedligeholdelse af kommunens udend\u00f8rs arealer. Med GeoNote\u2122 kan I planl\u00e6gge, rekvirere, registrere og logge alle udend\u00f8rs opgaver &#8211; uanset om det er ukrudtsbr\u00e6nding eller h\u00e6kkeklip, og uanset om det er en ekstern leverand\u00f8r eller kommunens egne medarbejdere, der udf\u00f8rer opgaverne. Kortet i GeoNote\u2122 er intuitivt og farver visualiserer status p\u00e5 opgaverne (r\u00f8d\/gul\/gr\u00f8n).<\/p>\n<p>Invasive arter<br \/>\nKommunerne bruger hvert \u00e5r mange kr\u00e6fter og penge p\u00e5 at bek\u00e6mpe den invasive k\u00e6mpebj\u00f8rneklo. Men tjansen bliver mere overskuelig og effektiv ved hj\u00e6lp af GeoNote Invasive Arter\u2122. Brug det til at planl\u00e6gge bek\u00e6mpelsesarbejdet og til at registrere den n\u00f8jagtige udbredelse af planten, s\u00e5 I er sikre p\u00e5 at f\u00e5 ram p\u00e5 alle planter. Hvis k\u00e6mpebj\u00f8rnekloen st\u00e5r p\u00e5 et areal, der er ejet af andre end kommunen, kan GeoNote\u2122 automatisk sende informationen videre til de respektive ejere.<\/p>\n<p>Affaldst\u00f8mning tilpasset s\u00e6sonernes skiftende behov<br \/>\nEn hel central fordel ved at bruge GeoNote\u2122 til at planl\u00e6gge og registrere t\u00f8mning af de mange affaldsspande rundt omkring p\u00e5 stier, veje, torve og parker er, at den enkelte medarbejder, der bruger GeoNote\u2122 selv kan \u00e6ndre t\u00f8mningsfrekvensen og oprette, flytte eller nedl\u00e6gge affaldsbeholdere. Det sparer tid og sikrer, at affaldsbeholderne bliver t\u00f8mt i overensstemmelse med det reelle behov.<\/p>\n<p>GeoNote\u2122 g\u00f8r det nemmere at holde styr p\u00e5 rottebek\u00e6mpelsen<br \/>\nVi har lavet GeoNote\u2122 for at l\u00f8se virkelighedens udfordringer &#8211; det g\u00e6lder ogs\u00e5 kommunernes ansvar for rottebek\u00e6mpelse. For eksempel kan borgere indberette deres rotte-observationer via GeoNote Borgertip\u2122, kommunerne kan ogs\u00e5 bruge GeoNote\u2122 til at oprette tilsynspligtige ejendomme med et fast gentagelse, s\u00e5 der kommer styr p\u00e5 planl\u00e6gningen af tilsynet, ligesom GeoNote\u2122 kan bruges til at registrere de gennemf\u00f8rte tilsyn. Kontakt os for at h\u00f8re mere om mulighederne.<\/p>\n<p>Solr\u00f8d Kommune bruger GeoNote\u2122 til digitalt tilsyn<br \/>\nFor Solr\u00f8d Kommune har LE34 sikret, at fremdriften i entrepren\u00f8rernes affaldst\u00f8mning p\u00e5 Solr\u00f8d Strand kan moniteres og rapporteres nemt og effektivt. Entrepren\u00f8rens medarbejderne registrerer affaldst\u00f8mningen direkte i marken, og p\u00e5 kontoret f\u00e5r kommunen en enkel oversigt p\u00e5 kort.<\/p>\n<p>Forsyninger opn\u00e5r effektiv opgavestyring med GeoNote\u2122<br \/>\nMed GeoNote&#8482; f\u00e5r du samlet din forsynings driftsopgaver i \u00e9t system.<br \/>\nDu f\u00e5r\u00a0et komplet overblik, slipper for tunge arbejdsgange og f\u00e5r sikkerhed for dit ledningsnet.<br \/>\nMed GeoNote&#8482; f\u00e5r du en pakkel\u00f8sning til at l\u00f8se dine driftsopgaver i ledningsnettet, samtidig beriger vores app din planl\u00e6gning med redskaber til at forudsige fremtidige behov for eftersyn og prioritere indsatsen.<br \/>\nDermed f\u00e5r du mulighed for at optimere arbejdsprocesser i planl\u00e6gningen af renoverings- og udbygningsopgaver.<br \/>\nRedskaberne er udviklet specifikt til forsyninger med fokus p\u00e5 brugervenlighed. Systemet\u00a0er klar til anvendelse og du kan altid tilpasse ops\u00e6tningen til jeres behov.<br \/>\nSystemet beriger din planl\u00e6gning med redskaber til at anvende viden om ledningsnettet m\u00e5lrettet til at forudsige behov for eftersyn og prioritere indsatsen.<\/p>\n<p>L\u00e6s mere om VA-banken \u00a9<br \/>\nL\u00e6s mere om vores \u00f8vrige arbejde for forsyninger<\/p>\n<p>Fures\u00f8 Kommune har automatiseret LER-besvarelser<br \/>\nMed over 1.000 foresp\u00f8rgsler om \u00e5ret sparer Fures\u00f8 Kommune mange timers manuel h\u00e5ndtering af ledningsoplysninger ved at bruge GeoNote AutoLER\u2122 til at besvare graveforsp\u00f8rgsler. Med Geonote AutoLER\u2122 sikrer Fures\u00f8 Kommune hurtig og automatisk levering af de aktuelle ledningsoplysninger til graveakt\u00f8ren.<\/p>\n<p>Boligforeninger f\u00e5r et bedre driftsbudget med GeoNote\u2122<br \/>\nBoligselskaber sikrer effektiv drift af udearealerne med GeoNote&#8482; som dagligt v\u00e6rkt\u00f8j til den kort- og langsigtede planl\u00e6gning.\u00a0<br \/>\nKortet, der er det visuelle omdrejningspunkt, n\u00e5r boligselskabet bruger GeoNote&#8482;, er blevet dannet ved hj\u00e6lp af en droneoverflyvning, hvor arealerne gendannes som en m\u00e5lfast 3D-model over bygninger og udearealer.<br \/>\nMed modellen er det nemt og effektivt at danne sig et pr\u00e6cist overblik over udearealerne, s\u00e5ledes at du kan udregne driftsbudgetter.<br \/>\nDu kan lave digitale plejeplaner og driftsplanl\u00e6gning baseret p\u00e5 dit overblik i modellen.\u00a0<br \/>\nDet er nemt at dokumentere dit udf\u00f8rte arbejde i dagligdagen, hvilket sparer penge p\u00e5 administration.\u00a0<\/p>\n<p>L\u00e6s mere om vores brug af droner<\/p>\n<p>Glostrup Boligselskab f\u00e5r overblik med droner og GeoNote\u2122<br \/>\nLE34 lavede en terr\u00e6nmodel og komplet opm\u00e5ling med drone af alle br\u00f8nde, bygninger og udearealer i Tranemoseg\u00e5rd i Br\u00f8ndby, som Boligselskabet Bo-Vest administrerer. Resultatet er, at boligselskabet har f\u00e5et bedre styr p\u00e5 driftsplanl\u00e6gningen.<\/p>\n<p>Spar tid i driften med Landbrugets Kortservice\u2122<br \/>\nLandbrugets Kortservice&#8482; er en brugervenlig og n\u00f8jagtig app, udviklet af LE34, der giver landmanden det komplette overblik over sin bedrift.<br \/>\nAppen g\u00f8r det muligt at samle alle informationer om dr\u00e6n, ejendomsoplysninger og den l\u00f8bende dokumentation af de opgaver, medarbejderne har l\u00f8st.<br \/>\nMed Landbrugets Kortservice&#8482; kan du droppe papirbunkerne og f\u00e5 dine vigtige informationer med i marken.<br \/>\nDermed f\u00e5r du styr p\u00e5 dokumentationen af dine forpagtninger og kommunikationen med myndighederne \u2013 og det er let at sende driftsopgaver videre til smartphone, tablet eller traktorens GPS.<\/p>\n<p>L\u00e6s mere om vores arbejde i det \u00e5bne land<\/p>\n<p>GeoNote Dr\u00e6n\u2122 giver Klitgaard Agro overblik<br \/>\nN\u00e5r medarbejderne p\u00e5 Klitgaard Agro skulle efterse de nedgravede r\u00f8r, m\u00e5tte de ofte g\u00e6tte sig frem til placeringen, fordi de gamle dr\u00e6nkort var upr\u00e6cise, eller fordi der slet ikke var noget kort. En tidskr\u00e6vende og frustrerende proces, som mange landbrug kender til. Men med Geonote Dr\u00e6n\u2122 er dr\u00e6nenes placering nu gemt digitalt, og vedligeholdelse er blevet nemt: Man finder frem til dr\u00e6nenes pr\u00e6cise placering i GeoNote Dr\u00e6n\u2122 ved hj\u00e6lp af GPS og skal ikke bruge tid p\u00e5 at grave det forkerte sted.<\/p>\n<p>Kontakt os<br \/>\nKontakt vores specialist og h\u00f8r mere om, hvordan GeoNote&#8482; kan g\u00f8re driftsopgaver i kommuner, regioner, forsyningsselskaber og landbrugsbedrifter mere effektive og intelligente.<br \/>\nPeter Hages\u00f8<br \/>\nForretningskonsulent<br \/>\nLE34 K\u00f8benhavn<\/p>\n<p>Tlf.\u00a0\u00a0+45 4412 3581<br \/>\npeh@le34.dk<br \/>\n\u00a0<\/p>\n","protected":false},"excerpt":{"rendered":"<p>Digital opgavestyring og enkel borgerinddragelse til kommuner Vores GeoNote&#8482;-suite til kommuner er udviklet p\u00e5 baggrund af de erfaringer, vi har gjort i samarbejde med vores kunder, s\u00e5 v\u00e6rkt\u00f8jerne er klar til brug, og s\u00e5 det er enkelt at tilpasse ops\u00e6tningen til jeres behov. Be\u00adhovs\u00adbaserede drift\u00adsop\u00adgaver via IoT-sensorer Frekvensbaserede driftssystemer kan med fordel suppleres af behovsdrevne [&hellip;]<\/p>\n","protected":false},"author":28,"featured_media":0,"parent":0,"menu_order":0,"comment_status":"closed","ping_status":"closed","template":"","meta":{"_acf_changed":false,"footnotes":""},"class_list":["post-1195","page","type-page","status-publish","hentry"],"acf":[],"yoast_head":"<!-- This site is optimized with the Yoast SEO plugin v27.4 - https:\/\/yoast.com\/product\/yoast-seo-wordpress\/ -->\n<title>GeoNote\u2122 - De bedste digitale v\u00e6rkt\u00f8jer til drift og planl\u00e6gning fra IT34<\/title>\n<meta name=\"description\" content=\"Med GeoNote\u2122 fra IT34 kan du optimere opgavestyringen og undg\u00e5 besv\u00e6rlig kommunikation. F\u00e5 en digital l\u00f8sning, der letter jeres arbejdsgange.\" \/>\n<meta name=\"robots\" content=\"index, follow, max-snippet:-1, max-image-preview:large, max-video-preview:-1\" \/>\n<link rel=\"canonical\" href=\"https:\/\/www.le34.dk\/da\/geonote\/\" \/>\n<meta property=\"og:locale\" content=\"da_DK\" \/>\n<meta property=\"og:type\" content=\"article\" \/>\n<meta property=\"og:title\" content=\"GeoNote\u2122 - De bedste digitale v\u00e6rkt\u00f8jer til drift og planl\u00e6gning fra IT34\" \/>\n<meta property=\"og:description\" content=\"Med GeoNote\u2122 fra IT34 kan du optimere opgavestyringen og undg\u00e5 besv\u00e6rlig kommunikation. F\u00e5 en digital l\u00f8sning, der letter jeres arbejdsgange.\" \/>\n<meta property=\"og:url\" content=\"https:\/\/www.le34.dk\/da\/geonote\/\" \/>\n<meta property=\"og:site_name\" content=\"LE34\" \/>\n<meta property=\"article:modified_time\" content=\"2024-02-26T11:22:28+00:00\" \/>\n<meta name=\"twitter:card\" content=\"summary_large_image\" \/>\n<meta name=\"twitter:label1\" content=\"Estimeret l\u00e6setid\" \/>\n\t<meta name=\"twitter:data1\" content=\"28 minutter\" \/>\n<script type=\"application\/ld+json\" class=\"yoast-schema-graph\">{\"@context\":\"https:\\\/\\\/schema.org\",\"@graph\":[{\"@type\":\"WebPage\",\"@id\":\"https:\\\/\\\/www.le34.dk\\\/da\\\/geonote\\\/\",\"url\":\"https:\\\/\\\/www.le34.dk\\\/da\\\/geonote\\\/\",\"name\":\"GeoNote\u2122 - De bedste digitale v\u00e6rkt\u00f8jer til drift og planl\u00e6gning fra IT34\",\"isPartOf\":{\"@id\":\"https:\\\/\\\/www.le34.dk\\\/da\\\/#website\"},\"datePublished\":\"2021-01-28T11:29:21+00:00\",\"dateModified\":\"2024-02-26T11:22:28+00:00\",\"description\":\"Med GeoNote\u2122 fra IT34 kan du optimere opgavestyringen og undg\u00e5 besv\u00e6rlig kommunikation. F\u00e5 en digital l\u00f8sning, der letter jeres arbejdsgange.\",\"breadcrumb\":{\"@id\":\"https:\\\/\\\/www.le34.dk\\\/da\\\/geonote\\\/#breadcrumb\"},\"inLanguage\":\"da-DK\",\"potentialAction\":[{\"@type\":\"ReadAction\",\"target\":[\"https:\\\/\\\/www.le34.dk\\\/da\\\/geonote\\\/\"]}]},{\"@type\":\"BreadcrumbList\",\"@id\":\"https:\\\/\\\/www.le34.dk\\\/da\\\/geonote\\\/#breadcrumb\",\"itemListElement\":[{\"@type\":\"ListItem\",\"position\":1,\"name\":\"Home\",\"item\":\"https:\\\/\\\/www.le34.dk\\\/da\\\/\"},{\"@type\":\"ListItem\",\"position\":2,\"name\":\"GeoNote\u2122\"}]},{\"@type\":\"WebSite\",\"@id\":\"https:\\\/\\\/www.le34.dk\\\/da\\\/#website\",\"url\":\"https:\\\/\\\/www.le34.dk\\\/da\\\/\",\"name\":\"LE34\",\"description\":\"\",\"potentialAction\":[{\"@type\":\"SearchAction\",\"target\":{\"@type\":\"EntryPoint\",\"urlTemplate\":\"https:\\\/\\\/www.le34.dk\\\/da\\\/?s={search_term_string}\"},\"query-input\":{\"@type\":\"PropertyValueSpecification\",\"valueRequired\":true,\"valueName\":\"search_term_string\"}}],\"inLanguage\":\"da-DK\"}]}<\/script>\n<!-- \/ Yoast SEO plugin. -->","yoast_head_json":{"title":"GeoNote\u2122 - De bedste digitale v\u00e6rkt\u00f8jer til drift og planl\u00e6gning fra IT34","description":"Med GeoNote\u2122 fra IT34 kan du optimere opgavestyringen og undg\u00e5 besv\u00e6rlig kommunikation. F\u00e5 en digital l\u00f8sning, der letter jeres arbejdsgange.","robots":{"index":"index","follow":"follow","max-snippet":"max-snippet:-1","max-image-preview":"max-image-preview:large","max-video-preview":"max-video-preview:-1"},"canonical":"https:\/\/www.le34.dk\/da\/geonote\/","og_locale":"da_DK","og_type":"article","og_title":"GeoNote\u2122 - De bedste digitale v\u00e6rkt\u00f8jer til drift og planl\u00e6gning fra IT34","og_description":"Med GeoNote\u2122 fra IT34 kan du optimere opgavestyringen og undg\u00e5 besv\u00e6rlig kommunikation. F\u00e5 en digital l\u00f8sning, der letter jeres arbejdsgange.","og_url":"https:\/\/www.le34.dk\/da\/geonote\/","og_site_name":"LE34","article_modified_time":"2024-02-26T11:22:28+00:00","twitter_card":"summary_large_image","twitter_misc":{"Estimeret l\u00e6setid":"28 minutter"},"schema":{"@context":"https:\/\/schema.org","@graph":[{"@type":"WebPage","@id":"https:\/\/www.le34.dk\/da\/geonote\/","url":"https:\/\/www.le34.dk\/da\/geonote\/","name":"GeoNote\u2122 - De bedste digitale v\u00e6rkt\u00f8jer til drift og planl\u00e6gning fra IT34","isPartOf":{"@id":"https:\/\/www.le34.dk\/da\/#website"},"datePublished":"2021-01-28T11:29:21+00:00","dateModified":"2024-02-26T11:22:28+00:00","description":"Med GeoNote\u2122 fra IT34 kan du optimere opgavestyringen og undg\u00e5 besv\u00e6rlig kommunikation. F\u00e5 en digital l\u00f8sning, der letter jeres arbejdsgange.","breadcrumb":{"@id":"https:\/\/www.le34.dk\/da\/geonote\/#breadcrumb"},"inLanguage":"da-DK","potentialAction":[{"@type":"ReadAction","target":["https:\/\/www.le34.dk\/da\/geonote\/"]}]},{"@type":"BreadcrumbList","@id":"https:\/\/www.le34.dk\/da\/geonote\/#breadcrumb","itemListElement":[{"@type":"ListItem","position":1,"name":"Home","item":"https:\/\/www.le34.dk\/da\/"},{"@type":"ListItem","position":2,"name":"GeoNote\u2122"}]},{"@type":"WebSite","@id":"https:\/\/www.le34.dk\/da\/#website","url":"https:\/\/www.le34.dk\/da\/","name":"LE34","description":"","potentialAction":[{"@type":"SearchAction","target":{"@type":"EntryPoint","urlTemplate":"https:\/\/www.le34.dk\/da\/?s={search_term_string}"},"query-input":{"@type":"PropertyValueSpecification","valueRequired":true,"valueName":"search_term_string"}}],"inLanguage":"da-DK"}]}},"_links":{"self":[{"href":"https:\/\/www.le34.dk\/da\/wp-json\/wp\/v2\/pages\/1195","targetHints":{"allow":["GET"]}}],"collection":[{"href":"https:\/\/www.le34.dk\/da\/wp-json\/wp\/v2\/pages"}],"about":[{"href":"https:\/\/www.le34.dk\/da\/wp-json\/wp\/v2\/types\/page"}],"author":[{"embeddable":true,"href":"https:\/\/www.le34.dk\/da\/wp-json\/wp\/v2\/users\/28"}],"replies":[{"embeddable":true,"href":"https:\/\/www.le34.dk\/da\/wp-json\/wp\/v2\/comments?post=1195"}],"version-history":[{"count":3,"href":"https:\/\/www.le34.dk\/da\/wp-json\/wp\/v2\/pages\/1195\/revisions"}],"predecessor-version":[{"id":14252,"href":"https:\/\/www.le34.dk\/da\/wp-json\/wp\/v2\/pages\/1195\/revisions\/14252"}],"wp:attachment":[{"href":"https:\/\/www.le34.dk\/da\/wp-json\/wp\/v2\/media?parent=1195"}],"curies":[{"name":"wp","href":"https:\/\/api.w.org\/{rel}","templated":true}]}}