{"id":1188,"date":"2017-07-24T06:38:42","date_gmt":"2017-07-24T06:38:42","guid":{"rendered":"https:\/\/www.le34.dk\/generationsskifte-i-naestved\/"},"modified":"2024-01-15T14:52:27","modified_gmt":"2024-01-15T14:52:27","slug":"generationsskifte-i-naestved","status":"publish","type":"page","link":"https:\/\/www.le34.dk\/da\/generationsskifte-i-naestved\/","title":{"rendered":"Generationsskifte i N\u00e6stved"},"content":{"rendered":"<p>Droneexpert<br \/>\nHos LE34 bliver Torbj\u00f8rn Mandahl Pedersen ny forretnings- omr\u00e5dechef for GIS. Det betyder et \u00f8get fokus p\u00e5 brugervenlige.<\/p>\n<p>K\u00e6mpe kapacitet<br \/>\nLandinspekt\u00f8r Lasse Kjemtrup (48 \u00e5r) tiltr\u00e5dte ved nyt\u00e5r som afdelingsleder for Landinspekt\u00f8rfirmaet LE34\u2019s kontor i N\u00e6stved. Lasse afl\u00f8ser landinspekt\u00f8r Kaj Malmskov, der fyldte 67 \u00e5r i \u00e5r 2016 og valgte at g\u00e5 p\u00e5 pension den 31. december 2016.<br \/>\nP\u00e5 samme tidspunkt valgte ogs\u00e5 de to tekniske assistenter, Bodil Rasmussen og Lone Jongberg, at g\u00e5 p\u00e5 pension. Bodil og Lone har ogs\u00e5 v\u00e6ret tilknyttet firmaets kontor i N\u00e6stved i en lang \u00e5rr\u00e6kke. Der er ingen tvivl om, at Kaj, Lone og Bodil var meget afholdte blandt kunderne, og har v\u00e6ret store kapaciteter for LE34 og firmaets N\u00e6stved-kontor.<\/p>\n<p>Erfaring fra hele verden<br \/>\nLasse Kjemtrup har v\u00e6ret afdelingsleder for LE34\u00b4s kontor i Ringsted og Sor\u00f8 de seneste 3 \u00e5r og har fra den 1. januar 2017 ogs\u00e5 taget ansvaret som afdelingsleder for kontoret i N\u00e6stved, hvor han har arbejdet som landinspekt\u00f8r i en l\u00e6ngere periode.<\/p>\n<p>F\u00e5 mere at vide<br \/>\nKontakt os<br \/>\nLasse Kjemtrup<br \/>\nAfdelingsleder, Landinspekt\u00f8r<br \/>\n+45 2396 4760<br \/>\nlkj@le34.dk<\/p>\n","protected":false},"excerpt":{"rendered":"<p>Droneexpert Hos LE34 bliver Torbj\u00f8rn Mandahl Pedersen ny forretnings- omr\u00e5dechef for GIS. Det betyder et \u00f8get fokus p\u00e5 brugervenlige. K\u00e6mpe kapacitet Landinspekt\u00f8r Lasse Kjemtrup (48 \u00e5r) tiltr\u00e5dte ved nyt\u00e5r som afdelingsleder for Landinspekt\u00f8rfirmaet LE34\u2019s kontor i N\u00e6stved. Lasse afl\u00f8ser landinspekt\u00f8r Kaj Malmskov, der fyldte 67 \u00e5r i \u00e5r 2016 og valgte at g\u00e5 p\u00e5 pension [&hellip;]<\/p>\n","protected":false},"author":3,"featured_media":0,"parent":0,"menu_order":0,"comment_status":"closed","ping_status":"closed","template":"","meta":{"_acf_changed":false,"footnotes":""},"class_list":["post-1188","page","type-page","status-publish","hentry"],"acf":[],"yoast_head":"<!-- This site is optimized with the Yoast SEO plugin v27.4 - https:\/\/yoast.com\/product\/yoast-seo-wordpress\/ -->\n<title>Generationsskifte i N\u00e6stved - LE34<\/title>\n<meta name=\"robots\" content=\"index, follow, max-snippet:-1, max-image-preview:large, max-video-preview:-1\" \/>\n<link rel=\"canonical\" href=\"https:\/\/www.le34.dk\/da\/generationsskifte-i-naestved\/\" \/>\n<meta property=\"og:locale\" content=\"da_DK\" \/>\n<meta property=\"og:type\" content=\"article\" \/>\n<meta property=\"og:title\" content=\"Generationsskifte i N\u00e6stved - LE34\" \/>\n<meta property=\"og:description\" content=\"Droneexpert Hos LE34 bliver Torbj\u00f8rn Mandahl Pedersen ny forretnings- omr\u00e5dechef for GIS. Det betyder et \u00f8get fokus p\u00e5 brugervenlige. K\u00e6mpe kapacitet Landinspekt\u00f8r Lasse Kjemtrup (48 \u00e5r) tiltr\u00e5dte ved nyt\u00e5r som afdelingsleder for Landinspekt\u00f8rfirmaet LE34\u2019s kontor i N\u00e6stved. Lasse afl\u00f8ser landinspekt\u00f8r Kaj Malmskov, der fyldte 67 \u00e5r i \u00e5r 2016 og valgte at g\u00e5 p\u00e5 pension [&hellip;]\" \/>\n<meta property=\"og:url\" content=\"https:\/\/www.le34.dk\/da\/generationsskifte-i-naestved\/\" \/>\n<meta property=\"og:site_name\" content=\"LE34\" \/>\n<meta property=\"article:modified_time\" content=\"2024-01-15T14:52:27+00:00\" \/>\n<meta name=\"twitter:card\" content=\"summary_large_image\" \/>\n<meta name=\"twitter:label1\" content=\"Estimeret l\u00e6setid\" \/>\n\t<meta name=\"twitter:data1\" content=\"1 minut\" \/>\n<script type=\"application\/ld+json\" class=\"yoast-schema-graph\">{\"@context\":\"https:\\\/\\\/schema.org\",\"@graph\":[{\"@type\":\"WebPage\",\"@id\":\"https:\\\/\\\/www.le34.dk\\\/da\\\/generationsskifte-i-naestved\\\/\",\"url\":\"https:\\\/\\\/www.le34.dk\\\/da\\\/generationsskifte-i-naestved\\\/\",\"name\":\"Generationsskifte i N\u00e6stved - LE34\",\"isPartOf\":{\"@id\":\"https:\\\/\\\/www.le34.dk\\\/da\\\/#website\"},\"datePublished\":\"2017-07-24T06:38:42+00:00\",\"dateModified\":\"2024-01-15T14:52:27+00:00\",\"breadcrumb\":{\"@id\":\"https:\\\/\\\/www.le34.dk\\\/da\\\/generationsskifte-i-naestved\\\/#breadcrumb\"},\"inLanguage\":\"da-DK\",\"potentialAction\":[{\"@type\":\"ReadAction\",\"target\":[\"https:\\\/\\\/www.le34.dk\\\/da\\\/generationsskifte-i-naestved\\\/\"]}]},{\"@type\":\"BreadcrumbList\",\"@id\":\"https:\\\/\\\/www.le34.dk\\\/da\\\/generationsskifte-i-naestved\\\/#breadcrumb\",\"itemListElement\":[{\"@type\":\"ListItem\",\"position\":1,\"name\":\"Home\",\"item\":\"https:\\\/\\\/www.le34.dk\\\/da\\\/\"},{\"@type\":\"ListItem\",\"position\":2,\"name\":\"Generationsskifte i N\u00e6stved\"}]},{\"@type\":\"WebSite\",\"@id\":\"https:\\\/\\\/www.le34.dk\\\/da\\\/#website\",\"url\":\"https:\\\/\\\/www.le34.dk\\\/da\\\/\",\"name\":\"LE34\",\"description\":\"\",\"potentialAction\":[{\"@type\":\"SearchAction\",\"target\":{\"@type\":\"EntryPoint\",\"urlTemplate\":\"https:\\\/\\\/www.le34.dk\\\/da\\\/?s={search_term_string}\"},\"query-input\":{\"@type\":\"PropertyValueSpecification\",\"valueRequired\":true,\"valueName\":\"search_term_string\"}}],\"inLanguage\":\"da-DK\"}]}<\/script>\n<!-- \/ Yoast SEO plugin. -->","yoast_head_json":{"title":"Generationsskifte i N\u00e6stved - LE34","robots":{"index":"index","follow":"follow","max-snippet":"max-snippet:-1","max-image-preview":"max-image-preview:large","max-video-preview":"max-video-preview:-1"},"canonical":"https:\/\/www.le34.dk\/da\/generationsskifte-i-naestved\/","og_locale":"da_DK","og_type":"article","og_title":"Generationsskifte i N\u00e6stved - LE34","og_description":"Droneexpert Hos LE34 bliver Torbj\u00f8rn Mandahl Pedersen ny forretnings- omr\u00e5dechef for GIS. Det betyder et \u00f8get fokus p\u00e5 brugervenlige. K\u00e6mpe kapacitet Landinspekt\u00f8r Lasse Kjemtrup (48 \u00e5r) tiltr\u00e5dte ved nyt\u00e5r som afdelingsleder for Landinspekt\u00f8rfirmaet LE34\u2019s kontor i N\u00e6stved. Lasse afl\u00f8ser landinspekt\u00f8r Kaj Malmskov, der fyldte 67 \u00e5r i \u00e5r 2016 og valgte at g\u00e5 p\u00e5 pension [&hellip;]","og_url":"https:\/\/www.le34.dk\/da\/generationsskifte-i-naestved\/","og_site_name":"LE34","article_modified_time":"2024-01-15T14:52:27+00:00","twitter_card":"summary_large_image","twitter_misc":{"Estimeret l\u00e6setid":"1 minut"},"schema":{"@context":"https:\/\/schema.org","@graph":[{"@type":"WebPage","@id":"https:\/\/www.le34.dk\/da\/generationsskifte-i-naestved\/","url":"https:\/\/www.le34.dk\/da\/generationsskifte-i-naestved\/","name":"Generationsskifte i N\u00e6stved - LE34","isPartOf":{"@id":"https:\/\/www.le34.dk\/da\/#website"},"datePublished":"2017-07-24T06:38:42+00:00","dateModified":"2024-01-15T14:52:27+00:00","breadcrumb":{"@id":"https:\/\/www.le34.dk\/da\/generationsskifte-i-naestved\/#breadcrumb"},"inLanguage":"da-DK","potentialAction":[{"@type":"ReadAction","target":["https:\/\/www.le34.dk\/da\/generationsskifte-i-naestved\/"]}]},{"@type":"BreadcrumbList","@id":"https:\/\/www.le34.dk\/da\/generationsskifte-i-naestved\/#breadcrumb","itemListElement":[{"@type":"ListItem","position":1,"name":"Home","item":"https:\/\/www.le34.dk\/da\/"},{"@type":"ListItem","position":2,"name":"Generationsskifte i N\u00e6stved"}]},{"@type":"WebSite","@id":"https:\/\/www.le34.dk\/da\/#website","url":"https:\/\/www.le34.dk\/da\/","name":"LE34","description":"","potentialAction":[{"@type":"SearchAction","target":{"@type":"EntryPoint","urlTemplate":"https:\/\/www.le34.dk\/da\/?s={search_term_string}"},"query-input":{"@type":"PropertyValueSpecification","valueRequired":true,"valueName":"search_term_string"}}],"inLanguage":"da-DK"}]}},"_links":{"self":[{"href":"https:\/\/www.le34.dk\/da\/wp-json\/wp\/v2\/pages\/1188","targetHints":{"allow":["GET"]}}],"collection":[{"href":"https:\/\/www.le34.dk\/da\/wp-json\/wp\/v2\/pages"}],"about":[{"href":"https:\/\/www.le34.dk\/da\/wp-json\/wp\/v2\/types\/page"}],"author":[{"embeddable":true,"href":"https:\/\/www.le34.dk\/da\/wp-json\/wp\/v2\/users\/3"}],"replies":[{"embeddable":true,"href":"https:\/\/www.le34.dk\/da\/wp-json\/wp\/v2\/comments?post=1188"}],"version-history":[{"count":1,"href":"https:\/\/www.le34.dk\/da\/wp-json\/wp\/v2\/pages\/1188\/revisions"}],"predecessor-version":[{"id":12846,"href":"https:\/\/www.le34.dk\/da\/wp-json\/wp\/v2\/pages\/1188\/revisions\/12846"}],"wp:attachment":[{"href":"https:\/\/www.le34.dk\/da\/wp-json\/wp\/v2\/media?parent=1188"}],"curies":[{"name":"wp","href":"https:\/\/api.w.org\/{rel}","templated":true}]}}