{"id":1186,"date":"2020-03-31T12:59:35","date_gmt":"2020-03-31T12:59:35","guid":{"rendered":"https:\/\/www.le34.dk\/gaelder-gaesteprincippet-ved-etablering-af-laranlaeg-paa-offentlig-vej\/"},"modified":"2024-01-15T14:52:26","modified_gmt":"2024-01-15T14:52:26","slug":"gaelder-gaesteprincippet-ved-etablering-af-laranlaeg-paa-offentlig-vej","status":"publish","type":"page","link":"https:\/\/www.le34.dk\/da\/gaelder-gaesteprincippet-ved-etablering-af-laranlaeg-paa-offentlig-vej\/","title":{"rendered":"G\u00e6lder g\u00e6steprincippet ved etablering af LAR-anl\u00e6g p\u00e5 offentlig vej?"},"content":{"rendered":"<p>01.04.20<br \/>\nVejlovens g\u00e6steprincip indeb\u00e6rer, at en ledningsejer som \u201dg\u00e6st\u201d i vejen skal betale omkostninger forbundet med en ledningsoml\u00e6gning, hvis de arbejder, der for\u00e5rsager oml\u00e6gningen, ligger inden for rammerne af de form\u00e5l en vejmyndighed kan varetage.<br \/>\nVejlovens \u00a7 77, stk. 1:<br \/>\n\u201dArbejder p\u00e5 ledninger i eller over offentlige veje og stier, herunder om n\u00f8dvendigt flytning af ledninger, i forbindelse med arbejder, der iv\u00e6rks\u00e6ttes af vejmyndigheden inden for rammerne af de form\u00e5l, som vejmyndigheden kan varetage, betales af ledningsejeren.\u201d<\/p>\n<p>Baggrund<br \/>\nAfg\u00f8relsen omhandler en tvist mellem Gentofte Kommune som vejmyndighed og Evida som ejer af en naturgasledning.<br \/>\nGentofte Kommune udf\u00f8rer et alternativt klimatilpasningsprojekt i Moseg\u00e5rdskvarteret med kommunen som bygherre og myndighed. F\u00e6lleskloakken (spildevand og regnvand) i omr\u00e5det er overbelastet, hvilket medf\u00f8rer oversv\u00f8mmelser af haver og k\u00e6ldre. Ved st\u00f8rre regnh\u00e6ndelser oversv\u00f8mmes vejarealet p\u00e5 en del af vejnettet i omr\u00e5det. Til aflastning af eksisterende f\u00e6lleskloak afkobles overfladevand (vejvand og tagvand) til et nyt system \u2013 et LAR-anl\u00e6g (LAR betyder Lokal Afledning af Regnvand) i form af regnbede placeret i det offentlige vejareal til opsamling og opmagasinering af vandet, hvorefter det nedsives.<br \/>\nDer er tale om et 100% medfinansieringsprojekt, hvilket konkret betyder, at Novafos (Novafos er et f\u00e6lleskommunalt vand- og spildevandsselskab i blandt andet Gentofte Kommune) afholder anl\u00e6gsomkostningerne til etablering af LAR-anl\u00e6g i vejene og efterf\u00f8lgende driftsomkostninger.\u00a0<br \/>\nVed etablering af LAR-anl\u00e6gget er det n\u00f8dvendigt at oml\u00e6gge Evidas ledninger. Sp\u00f8rgsm\u00e5let er herefter, om Evida skal betale for oml\u00e6gningerne af gasledningerne.<\/p>\n<p>Evidas argumenter<br \/>\nLedningsoml\u00e6gningerne er ikke omfattet af vejlovens g\u00e6steprincip, da form\u00e5let med projektet f\u00f8rst og fremmest er klimasikring af de tilst\u00f8dende ejendomme. Projektet skal prim\u00e6rt afhj\u00e6lpe problemer med oversv\u00f8mmede haver og k\u00e6ldre. Der er derfor ikke tale om et arbejde iv\u00e6rksat af Gentofte Kommune som vejmyndighed inden for rammerne af de form\u00e5l, vejmyndigheden kan varetage.<br \/>\nEvida henviser til orienteringsmaterialet forud for projektet, hvor vejafvanding ikke er omtalt. I materialet indikeres, at hovedform\u00e5let er en \u201dvandteknisk del\u201d og, at trafikale forhold, herunder udf\u00f8relse af fartd\u00e6mpning som f\u00f8lge af etablering af regnbede er en relevant afledt opgave. \u00a0Den vandtekniske del er en opgave for Novafos og h\u00f8rer dermed ikke under vejmyndighedens kompetence. De trafikale forhold, herunder udf\u00f8relse af fartd\u00e6mpning, som er vejmyndighedens opgave, vil kunne l\u00f8ses ved etablering af vejbump og dermed uden oml\u00e6gning af ledninger. Desuden fremg\u00e5r det af kommunens ans\u00f8gning til forsyningssekretariatet, at kommunen ingen interesse har i etablering af LAR-anl\u00e6ggene i vejen, hvilket viser, at der ikke er tale om vejform\u00e5l.<br \/>\nEvida er af den opfattelse, at Gentofte Kommune ikke har dokumenteret, at der har v\u00e6ret konkrete trafikale og trafiksikkerhedsm\u00e6ssige problemer p\u00e5 vejene i Moseg\u00e5rdskvarteret, eller at der har v\u00e6ret problemer med oversv\u00f8mmelse af vejene, og at der har v\u00e6ret planer eller tanker om at l\u00f8se s\u00e5danne problemer f\u00f8r klimatilpasningsprojektet kom ind i billedet.<br \/>\nSom et sidste argument, mener Evida ikke, at der er tale om vejafvandingsproblemer, n\u00e5r det er kloaksystemet, som er overbelastet. Det er Novafos\u2019 ansvar som vand- og spildevandsselskab at l\u00f8se kapacitetsproblemer p\u00e5 spildevandsanl\u00e6ggene, idet kommunen har betalt vejbidrag for at kunne lede vejvand til spildevandsledninger.<\/p>\n<p>Gentofte Kommunes argumenter<br \/>\nLedningsoml\u00e6gningerne er omfattet af vejlovens g\u00e6steprincip, da hovedform\u00e5let med projektet er at tilpasse de offentlige veje s\u00e5ledes, at de kan h\u00e5ndtere nuv\u00e6rende og fremtidige for\u00f8gede regnm\u00e6ngder. Klimasikring af de tilst\u00f8dende ejendomme er alene en afledt effekt af projektet.<br \/>\nProjektet drejer sig kun om vejvand og skal minimere risikoen for, at vejvand bidrager til oversv\u00f8mmelse af omr\u00e5det. Som en afledt n\u00f8dvendighed etableres fartd\u00e6mpning, da regnbedenes udformning bevirker, at hastigheden p\u00e5 str\u00e6kningen reduceres. LAR-anl\u00e6gget, herunder regnbedene er dimensioneret til at medtage tagvand fra tilst\u00f8dende ejendomme fra op til 0,67 ha tagareal ud fra et samlet areal p\u00e5 2,49 ha. Der er s\u00e5ledes ikke en v\u00e6sentlig sammenh\u00e6ng mellem antallet af regnbede og modtagelsen af tagvand.<br \/>\nKommunen medgiver, at formuleringen i kommunens ans\u00f8gning til forsyningssekretariatet er misvisende, jf. Evidas argument. Gentofte Kommune har en \u00e5benlys interesse i, at LAR-anl\u00e6ggene bliver etableret, s\u00e5ledes at kloaksystemet aflastes, hvilket medf\u00f8rer, at vejvandet kan bortledes i overensstemmelse med kommunens spildevandsplan. Form\u00e5let med projektet er utvivlsomt omfattet af vejlovens form\u00e5l.<\/p>\n<p>Transport- og Boligministeriets vurdering og afg\u00f8relse<br \/>\nDer er ikke i vejloven bestemmelser, der direkte omtaler vejafvanding, men det er en naturlig del af myndighedsansvaret. Vejmyndigheden skal sikre, at vand ledes v\u00e6k fra vejen af trafikale, vejtekniske og f\u00e6rdselssikkerhedsm\u00e6ssige hensyn. Der er s\u00e5ledes ikke tvivl om, at vejafvanding ligger indenfor rammerne af de form\u00e5l, som vejmyndigheden kan varetage. Sp\u00f8rgsm\u00e5let er derfor, om LAR-anl\u00e6ggene (regnbedene) anl\u00e6gges af hensyn til afvanding af de offentlige veje i Moseg\u00e5rdskvarteret eller prim\u00e6rt af hensyn til de tilgr\u00e6nsende ejendomme?<br \/>\nMinisteriet l\u00e6gger p\u00e5 baggrund af Gentofte Kommunes oplysninger til grund, at der har v\u00e6ret trafikale og f\u00e6rdselsm\u00e6ssige udfordringer som f\u00f8lge af vand p\u00e5 de offentlige veje i Moseg\u00e5rdskvarteret. Regnbedene anl\u00e6gges for at nedsive og bortlede vejvand. Det er derfor ministeriets vurdering, at form\u00e5let med anl\u00e6ggene er vejafvanding, og at projektet ikke g\u00e5r ud over, hvad der er n\u00f8dvendigt for at kunne afvande de p\u00e5g\u00e6ldende veje. LAR-anl\u00e6ggene kan i et vist omfang ogs\u00e5 h\u00e5ndtere overfladevand fra tilgr\u00e6nsende ejendomme, men der er ikke oplysninger til st\u00f8tte for, at det prim\u00e6re form\u00e5l er afvanding af de omkringliggende ejendomme.<\/p>\n<p>Oml\u00e6gning af gasledningerne skal derfor afholdes af Evida<br \/>\nI \u00f8vrigt tager Ministeriet ikke stilling til, om betingelserne for spildevandsforsyningsselskabets medfinansiering af opfyldt, ej heller til det af Evida anf\u00f8rte, om at kapacitetsproblemer ikke er et vejafvandingsproblem.<\/p>\n<p>Refleksion<br \/>\nAfg\u00f8relsen er principiel og med det \u00f8gede fokus p\u00e5 etablering af LAR-anl\u00e6g i fremtiden, vil afg\u00f8relsen helt sikkert kunne bringes i spil af kommuner overfor ledningsejere. Selvom ledningsejer (Evida) blev taber i denne afg\u00f8relse, s\u00e5 er det vigtigt at bem\u00e6rke, at ministeriet i afg\u00f8relsen lagde v\u00e6gt p\u00e5, hvad det prim\u00e6re form\u00e5l med LAR-anl\u00e6ggene var. Hvis LAR-anl\u00e6ggene prim\u00e6rt havde v\u00e6ret etableret af hensyn til de tilgr\u00e6nsende ejendomme, m\u00e5 det antages, at Gentofte Kommune skulle betale for ledningsoml\u00e6gningerne. Dog kan det v\u00e6re sv\u00e6rt som ledningsejer at bevise, at dette g\u00f8r sig g\u00e6ldende.<br \/>\nHvis du vil h\u00f8re mere om afg\u00f8relsen eller generelt til g\u00e6steprincippet, er du velkommen til at kontakte Vibeke St\u00e6rdahl Nielsen, som er ekspert p\u00e5 omr\u00e5det.<\/p>\n<p>Se alle nyheder fra Vejjura<\/p>\n<p>Kontakt ekspertene<\/p>\n<p>Gert M. Henningsen<br \/>\nJonathan Overgaard Markman<br \/>\nKenneth Holme Poulsen<br \/>\nRen\u00e9 Aggersbjerg<br \/>\nS\u00f8ren Henriksen<br \/>\nThomas Normann Asmussen<br \/>\nVibeke St\u00e6rdahl Nielsen<\/p>\n","protected":false},"excerpt":{"rendered":"<p>01.04.20 Vejlovens g\u00e6steprincip indeb\u00e6rer, at en ledningsejer som \u201dg\u00e6st\u201d i vejen skal betale omkostninger forbundet med en ledningsoml\u00e6gning, hvis de arbejder, der for\u00e5rsager oml\u00e6gningen, ligger inden for rammerne af de form\u00e5l en vejmyndighed kan varetage. Vejlovens \u00a7 77, stk. 1: \u201dArbejder p\u00e5 ledninger i eller over offentlige veje og stier, herunder om n\u00f8dvendigt flytning af [&hellip;]<\/p>\n","protected":false},"author":3,"featured_media":0,"parent":0,"menu_order":0,"comment_status":"closed","ping_status":"closed","template":"","meta":{"_acf_changed":false,"footnotes":""},"class_list":["post-1186","page","type-page","status-publish","hentry"],"acf":[],"yoast_head":"<!-- This site is optimized with the Yoast SEO plugin v27.5 - https:\/\/yoast.com\/product\/yoast-seo-wordpress\/ -->\n<title>G\u00e6lder g\u00e6steprincippet ved etablering af LAR-anl\u00e6g p\u00e5 offentlig vej? - LE34<\/title>\n<meta name=\"robots\" content=\"index, follow, max-snippet:-1, max-image-preview:large, max-video-preview:-1\" \/>\n<link rel=\"canonical\" href=\"https:\/\/www.le34.dk\/da\/gaelder-gaesteprincippet-ved-etablering-af-laranlaeg-paa-offentlig-vej\/\" \/>\n<meta property=\"og:locale\" content=\"da_DK\" \/>\n<meta property=\"og:type\" content=\"article\" \/>\n<meta property=\"og:title\" content=\"G\u00e6lder g\u00e6steprincippet ved etablering af LAR-anl\u00e6g p\u00e5 offentlig vej? - LE34\" \/>\n<meta property=\"og:description\" content=\"01.04.20 Vejlovens g\u00e6steprincip indeb\u00e6rer, at en ledningsejer som \u201dg\u00e6st\u201d i vejen skal betale omkostninger forbundet med en ledningsoml\u00e6gning, hvis de arbejder, der for\u00e5rsager oml\u00e6gningen, ligger inden for rammerne af de form\u00e5l en vejmyndighed kan varetage. Vejlovens \u00a7 77, stk. 1: \u201dArbejder p\u00e5 ledninger i eller over offentlige veje og stier, herunder om n\u00f8dvendigt flytning af [&hellip;]\" \/>\n<meta property=\"og:url\" content=\"https:\/\/www.le34.dk\/da\/gaelder-gaesteprincippet-ved-etablering-af-laranlaeg-paa-offentlig-vej\/\" \/>\n<meta property=\"og:site_name\" content=\"LE34\" \/>\n<meta property=\"article:modified_time\" content=\"2024-01-15T14:52:26+00:00\" \/>\n<meta name=\"twitter:card\" content=\"summary_large_image\" \/>\n<meta name=\"twitter:label1\" content=\"Estimeret l\u00e6setid\" \/>\n\t<meta name=\"twitter:data1\" content=\"6 minutter\" \/>\n<script type=\"application\/ld+json\" class=\"yoast-schema-graph\">{\"@context\":\"https:\\\/\\\/schema.org\",\"@graph\":[{\"@type\":\"WebPage\",\"@id\":\"https:\\\/\\\/www.le34.dk\\\/da\\\/gaelder-gaesteprincippet-ved-etablering-af-laranlaeg-paa-offentlig-vej\\\/\",\"url\":\"https:\\\/\\\/www.le34.dk\\\/da\\\/gaelder-gaesteprincippet-ved-etablering-af-laranlaeg-paa-offentlig-vej\\\/\",\"name\":\"G\u00e6lder g\u00e6steprincippet ved etablering af LAR-anl\u00e6g p\u00e5 offentlig vej? - LE34\",\"isPartOf\":{\"@id\":\"https:\\\/\\\/www.le34.dk\\\/da\\\/#website\"},\"datePublished\":\"2020-03-31T12:59:35+00:00\",\"dateModified\":\"2024-01-15T14:52:26+00:00\",\"breadcrumb\":{\"@id\":\"https:\\\/\\\/www.le34.dk\\\/da\\\/gaelder-gaesteprincippet-ved-etablering-af-laranlaeg-paa-offentlig-vej\\\/#breadcrumb\"},\"inLanguage\":\"da-DK\",\"potentialAction\":[{\"@type\":\"ReadAction\",\"target\":[\"https:\\\/\\\/www.le34.dk\\\/da\\\/gaelder-gaesteprincippet-ved-etablering-af-laranlaeg-paa-offentlig-vej\\\/\"]}]},{\"@type\":\"BreadcrumbList\",\"@id\":\"https:\\\/\\\/www.le34.dk\\\/da\\\/gaelder-gaesteprincippet-ved-etablering-af-laranlaeg-paa-offentlig-vej\\\/#breadcrumb\",\"itemListElement\":[{\"@type\":\"ListItem\",\"position\":1,\"name\":\"Home\",\"item\":\"https:\\\/\\\/www.le34.dk\\\/da\\\/\"},{\"@type\":\"ListItem\",\"position\":2,\"name\":\"G\u00e6lder g\u00e6steprincippet ved etablering af LAR-anl\u00e6g p\u00e5 offentlig vej?\"}]},{\"@type\":\"WebSite\",\"@id\":\"https:\\\/\\\/www.le34.dk\\\/da\\\/#website\",\"url\":\"https:\\\/\\\/www.le34.dk\\\/da\\\/\",\"name\":\"LE34\",\"description\":\"\",\"potentialAction\":[{\"@type\":\"SearchAction\",\"target\":{\"@type\":\"EntryPoint\",\"urlTemplate\":\"https:\\\/\\\/www.le34.dk\\\/da\\\/?s={search_term_string}\"},\"query-input\":{\"@type\":\"PropertyValueSpecification\",\"valueRequired\":true,\"valueName\":\"search_term_string\"}}],\"inLanguage\":\"da-DK\"}]}<\/script>\n<!-- \/ Yoast SEO plugin. -->","yoast_head_json":{"title":"G\u00e6lder g\u00e6steprincippet ved etablering af LAR-anl\u00e6g p\u00e5 offentlig vej? - LE34","robots":{"index":"index","follow":"follow","max-snippet":"max-snippet:-1","max-image-preview":"max-image-preview:large","max-video-preview":"max-video-preview:-1"},"canonical":"https:\/\/www.le34.dk\/da\/gaelder-gaesteprincippet-ved-etablering-af-laranlaeg-paa-offentlig-vej\/","og_locale":"da_DK","og_type":"article","og_title":"G\u00e6lder g\u00e6steprincippet ved etablering af LAR-anl\u00e6g p\u00e5 offentlig vej? - LE34","og_description":"01.04.20 Vejlovens g\u00e6steprincip indeb\u00e6rer, at en ledningsejer som \u201dg\u00e6st\u201d i vejen skal betale omkostninger forbundet med en ledningsoml\u00e6gning, hvis de arbejder, der for\u00e5rsager oml\u00e6gningen, ligger inden for rammerne af de form\u00e5l en vejmyndighed kan varetage. Vejlovens \u00a7 77, stk. 1: \u201dArbejder p\u00e5 ledninger i eller over offentlige veje og stier, herunder om n\u00f8dvendigt flytning af [&hellip;]","og_url":"https:\/\/www.le34.dk\/da\/gaelder-gaesteprincippet-ved-etablering-af-laranlaeg-paa-offentlig-vej\/","og_site_name":"LE34","article_modified_time":"2024-01-15T14:52:26+00:00","twitter_card":"summary_large_image","twitter_misc":{"Estimeret l\u00e6setid":"6 minutter"},"schema":{"@context":"https:\/\/schema.org","@graph":[{"@type":"WebPage","@id":"https:\/\/www.le34.dk\/da\/gaelder-gaesteprincippet-ved-etablering-af-laranlaeg-paa-offentlig-vej\/","url":"https:\/\/www.le34.dk\/da\/gaelder-gaesteprincippet-ved-etablering-af-laranlaeg-paa-offentlig-vej\/","name":"G\u00e6lder g\u00e6steprincippet ved etablering af LAR-anl\u00e6g p\u00e5 offentlig vej? - LE34","isPartOf":{"@id":"https:\/\/www.le34.dk\/da\/#website"},"datePublished":"2020-03-31T12:59:35+00:00","dateModified":"2024-01-15T14:52:26+00:00","breadcrumb":{"@id":"https:\/\/www.le34.dk\/da\/gaelder-gaesteprincippet-ved-etablering-af-laranlaeg-paa-offentlig-vej\/#breadcrumb"},"inLanguage":"da-DK","potentialAction":[{"@type":"ReadAction","target":["https:\/\/www.le34.dk\/da\/gaelder-gaesteprincippet-ved-etablering-af-laranlaeg-paa-offentlig-vej\/"]}]},{"@type":"BreadcrumbList","@id":"https:\/\/www.le34.dk\/da\/gaelder-gaesteprincippet-ved-etablering-af-laranlaeg-paa-offentlig-vej\/#breadcrumb","itemListElement":[{"@type":"ListItem","position":1,"name":"Home","item":"https:\/\/www.le34.dk\/da\/"},{"@type":"ListItem","position":2,"name":"G\u00e6lder g\u00e6steprincippet ved etablering af LAR-anl\u00e6g p\u00e5 offentlig vej?"}]},{"@type":"WebSite","@id":"https:\/\/www.le34.dk\/da\/#website","url":"https:\/\/www.le34.dk\/da\/","name":"LE34","description":"","potentialAction":[{"@type":"SearchAction","target":{"@type":"EntryPoint","urlTemplate":"https:\/\/www.le34.dk\/da\/?s={search_term_string}"},"query-input":{"@type":"PropertyValueSpecification","valueRequired":true,"valueName":"search_term_string"}}],"inLanguage":"da-DK"}]}},"_links":{"self":[{"href":"https:\/\/www.le34.dk\/da\/wp-json\/wp\/v2\/pages\/1186","targetHints":{"allow":["GET"]}}],"collection":[{"href":"https:\/\/www.le34.dk\/da\/wp-json\/wp\/v2\/pages"}],"about":[{"href":"https:\/\/www.le34.dk\/da\/wp-json\/wp\/v2\/types\/page"}],"author":[{"embeddable":true,"href":"https:\/\/www.le34.dk\/da\/wp-json\/wp\/v2\/users\/3"}],"replies":[{"embeddable":true,"href":"https:\/\/www.le34.dk\/da\/wp-json\/wp\/v2\/comments?post=1186"}],"version-history":[{"count":1,"href":"https:\/\/www.le34.dk\/da\/wp-json\/wp\/v2\/pages\/1186\/revisions"}],"predecessor-version":[{"id":12844,"href":"https:\/\/www.le34.dk\/da\/wp-json\/wp\/v2\/pages\/1186\/revisions\/12844"}],"wp:attachment":[{"href":"https:\/\/www.le34.dk\/da\/wp-json\/wp\/v2\/media?parent=1186"}],"curies":[{"name":"wp","href":"https:\/\/api.w.org\/{rel}","templated":true}]}}