{"id":1168,"date":"2017-07-18T04:20:31","date_gmt":"2017-07-18T04:20:31","guid":{"rendered":"https:\/\/www.le34.dk\/forside\/"},"modified":"2026-04-21T13:22:50","modified_gmt":"2026-04-21T13:22:50","slug":"forside","status":"publish","type":"page","link":"https:\/\/www.le34.dk\/da\/","title":{"rendered":"Forside"},"content":{"rendered":"<p>Gr\u00f8n Trepart-konference: Efter aflevering af oml\u00e6gningsplanerne<br \/>\nHvordan kommer vi videre og oms\u00e6tter Den Gr\u00f8nne Trepart til virkelighed? F\u00e5 svaret p\u00e5 den tv\u00e6rfaglige konference med KL, Horten, kommuner, en kunsthistoriker og LE34.<\/p>\n<p>Nyt selskab, HeyPipe\u2122, revolutionerer grunddata om infrastruktur i jorden<br \/>\nI erkendelse af, at b\u00e5de private og offentlige virksomheder mangler et samlet overblik over, hvad der gemmer sig af samfundskritisk infrastruktur i jorden, har LE34 sammen med forsyningsselskabet Aarhus Vand og entrepren\u00f8rvirksomheden Arkil stiftet joint-venture-selskabet HeyPipe\u2122 og den digitale platform med samme navn.<\/p>\n<p>Hvad laver en landinspekt\u00f8r?<br \/>\nUanset hvor i samfundet, du lader dit blik falde, kan du v\u00e6re sikker p\u00e5, at en landinspekt\u00f8r har v\u00e6ret med til at forme og planl\u00e6gge den struktur, du beskuer. Siden 1768 har landinspekt\u00f8ren opm\u00e5lt, registreret og forvaltet Danmarks landskaber, byer og trafikale livsnerver.<\/p>\n<p>Hvad laver en landm\u00e5ler?<br \/>\nEn landm\u00e5ler, som officielt hedder en kort- og landm\u00e5lingstekniker, er specialiseret i at foretage n\u00f8jagtige m\u00e5linger og komplekse afs\u00e6tninger under varierende forhold til videre databehandling og udarbejdelse af kort.<\/p>\n<p>Seneste nyheder<\/p>\n<p>Konference om Gr\u00f8n Trepart \u2013 Status p\u00e5 arealoml\u00e6gning<br \/>\nHorten og LE34 byder p\u00e5 opl\u00e6g fra eksperter og praktikere, og du f\u00e5r del i deres erfaringer, arbejdsgange og indblik i det videre arbejde, n\u00e5r oml\u00e6gningsplanerne er p\u00e5 plads.<br \/>\nL\u00e6s mere<\/p>\n<p>Kommunerne har travlt med BNBO-p\u00e5bud: Vi er klar til at hj\u00e6lpe<br \/>\nLE34 hj\u00e6lper jer i m\u00e5l med BNBO-processen: Vi s\u00f8rger for dialogen med lodsejerne, beregner erstatning og s\u00f8rger for tinglysning. Vores metode til gennemf\u00f8relse af BNBO-opgaven tager afs\u00e6t i \u00e5rtiers omfattende erfaring med lodsejerdialog og v\u00e6rdifasts\u00e6ttelse af landbrugsejendomme.<br \/>\nBNBO \u2013 kommunernes p\u00e5bud mod spr\u00f8jtemidler<\/p>\n<p>LE34 er klar med sin f\u00f8rste ESG-rapport \u2013 to \u00e5r f\u00f8r tid.<br \/>\nESG-rapporten for 2023 er vores m\u00e5de at forberede os til de nye krav om b\u00e6redygtighedsrapportering i henhold til CSRD (Corporate Sustainability Reporting Directive), som tr\u00e6der i kraft i 2026, hvor vi skal rapportere om milj\u00f8, sociale forhold og selskabsledelse (ESG \u2013 Environmental, Social &#038; Governance) for \u00e5ret 2025.<\/p>\n<p>\u201dVi ser det som en mulighed for at tage ansvar \u2013 og skabe plads til forandring.&#8221; &#8211; fort\u00e6ller LE34&#8217;s b\u00e6redygtighedsansvarlige, Rikke Kjeldsmark M\u00f8ller.<br \/>\nL\u00e6s mere<\/p>\n<p>Fo\u00adkus p\u00e5 so\u00adci\u00adal b\u00e6\u00adre\u00addyg\u00adtig\u00adhed i ny me\u00adtro\u00adlinje<br \/>\nLE34 og COWI skal hj\u00e6lpe Metroselskabet med at sikre arealer og rettigheder til den mulige nye metrolinje i K\u00f8benhavn, M5, med et vigtigt fokus p\u00e5 metroens bidrag til byen og social b\u00e6redygtighed.<\/p>\n<p>L\u00e6s mere<\/p>\n<p>Gr\u00f8n omstilling: Energinet henter r\u00e5dgivning fra LE34 til arealer og rettigheder<br \/>\nNye vinde bl\u00e6ser med stor styrke over energisektoren som f\u00f8lge af nationale og internationale aftaler om at overg\u00e5 til klimaneutrale samfund inden 2030. Som ejer og udvikler af el- og gasnet i Danmark st\u00e5r Energinet overfor en omfattende gr\u00f8n omstilling af deres energisystemer. LE34 r\u00e5dgiver om rettighedserhvervelse af arealer til projektet.<br \/>\nL\u00e6s mere<\/p>\n<p>Femerns multifunktionelle jordfordeling<br \/>\nDu skal plante et tr\u00e6 &#8230; multifunktionel arealanvendelse er bragt i spil i anl\u00e6ggelse af Femern-forbindelsen. Et anl\u00e6gsprojekt, der p\u00e5virker alle i lokalomr\u00e5det p\u00e5 den ene eller anden m\u00e5de. Ogs\u00e5 naturen.<br \/>\nL\u00e6s mere<\/p>\n<p>Dorte Ellegaard er endnu en gang beskikket som Ledende Landinspekt\u00f8r<br \/>\nRespektfuld og juridisk korrekt h\u00e5ndtering af de ber\u00f8rte lodsejere er grundstenen hos landinspekt\u00f8rerne i LE34&#8217;s Ekspropriation &#038; Jura, n\u00e5r der skal erhverves areal til nye infrastrukturprojekter. Derfor er det med lige dele ydmyghed og stolthed, at vi igen vinder udbuddet som Ledende Landinspekt\u00f8r for Kommissarius ved Statens Ekspro-priationer p\u00e5 \u00d8erne. Et betroet erhverv, der har ligget i LE34\u2019s regi i mere end 100 \u00e5r.<br \/>\nL\u00e6s mere om Dorte Ellegaard og teamets arbejde i denne case<\/p>\n<p>Stor innovationspris til SmartSurvey\u2122<br \/>\nDet vision\u00e6re partnerskab, Vandpartner, har uddelt innovationspris, som kronen p\u00e5 v\u00e6rket for de f\u00f8rste seks \u00e5rs samarbejde. Prisen er tildelt LE34&#8217;s opm\u00e5lingsapp SmartSurvey\u2122. Vi er stolte &#8211; ogs\u00e5 p\u00e5 samarbejdets vegne, fordi brugbar innovation opst\u00e5r, n\u00e5r vi forener vores id\u00e9er og engagement.<br \/>\nL\u00e6s mere<\/p>\n<p>LE34 genvin\u00adder seks\u00e5r\u00adig kon\u00adtrakt med Aar\u00adhus Vand<br \/>\nMed den nye kontrakt f\u00e5r LE34 en endnu mere central placering i det ambiti\u00f8se VandPartner-samarbejde end tidligere. Partnerskabet arbejder ikke kun for at sikre rent drikkevand og korrekt h\u00e5ndtering af spildevand herhjemme, men ogs\u00e5 globalt.<br \/>\nL\u00e6s mere<\/p>\n<p>Ny eks\u00adpro\u00adp\u00adri\u00ada\u00adtions\u00adpro\u00adces\u00adlov p\u00e5 vej &#8211; LE34 kom\u00admer med vig\u00adtigt h\u00f8\u00adrings\u00adsvar<br \/>\nLE34\u2019s ekspropriationseksperter vurderer, at der er flere gode takter i lovudkastet, men har ogs\u00e5 bet\u00e6nkeligheder i forhold til konsekvensen for kommunernes anl\u00e6gs\u00f8konomi og tidsplanl\u00e6gning. Desuden er der steder i lovteksten, som vi mener direkte sv\u00e6kker borgernes retssikkerhed og sikkerheden for ensartede erstatninger.<br \/>\nL\u00e6s mere<\/p>\n<p>LE34 p\u00e5begynder store jordfordelingsprojekter i Jylland<br \/>\nLandm\u00e6nd i Lemvig er g\u00e5et sammen, det samme er landm\u00e6nd i \u00d8stvendsyssel \u2013 form\u00e5let er at gennemf\u00f8re jordfordeling til gavn for de ber\u00f8rte landm\u00e6nd og for klimaet. Projekterne drives i samarbejde med LE34. Jordfordelingsprojekterne har netop f\u00e5et tilsagn om tilskud p\u00e5 cirka fem millioner kroner.<br \/>\nL\u00e6s mere<\/p>\n<p>Vi har f\u00e5et vok\u00adse\u00adv\u00e6rk: IT34 A\/\u200bS sam\u00adler hele pak\u00adken<br \/>\nEfter stor succes med it-l\u00f8sninger, lancerer vi nu vores eget it-selskab. IT34 A\/S er en ny it-forretning, der er en del af Danmarks st\u00f8rste landinspekt\u00f8rfirma, LE34. IT34 bliver en betydelig spiller indenfor teknisk it med 45 medarbejdere fordelt p\u00e5 8 kontorer, heraf et i Sverige.<br \/>\nL\u00e6s mere<\/p>\n<p>LE34 starter afdeling i Stockholm<br \/>\nVi er stolte af at kunne offentligg\u00f8re, at vi har startet vores tredje afdeling i Sverige. Vores kollegaer i Malm\u00f6 og G\u00f6teborg f\u00e5r selskab af LE34 Stockholm under ledelse af Johan J\u00f6nsson. Med LE34 Stockholm som seneste medlem af LE34-familien, t\u00e6ller vi nu 26 kontorer i Norden.<br \/>\nL\u00e6s mere<\/p>\n<p>Ny bestyrelsesformand &#8211; LE34 s\u00e6tter kursen frem mod 2025<br \/>\nEfter 5 \u00e5r som formand har Jens Moberg valgt at give stafetten videre. Ejerkredsen i LE34 har valgt administrerende direkt\u00f8r i OK-Fonden, Ulrik Ahrendt-Jensen, som ny bestyrelsesformand.<br \/>\nL\u00e6s mere<\/p>\n<p>Gennembrud for kortl\u00e6gning af veje<br \/>\nLE34&#8217;s nyeste opm\u00e5lingsteknologi Mobile Mapping samler alle data p\u00e5 dit vejnet i et komplet og brugervenligt digitalt overblik, som g\u00f8r det muligt at optage pr\u00e6cise m\u00e5l direkte fra sk\u00e6rmen. Det er markedets bedste og hurtigste redskab til effektiv vejdrift og projektering. Kun hos LE34.<br \/>\nL\u00e6s mere<\/p>\n<p>Varme forbindelser mellem Norge, Danmark og Polen<br \/>\nEnerginet har valgt LE34 som ansvarlig for kvalitetssikring af det digitale matrikelkort, der ligger til grund for de kommende ekspropriationer til Baltic Pipe.<br \/>\nL\u00e6s mere<\/p>\n<p>Er du vores nye landinspekt\u00f8r?<br \/>\nVi tror p\u00e5 indflydelse, medbestemmelse og enkle kommandoveje uden h\u00f8jtideligt hierarki. Det kr\u00e6ver dygtige medarbejdere, og derfor arbejder vi m\u00e5lrettet med karriere, udvikling og trivsel.<br \/>\nSe ledige stillinger<\/p>\n<p>To uger kan v\u00e6re nok &#8211; nye lokalplanprocedurer<br \/>\nHusk, at benytte dig af de nye fleksible muligheder som \u00e6ndringerne af Planloven har \u00e5bnet op for i forbindelse med lokalplaner af mindre betydning. Hvis en ejendom for eksempel skal udvikles fra at blive brugt til offentlige form\u00e5l til private form\u00e5l, eller hvis et mindre areal skal \u00e6ndres fra landzone til byzone, s\u00e5 kan det v\u00e6re, at projektet lever op til kravene om, at en h\u00f8ringsperiode p\u00e5 to uger er nok.<br \/>\nL\u00e6s mere<\/p>\n<p>LE34 og BIM Equity  indg\u00e5r strategisk partnerskab<br \/>\nGennem de seneste \u00e5r har LE34 og BIM Equity opm\u00e5lt og 3D-modelleret en lang r\u00e6kke bygninger, der enten har st\u00e5et overfor en renovering, transformation, ny udlejning eller hvor drift og vedligehold skulle optimeres. Nu styrker vi samarbejdet med et nyt strategisk partnerskab.<br \/>\nL\u00e6s artiklen fra Licitationen<\/p>\n<p>Nye digitale v\u00e6rkt\u00f8jer fra LE34 bringer sj\u00e6llandske forsyningsselskaber i f\u00f8rertr\u00f8jen<br \/>\nForsyningsselskaberne sidder i en n\u00f8gleposition, n\u00e5r det handler om rent drikkevand og skybrud. LE34 bidrager til at g\u00f8re opgaven nemmere i form af nye skr\u00e6ddersyede digitale v\u00e6rkt\u00f8jer<br \/>\nL\u00e6s mere om fordelene ved at skifte til VA-banken\u00a9 og GeoNote\u2122<\/p>\n<p>Autoriseret Bentley-forhandler i Norden<br \/>\nVerden over benytter ingeni\u00f8rer, landinspekt\u00f8rer og entrepren\u00f8rer Bentleys softwarel\u00f8sninger i udviklingen af nye infrastruktur- og anl\u00e6gsprojekter. LE34 samler support, undervisning, udvikling, CAD-specialister og licenser \u00e9t sted.<br \/>\nL\u00e6s mere<\/p>\n<p>Byggemodning er ikke en gave til projektudvikleren<br \/>\nTre m\u00e5neder og tolv dage. S\u00e5 kort tid gik der fra offentligg\u00f8relsen af lokalplanen for 1. etape af det nye Astrid Lindgren-kvarter i den nordlige del af Silkeborg, til Silkeborg Kommune landede frivillige aftaler med omr\u00e5dets ejendomsudviklere om fordeling af samtlige udgifter til anl\u00e6g af omr\u00e5dets nye veje.<br \/>\nL\u00e6s artiklen fra Teknik &#038; Milj\u00f8<\/p>\n<p>Nye muligheder for opdeling af ejendomme p\u00e5 vej?<br \/>\nI denne artikel i Estate Media gennemg\u00e5r Jon Jacobsen fra LE34 den samlede bet\u00e6nkning fra regeringens ejerlejlighedsudvalg, og vurderer forslagenes konsekvenser i et samfundsm\u00e6ssigt perspektiv.<br \/>\nNy Ejerlejlighedslov &#8211; Nye muligheder?<\/p>\n<p>LE34 deltager i prestigefyldt projekt om FN\u00b4s verdensm\u00e5l<br \/>\nLE34 er blandt 21 danske virksomheder, der netop er blevet udvalgt til at deltage i Dansk Industri\u2019s ambiti\u00f8se projekt \u201dFN\u2019s verdensm\u00e5l \u2013 Fra Filantropi til Forretning\u201d.<br \/>\nL\u00e6s mere<\/p>\n<p>Kenneth Norre, administrerende direkt\u00f8r, LE34:<br \/>\n\u201cLE34 er til stede lokalt, nationalt og globalt. Til lands, til vands og i luften. Det g\u00f8r os indsigtsfulde i lokale forhold og deres relation til de globale. Det g\u00f8r os stabile, agile og giver os overblik. Og det sikrer, vi altid er lige i n\u00e6rheden af vores kunder uanset opgavens st\u00f8rrelse og geografi.\u201d<\/p>\n<p>Aalborg \u00d8stre Havn<br \/>\nHelt t\u00e6t p\u00e5 vandet dominerer de st\u00e6rke lysreflekser og den friske luft, mens resterne af det oprindelige havnemilj\u00f8 danner en r\u00e5 scene til de nye arkitektperler p\u00e5 Aalborg Havnefront. LE34 er med til at sikre, at byggeplanerne kan blive til virkelighed.   <\/p>\n<p>K\u00f8benhavns Metro<br \/>\nDen nye Metro Cityring og Metro Sydhavnslinje binder byen sammen p\u00e5 kryds og tv\u00e6rs og er med til at g\u00f8re K\u00f8benhavn til en moderne metropol. LE34 er med til at binde Metroselskabets anl\u00e6gsarbejde sammen: Vi sikrer det juridiske og det tekniske fundament.<\/p>\n","protected":false},"excerpt":{"rendered":"<p>Gr\u00f8n Trepart-konference: Efter aflevering af oml\u00e6gningsplanerne Hvordan kommer vi videre og oms\u00e6tter Den Gr\u00f8nne Trepart til virkelighed? F\u00e5 svaret p\u00e5 den tv\u00e6rfaglige konference med KL, Horten, kommuner, en kunsthistoriker og LE34. Nyt selskab, HeyPipe\u2122, revolutionerer grunddata om infrastruktur i jorden I erkendelse af, at b\u00e5de private og offentlige virksomheder mangler et samlet overblik over, hvad [&hellip;]<\/p>\n","protected":false},"author":28,"featured_media":0,"parent":0,"menu_order":0,"comment_status":"closed","ping_status":"closed","template":"","meta":{"_acf_changed":false,"footnotes":""},"class_list":["post-1168","page","type-page","status-publish","hentry"],"acf":[],"yoast_head":"<!-- This site is optimized with the Yoast SEO plugin v27.6 - https:\/\/yoast.com\/product\/yoast-seo-wordpress\/ -->\n<title>Landinspekt\u00f8r og landm\u00e5ler: LE34 er Danmarks st\u00f8rste<\/title>\n<meta name=\"description\" content=\"LE34 er Danmarks st\u00f8rste r\u00e5dgivende landinspekt\u00f8rfirma. Fra vores 30 kontorer i Norden viser vi dagligt vejen for fremtidens store projekter.\" \/>\n<meta name=\"robots\" content=\"index, follow, max-snippet:-1, max-image-preview:large, max-video-preview:-1\" \/>\n<link rel=\"canonical\" href=\"https:\/\/www.le34.dk\/da\/\" \/>\n<meta property=\"og:locale\" content=\"da_DK\" \/>\n<meta property=\"og:type\" content=\"article\" \/>\n<meta property=\"og:title\" content=\"Landinspekt\u00f8r og landm\u00e5ler: LE34 er Danmarks st\u00f8rste\" \/>\n<meta property=\"og:description\" content=\"LE34 er Danmarks st\u00f8rste r\u00e5dgivende landinspekt\u00f8rfirma. Fra vores 30 kontorer i Norden viser vi dagligt vejen for fremtidens store projekter.\" \/>\n<meta property=\"og:url\" content=\"https:\/\/www.le34.dk\/da\/\" \/>\n<meta property=\"og:site_name\" content=\"LE34\" \/>\n<meta property=\"article:modified_time\" content=\"2026-04-21T13:22:50+00:00\" \/>\n<meta name=\"twitter:card\" content=\"summary_large_image\" \/>\n<meta name=\"twitter:label1\" content=\"Estimeret l\u00e6setid\" \/>\n\t<meta name=\"twitter:data1\" content=\"21 minutter\" \/>\n<script type=\"application\/ld+json\" class=\"yoast-schema-graph\">{\"@context\":\"https:\\\/\\\/schema.org\",\"@graph\":[{\"@type\":\"WebPage\",\"@id\":\"https:\\\/\\\/www.le34.dk\\\/da\\\/\",\"url\":\"https:\\\/\\\/www.le34.dk\\\/da\\\/\",\"name\":\"Landinspekt\u00f8r og landm\u00e5ler: LE34 er Danmarks st\u00f8rste\",\"isPartOf\":{\"@id\":\"https:\\\/\\\/www.le34.dk\\\/da\\\/#website\"},\"datePublished\":\"2017-07-18T04:20:31+00:00\",\"dateModified\":\"2026-04-21T13:22:50+00:00\",\"description\":\"LE34 er Danmarks st\u00f8rste r\u00e5dgivende landinspekt\u00f8rfirma. Fra vores 30 kontorer i Norden viser vi dagligt vejen for fremtidens store projekter.\",\"breadcrumb\":{\"@id\":\"https:\\\/\\\/www.le34.dk\\\/da\\\/#breadcrumb\"},\"inLanguage\":\"da-DK\",\"potentialAction\":[{\"@type\":\"ReadAction\",\"target\":[\"https:\\\/\\\/www.le34.dk\\\/da\\\/\"]}]},{\"@type\":\"BreadcrumbList\",\"@id\":\"https:\\\/\\\/www.le34.dk\\\/da\\\/#breadcrumb\",\"itemListElement\":[{\"@type\":\"ListItem\",\"position\":1,\"name\":\"Home\",\"item\":\"https:\\\/\\\/www.le34.dk\\\/da\\\/\"},{\"@type\":\"ListItem\",\"position\":2,\"name\":\"Forside\"}]},{\"@type\":\"WebSite\",\"@id\":\"https:\\\/\\\/www.le34.dk\\\/da\\\/#website\",\"url\":\"https:\\\/\\\/www.le34.dk\\\/da\\\/\",\"name\":\"LE34\",\"description\":\"\",\"potentialAction\":[{\"@type\":\"SearchAction\",\"target\":{\"@type\":\"EntryPoint\",\"urlTemplate\":\"https:\\\/\\\/www.le34.dk\\\/da\\\/?s={search_term_string}\"},\"query-input\":{\"@type\":\"PropertyValueSpecification\",\"valueRequired\":true,\"valueName\":\"search_term_string\"}}],\"inLanguage\":\"da-DK\"}]}<\/script>\n<!-- \/ Yoast SEO plugin. -->","yoast_head_json":{"title":"Landinspekt\u00f8r og landm\u00e5ler: LE34 er Danmarks st\u00f8rste","description":"LE34 er Danmarks st\u00f8rste r\u00e5dgivende landinspekt\u00f8rfirma. Fra vores 30 kontorer i Norden viser vi dagligt vejen for fremtidens store projekter.","robots":{"index":"index","follow":"follow","max-snippet":"max-snippet:-1","max-image-preview":"max-image-preview:large","max-video-preview":"max-video-preview:-1"},"canonical":"https:\/\/www.le34.dk\/da\/","og_locale":"da_DK","og_type":"article","og_title":"Landinspekt\u00f8r og landm\u00e5ler: LE34 er Danmarks st\u00f8rste","og_description":"LE34 er Danmarks st\u00f8rste r\u00e5dgivende landinspekt\u00f8rfirma. Fra vores 30 kontorer i Norden viser vi dagligt vejen for fremtidens store projekter.","og_url":"https:\/\/www.le34.dk\/da\/","og_site_name":"LE34","article_modified_time":"2026-04-21T13:22:50+00:00","twitter_card":"summary_large_image","twitter_misc":{"Estimeret l\u00e6setid":"21 minutter"},"schema":{"@context":"https:\/\/schema.org","@graph":[{"@type":"WebPage","@id":"https:\/\/www.le34.dk\/da\/","url":"https:\/\/www.le34.dk\/da\/","name":"Landinspekt\u00f8r og landm\u00e5ler: LE34 er Danmarks st\u00f8rste","isPartOf":{"@id":"https:\/\/www.le34.dk\/da\/#website"},"datePublished":"2017-07-18T04:20:31+00:00","dateModified":"2026-04-21T13:22:50+00:00","description":"LE34 er Danmarks st\u00f8rste r\u00e5dgivende landinspekt\u00f8rfirma. Fra vores 30 kontorer i Norden viser vi dagligt vejen for fremtidens store projekter.","breadcrumb":{"@id":"https:\/\/www.le34.dk\/da\/#breadcrumb"},"inLanguage":"da-DK","potentialAction":[{"@type":"ReadAction","target":["https:\/\/www.le34.dk\/da\/"]}]},{"@type":"BreadcrumbList","@id":"https:\/\/www.le34.dk\/da\/#breadcrumb","itemListElement":[{"@type":"ListItem","position":1,"name":"Home","item":"https:\/\/www.le34.dk\/da\/"},{"@type":"ListItem","position":2,"name":"Forside"}]},{"@type":"WebSite","@id":"https:\/\/www.le34.dk\/da\/#website","url":"https:\/\/www.le34.dk\/da\/","name":"LE34","description":"","potentialAction":[{"@type":"SearchAction","target":{"@type":"EntryPoint","urlTemplate":"https:\/\/www.le34.dk\/da\/?s={search_term_string}"},"query-input":{"@type":"PropertyValueSpecification","valueRequired":true,"valueName":"search_term_string"}}],"inLanguage":"da-DK"}]}},"_links":{"self":[{"href":"https:\/\/www.le34.dk\/da\/wp-json\/wp\/v2\/pages\/1168","targetHints":{"allow":["GET"]}}],"collection":[{"href":"https:\/\/www.le34.dk\/da\/wp-json\/wp\/v2\/pages"}],"about":[{"href":"https:\/\/www.le34.dk\/da\/wp-json\/wp\/v2\/types\/page"}],"author":[{"embeddable":true,"href":"https:\/\/www.le34.dk\/da\/wp-json\/wp\/v2\/users\/28"}],"replies":[{"embeddable":true,"href":"https:\/\/www.le34.dk\/da\/wp-json\/wp\/v2\/comments?post=1168"}],"version-history":[{"count":31,"href":"https:\/\/www.le34.dk\/da\/wp-json\/wp\/v2\/pages\/1168\/revisions"}],"predecessor-version":[{"id":21278,"href":"https:\/\/www.le34.dk\/da\/wp-json\/wp\/v2\/pages\/1168\/revisions\/21278"}],"wp:attachment":[{"href":"https:\/\/www.le34.dk\/da\/wp-json\/wp\/v2\/media?parent=1168"}],"curies":[{"name":"wp","href":"https:\/\/api.w.org\/{rel}","templated":true}]}}