{"id":1091,"date":"2017-11-23T13:05:06","date_gmt":"2017-11-23T13:05:06","guid":{"rendered":"https:\/\/www.le34.dk\/vejfaglige-netvaerk\/"},"modified":"2026-04-22T07:10:36","modified_gmt":"2026-04-22T07:10:36","slug":"vejfaglige-netvaerk","status":"publish","type":"page","link":"https:\/\/www.le34.dk\/da\/vejfaglige-netvaerk\/","title":{"rendered":"Deltag i Vejfaglige Netv\u00e6rk"},"content":{"rendered":"<p>Hvad vil du v\u00e6re klogere p\u00e5?<br \/>\nDet er deltagerne, der bestemmer, hvilke temaer vi skal forholde os til. Du kan derfor komme til at spille en aktiv rolle, der vil give dig et stort fagligt udbytte. LE34\u2019s eksperter i vejjura driver netv\u00e6rkene og faciliterer m\u00f8derne. Vi tager altid udgangspunkt i de mest aktuelle emner og sp\u00e6ndende sager.<br \/>\nDer afholdes to \u00e5rlige netv\u00e6rksm\u00f8der af en dags varighed i to netv\u00e6rksgrupper. Det sker i for\u00e5ret og efter\u00e5ret centralt p\u00e5 Sj\u00e6lland og i Trekantsomr\u00e5det. Hvert af de to netv\u00e6rk best\u00e5r af ca. 30 deltagere.<br \/>\nFor\u00e5ret 2026<\/p>\n<p>14.04.2026: ERFA-m\u00f8de i Vejle<br \/>\n15.04.2026: ERFA-m\u00f8de i Roskilde<\/p>\n<p>Efter\u00e5ret 2026<\/p>\n<p>04.11.2026: ERFA-m\u00f8de i Roskilde<br \/>\n05.11.2026: ERFA-m\u00f8de i Vejle<\/p>\n<p>Deltagelse: 1.200 kr. ex. moms pr. person om \u00e5ret.<\/p>\n<p>Tilmeld dig Vejfaglige Netv\u00e6rk her<\/p>\n<p>F\u00e5 mere at vide<br \/>\nKontakt os<br \/>\nKontakt forretningschef for LE34 Milj\u00f8, Plan &#038; Jura, Gert M. Henningsen, hvis du er interesseret i at h\u00f8re mere.<br \/>\nGert M. Henningsen<br \/>\nForretningschef og partner<br \/>\n+45 3163 9260<br \/>\ngmh@le34.dk<br \/>\n\u00a0<\/p>\n<p>Send mail til Gert M. Henningsen<\/p>\n","protected":false},"excerpt":{"rendered":"<p>Hvad vil du v\u00e6re klogere p\u00e5? Det er deltagerne, der bestemmer, hvilke temaer vi skal forholde os til. Du kan derfor komme til at spille en aktiv rolle, der vil give dig et stort fagligt udbytte. LE34\u2019s eksperter i vejjura driver netv\u00e6rkene og faciliterer m\u00f8derne. Vi tager altid udgangspunkt i de mest aktuelle emner og [&hellip;]<\/p>\n","protected":false},"author":36,"featured_media":0,"parent":0,"menu_order":0,"comment_status":"closed","ping_status":"closed","template":"","meta":{"_acf_changed":false,"footnotes":""},"class_list":["post-1091","page","type-page","status-publish","hentry"],"acf":[],"yoast_head":"<!-- This site is optimized with the Yoast SEO plugin v27.4 - https:\/\/yoast.com\/product\/yoast-seo-wordpress\/ -->\n<title>LE34 etablerer Vejfaglige Netv\u00e6rk - for kommunale sagsbehandlere<\/title>\n<meta name=\"description\" content=\"LE34 vil gerne underst\u00f8tte vidensdelingen mellem landets kommuner, og vi har derfor taget initiativ til Vejfaglige Netv\u00e6rk for vejfaglige administrationer.\" \/>\n<meta name=\"robots\" content=\"index, follow, max-snippet:-1, max-image-preview:large, max-video-preview:-1\" \/>\n<link rel=\"canonical\" href=\"https:\/\/www.le34.dk\/da\/vejfaglige-netvaerk\/\" \/>\n<meta property=\"og:locale\" content=\"da_DK\" \/>\n<meta property=\"og:type\" content=\"article\" \/>\n<meta property=\"og:title\" content=\"LE34 etablerer Vejfaglige Netv\u00e6rk - for kommunale sagsbehandlere\" \/>\n<meta property=\"og:description\" content=\"LE34 vil gerne underst\u00f8tte vidensdelingen mellem landets kommuner, og vi har derfor taget initiativ til Vejfaglige Netv\u00e6rk for vejfaglige administrationer.\" \/>\n<meta property=\"og:url\" content=\"https:\/\/www.le34.dk\/da\/vejfaglige-netvaerk\/\" \/>\n<meta property=\"og:site_name\" content=\"LE34\" \/>\n<meta property=\"article:modified_time\" content=\"2026-04-22T07:10:36+00:00\" \/>\n<meta name=\"twitter:card\" content=\"summary_large_image\" \/>\n<meta name=\"twitter:label1\" content=\"Estimeret l\u00e6setid\" \/>\n\t<meta name=\"twitter:data1\" content=\"3 minutter\" \/>\n<script type=\"application\/ld+json\" class=\"yoast-schema-graph\">{\"@context\":\"https:\\\/\\\/schema.org\",\"@graph\":[{\"@type\":\"WebPage\",\"@id\":\"https:\\\/\\\/www.le34.dk\\\/da\\\/vejfaglige-netvaerk\\\/\",\"url\":\"https:\\\/\\\/www.le34.dk\\\/da\\\/vejfaglige-netvaerk\\\/\",\"name\":\"LE34 etablerer Vejfaglige Netv\u00e6rk - for kommunale sagsbehandlere\",\"isPartOf\":{\"@id\":\"https:\\\/\\\/www.le34.dk\\\/da\\\/#website\"},\"datePublished\":\"2017-11-23T13:05:06+00:00\",\"dateModified\":\"2026-04-22T07:10:36+00:00\",\"description\":\"LE34 vil gerne underst\u00f8tte vidensdelingen mellem landets kommuner, og vi har derfor taget initiativ til Vejfaglige Netv\u00e6rk for vejfaglige administrationer.\",\"breadcrumb\":{\"@id\":\"https:\\\/\\\/www.le34.dk\\\/da\\\/vejfaglige-netvaerk\\\/#breadcrumb\"},\"inLanguage\":\"da-DK\",\"potentialAction\":[{\"@type\":\"ReadAction\",\"target\":[\"https:\\\/\\\/www.le34.dk\\\/da\\\/vejfaglige-netvaerk\\\/\"]}]},{\"@type\":\"BreadcrumbList\",\"@id\":\"https:\\\/\\\/www.le34.dk\\\/da\\\/vejfaglige-netvaerk\\\/#breadcrumb\",\"itemListElement\":[{\"@type\":\"ListItem\",\"position\":1,\"name\":\"Home\",\"item\":\"https:\\\/\\\/www.le34.dk\\\/da\\\/\"},{\"@type\":\"ListItem\",\"position\":2,\"name\":\"Deltag i Vejfaglige Netv\u00e6rk\"}]},{\"@type\":\"WebSite\",\"@id\":\"https:\\\/\\\/www.le34.dk\\\/da\\\/#website\",\"url\":\"https:\\\/\\\/www.le34.dk\\\/da\\\/\",\"name\":\"LE34\",\"description\":\"\",\"potentialAction\":[{\"@type\":\"SearchAction\",\"target\":{\"@type\":\"EntryPoint\",\"urlTemplate\":\"https:\\\/\\\/www.le34.dk\\\/da\\\/?s={search_term_string}\"},\"query-input\":{\"@type\":\"PropertyValueSpecification\",\"valueRequired\":true,\"valueName\":\"search_term_string\"}}],\"inLanguage\":\"da-DK\"}]}<\/script>\n<!-- \/ Yoast SEO plugin. -->","yoast_head_json":{"title":"LE34 etablerer Vejfaglige Netv\u00e6rk - for kommunale sagsbehandlere","description":"LE34 vil gerne underst\u00f8tte vidensdelingen mellem landets kommuner, og vi har derfor taget initiativ til Vejfaglige Netv\u00e6rk for vejfaglige administrationer.","robots":{"index":"index","follow":"follow","max-snippet":"max-snippet:-1","max-image-preview":"max-image-preview:large","max-video-preview":"max-video-preview:-1"},"canonical":"https:\/\/www.le34.dk\/da\/vejfaglige-netvaerk\/","og_locale":"da_DK","og_type":"article","og_title":"LE34 etablerer Vejfaglige Netv\u00e6rk - for kommunale sagsbehandlere","og_description":"LE34 vil gerne underst\u00f8tte vidensdelingen mellem landets kommuner, og vi har derfor taget initiativ til Vejfaglige Netv\u00e6rk for vejfaglige administrationer.","og_url":"https:\/\/www.le34.dk\/da\/vejfaglige-netvaerk\/","og_site_name":"LE34","article_modified_time":"2026-04-22T07:10:36+00:00","twitter_card":"summary_large_image","twitter_misc":{"Estimeret l\u00e6setid":"3 minutter"},"schema":{"@context":"https:\/\/schema.org","@graph":[{"@type":"WebPage","@id":"https:\/\/www.le34.dk\/da\/vejfaglige-netvaerk\/","url":"https:\/\/www.le34.dk\/da\/vejfaglige-netvaerk\/","name":"LE34 etablerer Vejfaglige Netv\u00e6rk - for kommunale sagsbehandlere","isPartOf":{"@id":"https:\/\/www.le34.dk\/da\/#website"},"datePublished":"2017-11-23T13:05:06+00:00","dateModified":"2026-04-22T07:10:36+00:00","description":"LE34 vil gerne underst\u00f8tte vidensdelingen mellem landets kommuner, og vi har derfor taget initiativ til Vejfaglige Netv\u00e6rk for vejfaglige administrationer.","breadcrumb":{"@id":"https:\/\/www.le34.dk\/da\/vejfaglige-netvaerk\/#breadcrumb"},"inLanguage":"da-DK","potentialAction":[{"@type":"ReadAction","target":["https:\/\/www.le34.dk\/da\/vejfaglige-netvaerk\/"]}]},{"@type":"BreadcrumbList","@id":"https:\/\/www.le34.dk\/da\/vejfaglige-netvaerk\/#breadcrumb","itemListElement":[{"@type":"ListItem","position":1,"name":"Home","item":"https:\/\/www.le34.dk\/da\/"},{"@type":"ListItem","position":2,"name":"Deltag i Vejfaglige Netv\u00e6rk"}]},{"@type":"WebSite","@id":"https:\/\/www.le34.dk\/da\/#website","url":"https:\/\/www.le34.dk\/da\/","name":"LE34","description":"","potentialAction":[{"@type":"SearchAction","target":{"@type":"EntryPoint","urlTemplate":"https:\/\/www.le34.dk\/da\/?s={search_term_string}"},"query-input":{"@type":"PropertyValueSpecification","valueRequired":true,"valueName":"search_term_string"}}],"inLanguage":"da-DK"}]}},"_links":{"self":[{"href":"https:\/\/www.le34.dk\/da\/wp-json\/wp\/v2\/pages\/1091","targetHints":{"allow":["GET"]}}],"collection":[{"href":"https:\/\/www.le34.dk\/da\/wp-json\/wp\/v2\/pages"}],"about":[{"href":"https:\/\/www.le34.dk\/da\/wp-json\/wp\/v2\/types\/page"}],"author":[{"embeddable":true,"href":"https:\/\/www.le34.dk\/da\/wp-json\/wp\/v2\/users\/36"}],"replies":[{"embeddable":true,"href":"https:\/\/www.le34.dk\/da\/wp-json\/wp\/v2\/comments?post=1091"}],"version-history":[{"count":11,"href":"https:\/\/www.le34.dk\/da\/wp-json\/wp\/v2\/pages\/1091\/revisions"}],"predecessor-version":[{"id":21288,"href":"https:\/\/www.le34.dk\/da\/wp-json\/wp\/v2\/pages\/1091\/revisions\/21288"}],"wp:attachment":[{"href":"https:\/\/www.le34.dk\/da\/wp-json\/wp\/v2\/media?parent=1091"}],"curies":[{"name":"wp","href":"https:\/\/api.w.org\/{rel}","templated":true}]}}